{"id":425,"date":"2023-03-06T22:20:14","date_gmt":"2023-03-06T22:20:14","guid":{"rendered":"https:\/\/www.metron-ks.com\/product\/kabllo-hama-vga-vga-1-50-m-e-zeze\/"},"modified":"2025-02-06T14:17:45","modified_gmt":"2025-02-06T14:17:45","slug":"kabllo-hama-vga-vga-1-50-m-e-zeze","status":"publish","type":"product","link":"https:\/\/www.metron-ks.com\/?product=kabllo-hama-vga-vga-1-50-m-e-zeze","title":{"rendered":"Kabllo Hama VGA-VGA, 1.50 m, e zez\u00eb"},"content":{"rendered":"<p>P\u00ebr lidhjen e nj\u00eb kompjuteri, laptopi me nj\u00eb monitor, televizor ose projektor, p\u00ebr transmetimin e t\u00eb dh\u00ebnave video dhe sinjaleve analoge.<br \/>\nPriz\u00eb 15 kunjash, 15 polesh, DB-15, DE-15 ose HD-15.<\/p>\n<p>P\u00ebr cil\u00ebsi t\u00eb plot\u00eb HD me rezolucion t\u00eb lart\u00eb deri n\u00eb 1920 x 1080 (1080p) piksel.<br \/>\nImpedanc\u00eb 75 ohm p\u00ebr cil\u00ebsi ideale t\u00eb transmetimit.<br \/>\nMbrojtje e dyfisht\u00eb, p\u00ebr mbrojtje m\u00eb t\u00eb mir\u00eb t\u00eb sinjalit kund\u00ebr nd\u00ebrhyrjeve elektromagnetike.<br \/>\nMaterialet e buta sigurojn\u00eb mbrojtje optimale nga kthesat dhe parandalojn\u00eb thyerjen e kabllit.<br \/>\nMaterialet dhe punimi i cil\u00ebsis\u00eb s\u00eb lart\u00eb sigurojn\u00eb cil\u00ebsi t\u00eb shk\u00eblqyer t\u00eb transferimit.<\/p>\n<p>Gjat\u00ebsija e kabllos: 1.50m.<\/p>\n","protected":false},"excerpt":{"rendered":"<p>Kabllo Hama VGA-VGA, 1.50 m, e zez\u00eb 200707<\/p>\n","protected":false},"featured_media":3472,"comment_status":"closed","ping_status":"closed","template":"","meta":[],"product_brand":[],"product_cat":[118,176,141],"product_tag":[],"class_list":{"0":"post-425","1":"product","2":"type-product","3":"status-publish","4":"has-post-thumbnail","6":"product_cat-aksesore","7":"product_cat-kabllo-pclaptop","8":"product_cat-pclaptop","10":"first","11":"instock","12":"shipping-taxable","13":"purchasable","14":"product-type-simple"},"_links":{"self":[{"href":"https:\/\/www.metron-ks.com\/index.php?rest_route=\/wp\/v2\/product\/425","targetHints":{"allow":["GET"]}}],"collection":[{"href":"https:\/\/www.metron-ks.com\/index.php?rest_route=\/wp\/v2\/product"}],"about":[{"href":"https:\/\/www.metron-ks.com\/index.php?rest_route=\/wp\/v2\/types\/product"}],"replies":[{"embeddable":true,"href":"https:\/\/www.metron-ks.com\/index.php?rest_route=%2Fwp%2Fv2%2Fcomments&post=425"}],"wp:featuredmedia":[{"embeddable":true,"href":"https:\/\/www.metron-ks.com\/index.php?rest_route=\/wp\/v2\/media\/3472"}],"wp:attachment":[{"href":"https:\/\/www.metron-ks.com\/index.php?rest_route=%2Fwp%2Fv2%2Fmedia&parent=425"}],"wp:term":[{"taxonomy":"product_brand","embeddable":true,"href":"https:\/\/www.metron-ks.com\/index.php?rest_route=%2Fwp%2Fv2%2Fproduct_brand&post=425"},{"taxonomy":"product_cat","embeddable":true,"href":"https:\/\/www.metron-ks.com\/index.php?rest_route=%2Fwp%2Fv2%2Fproduct_cat&post=425"},{"taxonomy":"product_tag","embeddable":true,"href":"https:\/\/www.metron-ks.com\/index.php?rest_route=%2Fwp%2Fv2%2Fproduct_tag&post=425"}],"curies":[{"name":"wp","href":"https:\/\/api.w.org\/{rel}","templated":true}]}}