{"id":437,"date":"2023-03-06T22:20:18","date_gmt":"2023-03-06T22:20:18","guid":{"rendered":"https:\/\/www.metron-ks.com\/product\/kabllo-hdmi-sbox-1-4v-90-m-m\/"},"modified":"2025-09-16T14:27:10","modified_gmt":"2025-09-16T14:27:10","slug":"kabllo-hdmi-sbox-1-4v-90-m-m","status":"publish","type":"product","link":"https:\/\/www.metron-ks.com\/?product=kabllo-hdmi-sbox-1-4v-90-m-m","title":{"rendered":"Kabllo HDMI SBOX 1.4v 90\u00b0 M\/M"},"content":{"rendered":"<p>Kjo kabllo lidh\u00ebse nga Sbox sh\u00ebrben p\u00ebr lidhjen e dy pajisjeve audio\/video, si p.sh. nj\u00eb televizori dhe nj\u00eb kompjuteri t\u00eb cil\u00ebt p\u00ebrdorin interface-in modern HDMI. Kjo kabllo HDMI High Speed me Ethernet sh\u00ebrben p\u00ebr transferimin e pamjeve dhe z\u00ebrit. Kablloja p\u00ebrkrah standardin 4K, si dhe ka shpejt\u00ebsi t\u00eb transferimit deri n\u00eb 10.2Gbps. Nj\u00ebri nga lidh\u00ebsit \u00ebsht\u00eb i lakuar n\u00eb 90\u00b0, duke mund\u00ebsuar k\u00ebshtu lidhjen edhe me vende t\u00eb v\u00ebshtira p\u00ebr t&#8217;u arritur, si p.sh. me lidh\u00ebsit prapa televizorit.<\/p>\n<p>Materiale me past\u00ebrti shum\u00eb t\u00eb lart\u00eb<br \/>\nDiametri i jasht\u00ebm i kabllit 6 mm<br \/>\nLidh\u00ebset: 24K t\u00eb veshura me ar<br \/>\nNd\u00ebrhyrja minimale<br \/>\nRezolucioni maksimal: 4K x 2K (2160p)<br \/>\nFramerate: 30 FPS<br \/>\nEthernet: Po<br \/>\nGjer\u00ebsia maksimale e band\u00ebs: 10,2 Gbps<br \/>\nARC: Po<br \/>\nECE: Po<\/p>\n","protected":false},"excerpt":{"rendered":"<p>Kabllo HDMI SBOX 1.4v 90\u00b0 M\/M<\/p>\n","protected":false},"featured_media":3457,"comment_status":"closed","ping_status":"closed","template":"","meta":[],"product_brand":[],"product_cat":[17,138],"product_tag":[],"class_list":{"0":"post-437","1":"product","2":"type-product","3":"status-publish","4":"has-post-thumbnail","6":"product_cat-kabllo","7":"product_cat-tv","9":"first","10":"instock","11":"shipping-taxable","12":"purchasable","13":"product-type-simple"},"_links":{"self":[{"href":"https:\/\/www.metron-ks.com\/index.php?rest_route=\/wp\/v2\/product\/437","targetHints":{"allow":["GET"]}}],"collection":[{"href":"https:\/\/www.metron-ks.com\/index.php?rest_route=\/wp\/v2\/product"}],"about":[{"href":"https:\/\/www.metron-ks.com\/index.php?rest_route=\/wp\/v2\/types\/product"}],"replies":[{"embeddable":true,"href":"https:\/\/www.metron-ks.com\/index.php?rest_route=%2Fwp%2Fv2%2Fcomments&post=437"}],"wp:featuredmedia":[{"embeddable":true,"href":"https:\/\/www.metron-ks.com\/index.php?rest_route=\/wp\/v2\/media\/3457"}],"wp:attachment":[{"href":"https:\/\/www.metron-ks.com\/index.php?rest_route=%2Fwp%2Fv2%2Fmedia&parent=437"}],"wp:term":[{"taxonomy":"product_brand","embeddable":true,"href":"https:\/\/www.metron-ks.com\/index.php?rest_route=%2Fwp%2Fv2%2Fproduct_brand&post=437"},{"taxonomy":"product_cat","embeddable":true,"href":"https:\/\/www.metron-ks.com\/index.php?rest_route=%2Fwp%2Fv2%2Fproduct_cat&post=437"},{"taxonomy":"product_tag","embeddable":true,"href":"https:\/\/www.metron-ks.com\/index.php?rest_route=%2Fwp%2Fv2%2Fproduct_tag&post=437"}],"curies":[{"name":"wp","href":"https:\/\/api.w.org\/{rel}","templated":true}]}}