{"id":4404,"date":"2023-04-19T08:25:52","date_gmt":"2023-04-19T08:25:52","guid":{"rendered":"https:\/\/www.metron-ks.com\/?post_type=product&#038;p=4404"},"modified":"2024-12-27T14:58:01","modified_gmt":"2024-12-27T14:58:01","slug":"kufje-swissten-rainbow-ys-d2-te-zeza","status":"publish","type":"product","link":"https:\/\/www.metron-ks.com\/?product=kufje-swissten-rainbow-ys-d2-te-zeza","title":{"rendered":"Kufje Swissten Rainbow YS-D2, t\u00eb zeza"},"content":{"rendered":"<p>Kufjet Swissten YS-D2 nga linja RAINBOW karakterizohen nga kombinimi i cil\u00ebsis\u00eb s\u00eb lart\u00eb dhe \u00e7mimit t\u00eb arsyesh\u00ebm. K\u00ebto kufje kan\u00eb konektor 3.5 mm, mikrofon t\u00eb integruar dhe buton shum\u00ebfunksional.<\/p>\n","protected":false},"excerpt":{"rendered":"<p>51106000<\/p>\n","protected":false},"featured_media":4407,"comment_status":"open","ping_status":"closed","template":"","meta":[],"product_brand":[],"product_cat":[118,113,168],"product_tag":[],"class_list":{"0":"post-4404","1":"product","2":"type-product","3":"status-publish","4":"has-post-thumbnail","6":"product_cat-aksesore","7":"product_cat-celulartabletnavigim","8":"product_cat-kufje-celulartabletnavigim","10":"first","11":"instock","12":"shipping-taxable","13":"purchasable","14":"product-type-simple"},"_links":{"self":[{"href":"https:\/\/www.metron-ks.com\/index.php?rest_route=\/wp\/v2\/product\/4404","targetHints":{"allow":["GET"]}}],"collection":[{"href":"https:\/\/www.metron-ks.com\/index.php?rest_route=\/wp\/v2\/product"}],"about":[{"href":"https:\/\/www.metron-ks.com\/index.php?rest_route=\/wp\/v2\/types\/product"}],"replies":[{"embeddable":true,"href":"https:\/\/www.metron-ks.com\/index.php?rest_route=%2Fwp%2Fv2%2Fcomments&post=4404"}],"wp:featuredmedia":[{"embeddable":true,"href":"https:\/\/www.metron-ks.com\/index.php?rest_route=\/wp\/v2\/media\/4407"}],"wp:attachment":[{"href":"https:\/\/www.metron-ks.com\/index.php?rest_route=%2Fwp%2Fv2%2Fmedia&parent=4404"}],"wp:term":[{"taxonomy":"product_brand","embeddable":true,"href":"https:\/\/www.metron-ks.com\/index.php?rest_route=%2Fwp%2Fv2%2Fproduct_brand&post=4404"},{"taxonomy":"product_cat","embeddable":true,"href":"https:\/\/www.metron-ks.com\/index.php?rest_route=%2Fwp%2Fv2%2Fproduct_cat&post=4404"},{"taxonomy":"product_tag","embeddable":true,"href":"https:\/\/www.metron-ks.com\/index.php?rest_route=%2Fwp%2Fv2%2Fproduct_tag&post=4404"}],"curies":[{"name":"wp","href":"https:\/\/api.w.org\/{rel}","templated":true}]}}