{"id":441,"date":"2023-03-06T22:20:20","date_gmt":"2023-03-06T22:20:20","guid":{"rendered":"https:\/\/www.metron-ks.com\/product\/kabllo-hdmi-hdmi-sbox-10m-e-zeze\/"},"modified":"2025-03-24T14:19:11","modified_gmt":"2025-03-24T14:19:11","slug":"kabllo-hdmi-hdmi-sbox-10m-e-zeze","status":"publish","type":"product","link":"https:\/\/www.metron-ks.com\/?product=kabllo-hdmi-hdmi-sbox-10m-e-zeze","title":{"rendered":"Kabllo HDMI-HDMI SBOX 10m, e zez\u00eb"},"content":{"rendered":"<p><span style=\"color: #1c1c1c; font-family: Roboto, sans-serif; font-size: 13px; letter-spacing: -0.2px;\">Kablloja<\/span><span style=\"color: #1c1c1c; font-family: Roboto, sans-serif; font-size: 13px; letter-spacing: -0.2px;\">\u00a0sh\u00ebrben p\u00ebr shfaqjen e imazheve me kualitet Full HD dhe 4K, k<\/span><span style=\"color: #1c1c1c; font-family: Roboto, sans-serif; font-size: 13px; letter-spacing: -0.2px;\">jo kabllo \u00ebsht\u00eb e mb\u00ebshtjellur me material tri shtresor\u00ebsh dhe dy konektor HDMI 2.0 t\u00eb lar\u00eb n\u00eb ari 24K. Gjat\u00ebsia e k\u00ebsaj kabllo \u00ebsht\u00eb 10<\/span><span style=\"color: #1c1c1c; font-family: Roboto, sans-serif; font-size: 13px; letter-spacing: -0.2px;\">\u00a0metra.<\/span><\/p>\n","protected":false},"excerpt":{"rendered":"<p>Kabllo HDMI-HDMI, SBOX 10m,e zez\u00eb<\/p>\n","protected":false},"featured_media":3454,"comment_status":"closed","ping_status":"closed","template":"","meta":[],"product_brand":[],"product_cat":[17,138],"product_tag":[],"class_list":{"0":"post-441","1":"product","2":"type-product","3":"status-publish","4":"has-post-thumbnail","6":"product_cat-kabllo","7":"product_cat-tv","9":"first","10":"instock","11":"shipping-taxable","12":"purchasable","13":"product-type-simple"},"_links":{"self":[{"href":"https:\/\/www.metron-ks.com\/index.php?rest_route=\/wp\/v2\/product\/441","targetHints":{"allow":["GET"]}}],"collection":[{"href":"https:\/\/www.metron-ks.com\/index.php?rest_route=\/wp\/v2\/product"}],"about":[{"href":"https:\/\/www.metron-ks.com\/index.php?rest_route=\/wp\/v2\/types\/product"}],"replies":[{"embeddable":true,"href":"https:\/\/www.metron-ks.com\/index.php?rest_route=%2Fwp%2Fv2%2Fcomments&post=441"}],"wp:featuredmedia":[{"embeddable":true,"href":"https:\/\/www.metron-ks.com\/index.php?rest_route=\/wp\/v2\/media\/3454"}],"wp:attachment":[{"href":"https:\/\/www.metron-ks.com\/index.php?rest_route=%2Fwp%2Fv2%2Fmedia&parent=441"}],"wp:term":[{"taxonomy":"product_brand","embeddable":true,"href":"https:\/\/www.metron-ks.com\/index.php?rest_route=%2Fwp%2Fv2%2Fproduct_brand&post=441"},{"taxonomy":"product_cat","embeddable":true,"href":"https:\/\/www.metron-ks.com\/index.php?rest_route=%2Fwp%2Fv2%2Fproduct_cat&post=441"},{"taxonomy":"product_tag","embeddable":true,"href":"https:\/\/www.metron-ks.com\/index.php?rest_route=%2Fwp%2Fv2%2Fproduct_tag&post=441"}],"curies":[{"name":"wp","href":"https:\/\/api.w.org\/{rel}","templated":true}]}}