{"id":4423,"date":"2023-04-19T08:44:57","date_gmt":"2023-04-19T08:44:57","guid":{"rendered":"https:\/\/www.metron-ks.com\/?post_type=product&#038;p=4423"},"modified":"2024-12-27T14:55:59","modified_gmt":"2024-12-27T14:55:59","slug":"kabllo-swissten-microusb-15m-e-bardhe-65-mm","status":"publish","type":"product","link":"https:\/\/www.metron-ks.com\/?product=kabllo-swissten-microusb-15m-e-bardhe-65-mm","title":{"rendered":"Kabllo Swissten MicroUsB, 1,5m ,e bardh\u00eb, 6,5 mm"},"content":{"rendered":"<p>Kabllo 1,5 m,USB \/ micro USB. Lidh\u00ebsi \u00ebsht\u00eb i gjat\u00eb 6,5 mm.<\/p>\n","protected":false},"excerpt":{"rendered":"<p>71504300<\/p>\n","protected":false},"featured_media":4425,"comment_status":"open","ping_status":"closed","template":"","meta":[],"product_brand":[],"product_cat":[118,113,168],"product_tag":[],"class_list":{"0":"post-4423","1":"product","2":"type-product","3":"status-publish","4":"has-post-thumbnail","6":"product_cat-aksesore","7":"product_cat-celulartabletnavigim","8":"product_cat-kufje-celulartabletnavigim","10":"first","11":"instock","12":"shipping-taxable","13":"purchasable","14":"product-type-simple"},"_links":{"self":[{"href":"https:\/\/www.metron-ks.com\/index.php?rest_route=\/wp\/v2\/product\/4423","targetHints":{"allow":["GET"]}}],"collection":[{"href":"https:\/\/www.metron-ks.com\/index.php?rest_route=\/wp\/v2\/product"}],"about":[{"href":"https:\/\/www.metron-ks.com\/index.php?rest_route=\/wp\/v2\/types\/product"}],"replies":[{"embeddable":true,"href":"https:\/\/www.metron-ks.com\/index.php?rest_route=%2Fwp%2Fv2%2Fcomments&post=4423"}],"wp:featuredmedia":[{"embeddable":true,"href":"https:\/\/www.metron-ks.com\/index.php?rest_route=\/wp\/v2\/media\/4425"}],"wp:attachment":[{"href":"https:\/\/www.metron-ks.com\/index.php?rest_route=%2Fwp%2Fv2%2Fmedia&parent=4423"}],"wp:term":[{"taxonomy":"product_brand","embeddable":true,"href":"https:\/\/www.metron-ks.com\/index.php?rest_route=%2Fwp%2Fv2%2Fproduct_brand&post=4423"},{"taxonomy":"product_cat","embeddable":true,"href":"https:\/\/www.metron-ks.com\/index.php?rest_route=%2Fwp%2Fv2%2Fproduct_cat&post=4423"},{"taxonomy":"product_tag","embeddable":true,"href":"https:\/\/www.metron-ks.com\/index.php?rest_route=%2Fwp%2Fv2%2Fproduct_tag&post=4423"}],"curies":[{"name":"wp","href":"https:\/\/api.w.org\/{rel}","templated":true}]}}