{"id":449,"date":"2023-03-06T22:20:34","date_gmt":"2023-03-06T22:20:34","guid":{"rendered":"https:\/\/www.metron-ks.com\/product\/kabllo-manhattan-306119-hdmi-18m-e-zeze\/"},"modified":"2025-01-22T15:34:04","modified_gmt":"2025-01-22T15:34:04","slug":"kabllo-manhattan-306119-hdmi-18m-e-zeze","status":"publish","type":"product","link":"https:\/\/www.metron-ks.com\/?product=kabllo-manhattan-306119-hdmi-18m-e-zeze","title":{"rendered":"Kabllo Manhattan 306119, Hdmi, 1,8m, e zez\u00eb"},"content":{"rendered":"<p>Kabllot me shpejt\u00ebsi t\u00eb lart\u00eb japin high-definition performanc\u00eb<br \/>\nHDMI \u00ebsht\u00eb b\u00ebr\u00eb lidhja standarde dixhitale, duke dh\u00ebn\u00eb sinjalin audio dhe video me cil\u00ebsin\u00eb m\u00eb t\u00eb lart\u00eb p\u00ebrmes nj\u00eb kabllo t\u00eb vet\u00ebm. Kabllot HDMI me shpejt\u00ebsi t\u00eb lart\u00eb Manhattan jan\u00eb krijuar dhe nd\u00ebrtuar me kujdes p\u00ebr t\u00eb p\u00ebrmbushur nevojat n\u00eb zhvillim t\u00eb tregut me definicion t\u00eb lart\u00eb. Kabllot e Mbrojtura me Shpejt\u00ebsi t\u00eb Lart\u00eb HDMI Manhattan sigurojn\u00eb rezolucion 1080p dhe nj\u00eb gjer\u00ebsi bandwidth prej 10.2 Gigabit p\u00ebr sekond\u00eb n\u00eb 340 MHz. K\u00ebto kabllo me cil\u00ebsi t\u00eb lart\u00eb sigurojn\u00eb video dhe shum\u00eb kanale, audio dixhitale me definicion t\u00eb lart\u00eb, me karakteristika t\u00eb rritura t\u00eb performanc\u00ebs, sakt\u00ebsi m\u00eb t\u00eb madhe dhe ve\u00e7ori t\u00eb zgjeruara.<\/p>\n<p>Rezolucioni 4K @ 30Hz mb\u00ebshtet rezolucionin e videos p\u00ebrtej 1080p; rezolucion deri n\u00eb 1080p n\u00eb 3D dhe Ngjyra t\u00eb Thella<br \/>\nI pajtuesh\u00ebm me \u00e7do pajisje HDMI, t\u00eb tilla si Blu-ray, konsola loj\u00ebrash, stereo dhe PC<br \/>\nN\u00eb p\u00ebrputhje me specifikimet me shpejt\u00ebsi t\u00eb lart\u00eb HDMI<br \/>\nDeri n\u00eb 10.2 Gbps n\u00eb\u00a0340 MHz bandwidth<br \/>\nMbrojtur plot\u00ebsisht p\u00ebr t\u00eb zvog\u00ebluar EMI dhe burime t\u00eb tjera t\u00eb nd\u00ebrhyrjeve<\/p>\n","protected":false},"excerpt":{"rendered":"<p>Kabllo Hdmi 4K,3D, Manhattan 306119, 1,8m, e zez\u00eb<\/p>\n","protected":false},"featured_media":3445,"comment_status":"closed","ping_status":"closed","template":"","meta":[],"product_brand":[],"product_cat":[17,138],"product_tag":[],"class_list":{"0":"post-449","1":"product","2":"type-product","3":"status-publish","4":"has-post-thumbnail","6":"product_cat-kabllo","7":"product_cat-tv","9":"first","10":"instock","11":"shipping-taxable","12":"purchasable","13":"product-type-simple"},"_links":{"self":[{"href":"https:\/\/www.metron-ks.com\/index.php?rest_route=\/wp\/v2\/product\/449","targetHints":{"allow":["GET"]}}],"collection":[{"href":"https:\/\/www.metron-ks.com\/index.php?rest_route=\/wp\/v2\/product"}],"about":[{"href":"https:\/\/www.metron-ks.com\/index.php?rest_route=\/wp\/v2\/types\/product"}],"replies":[{"embeddable":true,"href":"https:\/\/www.metron-ks.com\/index.php?rest_route=%2Fwp%2Fv2%2Fcomments&post=449"}],"wp:featuredmedia":[{"embeddable":true,"href":"https:\/\/www.metron-ks.com\/index.php?rest_route=\/wp\/v2\/media\/3445"}],"wp:attachment":[{"href":"https:\/\/www.metron-ks.com\/index.php?rest_route=%2Fwp%2Fv2%2Fmedia&parent=449"}],"wp:term":[{"taxonomy":"product_brand","embeddable":true,"href":"https:\/\/www.metron-ks.com\/index.php?rest_route=%2Fwp%2Fv2%2Fproduct_brand&post=449"},{"taxonomy":"product_cat","embeddable":true,"href":"https:\/\/www.metron-ks.com\/index.php?rest_route=%2Fwp%2Fv2%2Fproduct_cat&post=449"},{"taxonomy":"product_tag","embeddable":true,"href":"https:\/\/www.metron-ks.com\/index.php?rest_route=%2Fwp%2Fv2%2Fproduct_tag&post=449"}],"curies":[{"name":"wp","href":"https:\/\/api.w.org\/{rel}","templated":true}]}}