{"id":4496,"date":"2023-04-19T10:33:21","date_gmt":"2023-04-19T10:33:21","guid":{"rendered":"https:\/\/www.metron-ks.com\/?post_type=product&#038;p=4496"},"modified":"2024-12-27T13:34:02","modified_gmt":"2024-12-27T13:34:02","slug":"power-bank-swissten-5000mah-e-zeze","status":"publish","type":"product","link":"https:\/\/www.metron-ks.com\/?product=power-bank-swissten-5000mah-e-zeze","title":{"rendered":"Power Bank Swissten 5000mAh, e zez\u00eb"},"content":{"rendered":"<p>Power Bank SWISSTEN me kapacitet 5000 mAh, karikim t\u00eb shpejt\u00eb PD + QC dhe karikim me val\u00eb me fuqi deri n\u00eb 15 W (i p\u00ebrputhsh\u00ebm me MagSafe).<\/p>\n<p>MagSafe<br \/>\nKarikimi pa tela me power bank me MagSafe \u00ebsht\u00eb shum\u00eb i thjesht\u00eb. Magnet\u00ebt e vendosur n\u00eb m\u00ebnyr\u00eb perfekte i bashkohen modeleve iPhone 12,12PRO, 12 PRO MAX, 13, 13PRO MAX dhe m\u00eb t\u00eb rejat, duke minimizuar k\u00ebshtu humbjet e karikimit. Telefonat inteligjent\u00eb mund t\u00eb karikohen me val\u00eb me nj\u00eb fuqi deri n\u00eb 15 W. Powerbank me MagSafe ruan p\u00ebrputhshm\u00ebrin\u00eb me karikimin Qi, k\u00ebshtu q\u00eb mund t\u00eb p\u00ebrdoret p\u00ebr karikimin me val\u00eb t\u00eb iPhone 8 dhe modeleve m\u00eb t\u00eb reja, si dhe AirPods me kas\u00eb.<\/p>\n<p>Karikimi i shpejt\u00eb<br \/>\nPowerbank-u ka formate p\u00ebr karikim t\u00eb shpejt\u00eb PowerDelivery me fuqi 20W dhe Qualcomm me fuqi 18W.<\/p>\n<p>Dy opsione p\u00ebr rimbushjen e Powerbank-ut.<br \/>\nPowerBank-u \u00ebsht\u00eb i pajisur me dy hyrje.Hyrja Lightnig mund t\u00eb karikohet 5V \/ 2A (10W) dhe lidh\u00ebsi USB-C 5V \/ 3A (15W), 9V \/ 2A (18W), 12V \/ 1,5A (18W).<\/p>\n<p>Hyrja e rrufes\u00eb 5V \/ 2A<br \/>\nHyrja USB-C: PD 5V \/ 3A, 9V \/ 2A, 12V \/ 1,5A<br \/>\nDalja USB-C: PD + QC 3.0 5V \/ 3A, 9V2.22A, 12V \/ 1,66A<br \/>\nFuqia PD: 20 W<br \/>\nFuqia QC: 18 W<br \/>\nFuqia e karikimit me val\u00eb: 5W, 7.5W, 10W, 15W<br \/>\nBateria: Li-polimer<br \/>\nKapaciteti: 5000 mAh<br \/>\nFuqia totale: 20 W<br \/>\nMadh\u00ebsia: 110x69x12 mm<br \/>\nPesha: 120g<br \/>\nKabllo: USB \/ USB-C 20 cm<\/p>\n","protected":false},"excerpt":{"rendered":"<p>22013970<\/p>\n","protected":false},"featured_media":4499,"comment_status":"open","ping_status":"closed","template":"","meta":[],"product_brand":[],"product_cat":[118,113,153],"product_tag":[],"class_list":{"0":"post-4496","1":"product","2":"type-product","3":"status-publish","4":"has-post-thumbnail","6":"product_cat-aksesore","7":"product_cat-celulartabletnavigim","8":"product_cat-power-bank","10":"first","11":"instock","12":"shipping-taxable","13":"purchasable","14":"product-type-simple"},"_links":{"self":[{"href":"https:\/\/www.metron-ks.com\/index.php?rest_route=\/wp\/v2\/product\/4496","targetHints":{"allow":["GET"]}}],"collection":[{"href":"https:\/\/www.metron-ks.com\/index.php?rest_route=\/wp\/v2\/product"}],"about":[{"href":"https:\/\/www.metron-ks.com\/index.php?rest_route=\/wp\/v2\/types\/product"}],"replies":[{"embeddable":true,"href":"https:\/\/www.metron-ks.com\/index.php?rest_route=%2Fwp%2Fv2%2Fcomments&post=4496"}],"wp:featuredmedia":[{"embeddable":true,"href":"https:\/\/www.metron-ks.com\/index.php?rest_route=\/wp\/v2\/media\/4499"}],"wp:attachment":[{"href":"https:\/\/www.metron-ks.com\/index.php?rest_route=%2Fwp%2Fv2%2Fmedia&parent=4496"}],"wp:term":[{"taxonomy":"product_brand","embeddable":true,"href":"https:\/\/www.metron-ks.com\/index.php?rest_route=%2Fwp%2Fv2%2Fproduct_brand&post=4496"},{"taxonomy":"product_cat","embeddable":true,"href":"https:\/\/www.metron-ks.com\/index.php?rest_route=%2Fwp%2Fv2%2Fproduct_cat&post=4496"},{"taxonomy":"product_tag","embeddable":true,"href":"https:\/\/www.metron-ks.com\/index.php?rest_route=%2Fwp%2Fv2%2Fproduct_tag&post=4496"}],"curies":[{"name":"wp","href":"https:\/\/api.w.org\/{rel}","templated":true}]}}