{"id":451,"date":"2023-03-06T22:20:35","date_gmt":"2023-03-06T22:20:35","guid":{"rendered":"https:\/\/www.metron-ks.com\/product\/kabllo-manhattan-306133-hdmi-5m-e-zeze\/"},"modified":"2025-01-22T15:30:52","modified_gmt":"2025-01-22T15:30:52","slug":"kabllo-manhattan-306133-hdmi-5m-e-zeze","status":"publish","type":"product","link":"https:\/\/www.metron-ks.com\/?product=kabllo-manhattan-306133-hdmi-5m-e-zeze","title":{"rendered":"Kabllo Manhattan 306133, HDMI, 5m, e zez\u00eb"},"content":{"rendered":"<p>Rezolucioni 4K @ 30Hz mb\u00ebshtet rezolucionin e videos p\u00ebrtej 1080p,\u00a0deri n\u00eb rezolucion 1080p n\u00eb 3D\u00a0me ngjyra t\u00eb thella.<br \/>\nKombinohet me \u00e7do pajisje HDMI, si\u00e7 jan\u00eb: Blu-ray, konzolat e loj\u00ebrave, stereot dhe PC-t\u00eb.<br \/>\nN\u00eb p\u00ebrputhje me specifikimet e HDMI me shpejt\u00ebsi t\u00eb lart\u00eb.<br \/>\nDeri n\u00eb 10.2 Gbps n\u00eb 340 MHz bandwidth.<br \/>\nMbrojtje t\u00eb\u00a0dyfisht p\u00ebr t\u00eb zvog\u00ebluar EMI dhe burime t\u00eb tjera t\u00eb nd\u00ebrhyrjes.<\/p>\n","protected":false},"excerpt":{"rendered":"<p>Kabllo Manhattan 306133, Hdmi, 5m, e zez\u00eb<\/p>\n","protected":false},"featured_media":3439,"comment_status":"closed","ping_status":"closed","template":"","meta":[],"product_brand":[],"product_cat":[17,138],"product_tag":[],"class_list":{"0":"post-451","1":"product","2":"type-product","3":"status-publish","4":"has-post-thumbnail","6":"product_cat-kabllo","7":"product_cat-tv","9":"first","10":"instock","11":"shipping-taxable","12":"purchasable","13":"product-type-simple"},"_links":{"self":[{"href":"https:\/\/www.metron-ks.com\/index.php?rest_route=\/wp\/v2\/product\/451","targetHints":{"allow":["GET"]}}],"collection":[{"href":"https:\/\/www.metron-ks.com\/index.php?rest_route=\/wp\/v2\/product"}],"about":[{"href":"https:\/\/www.metron-ks.com\/index.php?rest_route=\/wp\/v2\/types\/product"}],"replies":[{"embeddable":true,"href":"https:\/\/www.metron-ks.com\/index.php?rest_route=%2Fwp%2Fv2%2Fcomments&post=451"}],"wp:featuredmedia":[{"embeddable":true,"href":"https:\/\/www.metron-ks.com\/index.php?rest_route=\/wp\/v2\/media\/3439"}],"wp:attachment":[{"href":"https:\/\/www.metron-ks.com\/index.php?rest_route=%2Fwp%2Fv2%2Fmedia&parent=451"}],"wp:term":[{"taxonomy":"product_brand","embeddable":true,"href":"https:\/\/www.metron-ks.com\/index.php?rest_route=%2Fwp%2Fv2%2Fproduct_brand&post=451"},{"taxonomy":"product_cat","embeddable":true,"href":"https:\/\/www.metron-ks.com\/index.php?rest_route=%2Fwp%2Fv2%2Fproduct_cat&post=451"},{"taxonomy":"product_tag","embeddable":true,"href":"https:\/\/www.metron-ks.com\/index.php?rest_route=%2Fwp%2Fv2%2Fproduct_tag&post=451"}],"curies":[{"name":"wp","href":"https:\/\/api.w.org\/{rel}","templated":true}]}}