{"id":4566,"date":"2023-04-20T09:40:51","date_gmt":"2023-04-20T09:40:51","guid":{"rendered":"https:\/\/www.metron-ks.com\/?post_type=product&#038;p=4566"},"modified":"2024-12-27T13:19:47","modified_gmt":"2024-12-27T13:19:47","slug":"rrip-silikoni-swissten-per-apple-watch-38-40mm-roze","status":"publish","type":"product","link":"https:\/\/www.metron-ks.com\/?product=rrip-silikoni-swissten-per-apple-watch-38-40mm-roze","title":{"rendered":"Rrip silikoni Swissten p\u00ebr Apple Watch 38-40mm, roz\u00eb"},"content":{"rendered":"<p>Rripi prej silikoni SWISSTEN thekson maksimalisht dizajnin e or\u00ebs suaj inteligjente. Silikoni nga i cili \u00ebsht\u00eb b\u00ebr\u00eb rripi \u00ebsht\u00eb jo vet\u00ebm i rehatsh\u00ebm, por edhe dhe ofron rezistenc\u00eb t\u00eb lart\u00eb ndaj djers\u00ebs. Gjat\u00ebsia e rripit mund t\u00eb vendoset n\u00eb 14-18 cm.<\/p>\n<p>P\u00ebrputhshm\u00ebria:<br \/>\nI p\u00ebrket linj\u00ebs s\u00eb modeleve Apple Watch SE, Apple Watch Series 1, Apple Watch Series 2, Apple Watch Series 3, Apple Watch Series 4, Apple Watch Series 5 dhe Apple Watch Series 6, 38-40mm.<\/p>\n<p>Gjat\u00ebsia:\u00a014-18 cm.<\/p>\n","protected":false},"excerpt":{"rendered":"<p>46000105<\/p>\n","protected":false},"featured_media":4568,"comment_status":"open","ping_status":"closed","template":"","meta":[],"product_brand":[],"product_cat":[118,152,114],"product_tag":[],"class_list":{"0":"post-4566","1":"product","2":"type-product","3":"status-publish","4":"has-post-thumbnail","6":"product_cat-aksesore","7":"product_cat-rripa","8":"product_cat-smart","10":"first","11":"instock","12":"shipping-taxable","13":"purchasable","14":"product-type-simple"},"_links":{"self":[{"href":"https:\/\/www.metron-ks.com\/index.php?rest_route=\/wp\/v2\/product\/4566","targetHints":{"allow":["GET"]}}],"collection":[{"href":"https:\/\/www.metron-ks.com\/index.php?rest_route=\/wp\/v2\/product"}],"about":[{"href":"https:\/\/www.metron-ks.com\/index.php?rest_route=\/wp\/v2\/types\/product"}],"replies":[{"embeddable":true,"href":"https:\/\/www.metron-ks.com\/index.php?rest_route=%2Fwp%2Fv2%2Fcomments&post=4566"}],"wp:featuredmedia":[{"embeddable":true,"href":"https:\/\/www.metron-ks.com\/index.php?rest_route=\/wp\/v2\/media\/4568"}],"wp:attachment":[{"href":"https:\/\/www.metron-ks.com\/index.php?rest_route=%2Fwp%2Fv2%2Fmedia&parent=4566"}],"wp:term":[{"taxonomy":"product_brand","embeddable":true,"href":"https:\/\/www.metron-ks.com\/index.php?rest_route=%2Fwp%2Fv2%2Fproduct_brand&post=4566"},{"taxonomy":"product_cat","embeddable":true,"href":"https:\/\/www.metron-ks.com\/index.php?rest_route=%2Fwp%2Fv2%2Fproduct_cat&post=4566"},{"taxonomy":"product_tag","embeddable":true,"href":"https:\/\/www.metron-ks.com\/index.php?rest_route=%2Fwp%2Fv2%2Fproduct_tag&post=4566"}],"curies":[{"name":"wp","href":"https:\/\/api.w.org\/{rel}","templated":true}]}}