{"id":4717,"date":"2023-05-18T07:41:03","date_gmt":"2023-05-18T07:41:03","guid":{"rendered":"https:\/\/www.metron-ks.com\/?post_type=product&#038;p=4717"},"modified":"2025-03-04T08:09:13","modified_gmt":"2025-03-04T08:09:13","slug":"powerbank-samsung-10000mah-25w-pd-3-0-super-fast-charge","status":"publish","type":"product","link":"https:\/\/www.metron-ks.com\/?product=powerbank-samsung-10000mah-25w-pd-3-0-super-fast-charge","title":{"rendered":"Powerbank Samsung 10000mAh, 25W, PD 3.0, Super Fast Charge"},"content":{"rendered":"<p>Me kapacitet t\u00eb bollsh\u00ebm dhe deri n\u00eb 25 W me karikimin super t\u00eb shpejt\u00eb, powerbank-u juaj u jep pajisjeve energji nd\u00ebrsa ecni dit\u00ebn.<\/p>\n<p>Ky powerbank \u00ebsht\u00eb b\u00ebr\u00eb me materiale t\u00eb ricikluara t\u00eb certifikuara nga UL.<\/p>\n<p>Vendosni dy pajisje s\u00eb bashku p\u00ebr karikim t\u00eb nj\u00ebkohsh\u00ebm. Aft\u00ebsia e karikimit me dy porte ju lejon t\u00eb fuqizoni dy pajisje nj\u00ebher\u00ebsh, n\u00eb m\u00ebnyr\u00eb q\u00eb t&#8217;i riktheheni p\u00ebrdorimit t\u00eb tyre shpejt.<\/p>\n<p>10000mAh.<br \/>\nKarikimi i shpejt\u00eb (SFC\/PD\/hyrje\/dalje maksimumi 25 W ).<br \/>\nGjat\u00ebsia e Kabllit:0.2 m.<br \/>\nDimensionet (W x H x D):70 x 148 x 15.6 mm.<br \/>\nPesha:210 g.<br \/>\nTensioni i hyrjes:9 V.<br \/>\nRryma e daljes:2770 mA.<br \/>\nTensioni i daljes:9 V.<\/p>\n","protected":false},"excerpt":{"rendered":"<p>EB-P3400XUEGEU<\/p>\n","protected":false},"featured_media":4719,"comment_status":"open","ping_status":"closed","template":"","meta":[],"product_brand":[],"product_cat":[118,113,153],"product_tag":[],"class_list":{"0":"post-4717","1":"product","2":"type-product","3":"status-publish","4":"has-post-thumbnail","6":"product_cat-aksesore","7":"product_cat-celulartabletnavigim","8":"product_cat-power-bank","10":"first","11":"instock","12":"shipping-taxable","13":"purchasable","14":"product-type-simple"},"_links":{"self":[{"href":"https:\/\/www.metron-ks.com\/index.php?rest_route=\/wp\/v2\/product\/4717","targetHints":{"allow":["GET"]}}],"collection":[{"href":"https:\/\/www.metron-ks.com\/index.php?rest_route=\/wp\/v2\/product"}],"about":[{"href":"https:\/\/www.metron-ks.com\/index.php?rest_route=\/wp\/v2\/types\/product"}],"replies":[{"embeddable":true,"href":"https:\/\/www.metron-ks.com\/index.php?rest_route=%2Fwp%2Fv2%2Fcomments&post=4717"}],"wp:featuredmedia":[{"embeddable":true,"href":"https:\/\/www.metron-ks.com\/index.php?rest_route=\/wp\/v2\/media\/4719"}],"wp:attachment":[{"href":"https:\/\/www.metron-ks.com\/index.php?rest_route=%2Fwp%2Fv2%2Fmedia&parent=4717"}],"wp:term":[{"taxonomy":"product_brand","embeddable":true,"href":"https:\/\/www.metron-ks.com\/index.php?rest_route=%2Fwp%2Fv2%2Fproduct_brand&post=4717"},{"taxonomy":"product_cat","embeddable":true,"href":"https:\/\/www.metron-ks.com\/index.php?rest_route=%2Fwp%2Fv2%2Fproduct_cat&post=4717"},{"taxonomy":"product_tag","embeddable":true,"href":"https:\/\/www.metron-ks.com\/index.php?rest_route=%2Fwp%2Fv2%2Fproduct_tag&post=4717"}],"curies":[{"name":"wp","href":"https:\/\/api.w.org\/{rel}","templated":true}]}}