{"id":4727,"date":"2023-05-18T11:01:08","date_gmt":"2023-05-18T11:01:08","guid":{"rendered":"https:\/\/www.metron-ks.com\/?post_type=product&#038;p=4727"},"modified":"2024-12-25T14:54:07","modified_gmt":"2024-12-25T14:54:07","slug":"tablet-meanit-per-femije-k20-medo-kids-e-kafte","status":"publish","type":"product","link":"https:\/\/www.metron-ks.com\/?product=tablet-meanit-per-femije-k20-medo-kids-e-kafte","title":{"rendered":"Tablet meanIT p\u00ebr f\u00ebmij\u00eb K20 Medo Kids, e kaft\u00eb"},"content":{"rendered":"<p>Ekran 7&#8243; IPS (1024x600px) 16:9 format.<br \/>\nCPU me kat\u00ebr b\u00ebrthama.<br \/>\n2 GB RAM + 16 GB memorie t\u00eb brendshme, e zgjerueshme me kart\u00eb micro SD deri n\u00eb 32 GB.<br \/>\nWi-Fi, rrjet BT, sensor G.<br \/>\nKamera 2MP + e p\u00ebrparme 0.3MP.<br \/>\nAndroid 12<br \/>\nSoftuer miq\u00ebsor p\u00ebr f\u00ebmij\u00ebt (Softueri iWawa).<br \/>\nBateria: 3000 mAh<\/p>\n","protected":false},"excerpt":{"rendered":"<p>K20 Medo<\/p>\n","protected":false},"featured_media":4733,"comment_status":"open","ping_status":"closed","template":"","meta":[],"product_brand":[],"product_cat":[118,113,90],"product_tag":[],"class_list":{"0":"post-4727","1":"product","2":"type-product","3":"status-publish","4":"has-post-thumbnail","6":"product_cat-aksesore","7":"product_cat-celulartabletnavigim","8":"product_cat-tablet","10":"first","11":"instock","12":"shipping-taxable","13":"purchasable","14":"product-type-simple"},"_links":{"self":[{"href":"https:\/\/www.metron-ks.com\/index.php?rest_route=\/wp\/v2\/product\/4727","targetHints":{"allow":["GET"]}}],"collection":[{"href":"https:\/\/www.metron-ks.com\/index.php?rest_route=\/wp\/v2\/product"}],"about":[{"href":"https:\/\/www.metron-ks.com\/index.php?rest_route=\/wp\/v2\/types\/product"}],"replies":[{"embeddable":true,"href":"https:\/\/www.metron-ks.com\/index.php?rest_route=%2Fwp%2Fv2%2Fcomments&post=4727"}],"wp:featuredmedia":[{"embeddable":true,"href":"https:\/\/www.metron-ks.com\/index.php?rest_route=\/wp\/v2\/media\/4733"}],"wp:attachment":[{"href":"https:\/\/www.metron-ks.com\/index.php?rest_route=%2Fwp%2Fv2%2Fmedia&parent=4727"}],"wp:term":[{"taxonomy":"product_brand","embeddable":true,"href":"https:\/\/www.metron-ks.com\/index.php?rest_route=%2Fwp%2Fv2%2Fproduct_brand&post=4727"},{"taxonomy":"product_cat","embeddable":true,"href":"https:\/\/www.metron-ks.com\/index.php?rest_route=%2Fwp%2Fv2%2Fproduct_cat&post=4727"},{"taxonomy":"product_tag","embeddable":true,"href":"https:\/\/www.metron-ks.com\/index.php?rest_route=%2Fwp%2Fv2%2Fproduct_tag&post=4727"}],"curies":[{"name":"wp","href":"https:\/\/api.w.org\/{rel}","templated":true}]}}