{"id":4746,"date":"2023-05-18T12:58:06","date_gmt":"2023-05-18T12:58:06","guid":{"rendered":"https:\/\/www.metron-ks.com\/?post_type=product&#038;p=4746"},"modified":"2024-12-25T14:22:54","modified_gmt":"2024-12-25T14:22:54","slug":"adapter-swissten-lightning-ne-usb-c","status":"publish","type":"product","link":"https:\/\/www.metron-ks.com\/?product=adapter-swissten-lightning-ne-usb-c","title":{"rendered":"Adapter Swissten Lightning n\u00eb USB-C"},"content":{"rendered":"<p>ADAPTER SWISSTEN LIGHTNING(M)\/USB-C(F) p\u00ebrdoret p\u00ebr lidhjen e pajisjes me lidh\u00ebsin USB-C me pajisjen iPhone.<\/p>\n","protected":false},"excerpt":{"rendered":"<p>55500400<\/p>\n","protected":false},"featured_media":4748,"comment_status":"open","ping_status":"closed","template":"","meta":[],"product_brand":[],"product_cat":[118,113,169],"product_tag":[],"class_list":{"0":"post-4746","1":"product","2":"type-product","3":"status-publish","4":"has-post-thumbnail","6":"product_cat-aksesore","7":"product_cat-celulartabletnavigim","8":"product_cat-konvertuespershtates","10":"first","11":"instock","12":"shipping-taxable","13":"purchasable","14":"product-type-simple"},"_links":{"self":[{"href":"https:\/\/www.metron-ks.com\/index.php?rest_route=\/wp\/v2\/product\/4746","targetHints":{"allow":["GET"]}}],"collection":[{"href":"https:\/\/www.metron-ks.com\/index.php?rest_route=\/wp\/v2\/product"}],"about":[{"href":"https:\/\/www.metron-ks.com\/index.php?rest_route=\/wp\/v2\/types\/product"}],"replies":[{"embeddable":true,"href":"https:\/\/www.metron-ks.com\/index.php?rest_route=%2Fwp%2Fv2%2Fcomments&post=4746"}],"wp:featuredmedia":[{"embeddable":true,"href":"https:\/\/www.metron-ks.com\/index.php?rest_route=\/wp\/v2\/media\/4748"}],"wp:attachment":[{"href":"https:\/\/www.metron-ks.com\/index.php?rest_route=%2Fwp%2Fv2%2Fmedia&parent=4746"}],"wp:term":[{"taxonomy":"product_brand","embeddable":true,"href":"https:\/\/www.metron-ks.com\/index.php?rest_route=%2Fwp%2Fv2%2Fproduct_brand&post=4746"},{"taxonomy":"product_cat","embeddable":true,"href":"https:\/\/www.metron-ks.com\/index.php?rest_route=%2Fwp%2Fv2%2Fproduct_cat&post=4746"},{"taxonomy":"product_tag","embeddable":true,"href":"https:\/\/www.metron-ks.com\/index.php?rest_route=%2Fwp%2Fv2%2Fproduct_tag&post=4746"}],"curies":[{"name":"wp","href":"https:\/\/api.w.org\/{rel}","templated":true}]}}