{"id":4749,"date":"2023-05-18T13:13:47","date_gmt":"2023-05-18T13:13:47","guid":{"rendered":"https:\/\/www.metron-ks.com\/?post_type=product&#038;p=4749"},"modified":"2024-12-25T14:22:24","modified_gmt":"2024-12-25T14:22:24","slug":"adapter-swissten-otg-usb-c-usb-a","status":"publish","type":"product","link":"https:\/\/www.metron-ks.com\/?product=adapter-swissten-otg-usb-c-usb-a","title":{"rendered":"Adapter Swissten OTG, USB-C USB-A"},"content":{"rendered":"<p>ADAPTER SWISSTEN OTG USB-C(M)\/USB-A(F) p\u00ebrdoret p\u00ebr lidhjen e aksesor\u00ebve me lidh\u00ebs USB-A me pajisjen me hyrje USB-C.<\/p>\n","protected":false},"excerpt":{"rendered":"<p>55500100<\/p>\n","protected":false},"featured_media":4752,"comment_status":"open","ping_status":"closed","template":"","meta":[],"product_brand":[],"product_cat":[118,113,169],"product_tag":[],"class_list":{"0":"post-4749","1":"product","2":"type-product","3":"status-publish","4":"has-post-thumbnail","6":"product_cat-aksesore","7":"product_cat-celulartabletnavigim","8":"product_cat-konvertuespershtates","10":"first","11":"instock","12":"shipping-taxable","13":"purchasable","14":"product-type-simple"},"_links":{"self":[{"href":"https:\/\/www.metron-ks.com\/index.php?rest_route=\/wp\/v2\/product\/4749","targetHints":{"allow":["GET"]}}],"collection":[{"href":"https:\/\/www.metron-ks.com\/index.php?rest_route=\/wp\/v2\/product"}],"about":[{"href":"https:\/\/www.metron-ks.com\/index.php?rest_route=\/wp\/v2\/types\/product"}],"replies":[{"embeddable":true,"href":"https:\/\/www.metron-ks.com\/index.php?rest_route=%2Fwp%2Fv2%2Fcomments&post=4749"}],"wp:featuredmedia":[{"embeddable":true,"href":"https:\/\/www.metron-ks.com\/index.php?rest_route=\/wp\/v2\/media\/4752"}],"wp:attachment":[{"href":"https:\/\/www.metron-ks.com\/index.php?rest_route=%2Fwp%2Fv2%2Fmedia&parent=4749"}],"wp:term":[{"taxonomy":"product_brand","embeddable":true,"href":"https:\/\/www.metron-ks.com\/index.php?rest_route=%2Fwp%2Fv2%2Fproduct_brand&post=4749"},{"taxonomy":"product_cat","embeddable":true,"href":"https:\/\/www.metron-ks.com\/index.php?rest_route=%2Fwp%2Fv2%2Fproduct_cat&post=4749"},{"taxonomy":"product_tag","embeddable":true,"href":"https:\/\/www.metron-ks.com\/index.php?rest_route=%2Fwp%2Fv2%2Fproduct_tag&post=4749"}],"curies":[{"name":"wp","href":"https:\/\/api.w.org\/{rel}","templated":true}]}}