{"id":479,"date":"2023-03-06T22:20:48","date_gmt":"2023-03-06T22:20:48","guid":{"rendered":"https:\/\/www.metron-ks.com\/product\/kabllo-sbox-usb-lightning-per-iphone-15m-zeze\/"},"modified":"2025-01-22T09:33:29","modified_gmt":"2025-01-22T09:33:29","slug":"kabllo-sbox-usb-lightning-per-iphone-15m-zeze","status":"publish","type":"product","link":"https:\/\/www.metron-ks.com\/?product=kabllo-sbox-usb-lightning-per-iphone-15m-zeze","title":{"rendered":"Kabllo SBOX, USB lightning, p\u00ebr Iphone, 1,5m, zez\u00eb"},"content":{"rendered":"<p><span style=\"font-size: 14px;\"><span style=\"color: #1c1c1c; font-family: Roboto, sans-serif; letter-spacing: -0.2px;\">K\u00ebt\u00eb her\u00eb SBOX ka prodhuar kabllon IPH 7, 8pin\u00a0p\u00ebr lidhjen e telefonave t\u00eb men\u00e7ur. Kjo \u00ebsht\u00eb kabllo rimbush\u00ebse dhe sinkronizuese me fund t\u00eb drejt. Kablloja \u00ebsht\u00eb e pajisur me nd\u00ebrlidh\u00ebs USB dhe 8pin Lightning, suporton\u00a0<\/span>USB 2.0 dhe ka shkall<span style=\"color: #1c1c1c; font-family: Roboto, sans-serif; letter-spacing: -0.2px;\">\u00eb t<span style=\"letter-spacing: -0.2px;\">\u00eb transferit deri n<span style=\"letter-spacing: -0.2px;\">\u00eb 480 mbps.<\/span><\/span><\/span><\/span><\/p>\n","protected":false},"excerpt":{"rendered":"<p>Kabllo USB &#8211; IPH 7, 8pin, M\/M 1,5M, zez\u00eb<\/p>\n","protected":false},"featured_media":3398,"comment_status":"closed","ping_status":"closed","template":"","meta":[],"product_brand":[],"product_cat":[113,18],"product_tag":[],"class_list":{"0":"post-479","1":"product","2":"type-product","3":"status-publish","4":"has-post-thumbnail","6":"product_cat-celulartabletnavigim","7":"product_cat-kabllo-2","9":"first","10":"instock","11":"shipping-taxable","12":"purchasable","13":"product-type-simple"},"_links":{"self":[{"href":"https:\/\/www.metron-ks.com\/index.php?rest_route=\/wp\/v2\/product\/479","targetHints":{"allow":["GET"]}}],"collection":[{"href":"https:\/\/www.metron-ks.com\/index.php?rest_route=\/wp\/v2\/product"}],"about":[{"href":"https:\/\/www.metron-ks.com\/index.php?rest_route=\/wp\/v2\/types\/product"}],"replies":[{"embeddable":true,"href":"https:\/\/www.metron-ks.com\/index.php?rest_route=%2Fwp%2Fv2%2Fcomments&post=479"}],"wp:featuredmedia":[{"embeddable":true,"href":"https:\/\/www.metron-ks.com\/index.php?rest_route=\/wp\/v2\/media\/3398"}],"wp:attachment":[{"href":"https:\/\/www.metron-ks.com\/index.php?rest_route=%2Fwp%2Fv2%2Fmedia&parent=479"}],"wp:term":[{"taxonomy":"product_brand","embeddable":true,"href":"https:\/\/www.metron-ks.com\/index.php?rest_route=%2Fwp%2Fv2%2Fproduct_brand&post=479"},{"taxonomy":"product_cat","embeddable":true,"href":"https:\/\/www.metron-ks.com\/index.php?rest_route=%2Fwp%2Fv2%2Fproduct_cat&post=479"},{"taxonomy":"product_tag","embeddable":true,"href":"https:\/\/www.metron-ks.com\/index.php?rest_route=%2Fwp%2Fv2%2Fproduct_tag&post=479"}],"curies":[{"name":"wp","href":"https:\/\/api.w.org\/{rel}","templated":true}]}}