{"id":4795,"date":"2023-08-02T08:10:13","date_gmt":"2023-08-02T08:10:13","guid":{"rendered":"https:\/\/www.metron-ks.com\/?post_type=product&#038;p=4795"},"modified":"2024-12-25T13:47:55","modified_gmt":"2024-12-25T13:47:55","slug":"telekomande-per-tv-sony","status":"publish","type":"product","link":"https:\/\/www.metron-ks.com\/?product=telekomande-per-tv-sony","title":{"rendered":"Telekomand\u00eb p\u00ebr TV Sony"},"content":{"rendered":"<p>Kompatibil me t\u00eb gjitha TV Sony.<br \/>\nBateria: 2 x AAA (nuk jan\u00eb t\u00eb p\u00ebrfshira n\u00eb paketim).<br \/>\nDistanca e pun\u00ebs: 8m.<\/p>\n","protected":false},"excerpt":{"rendered":"<p>RC-01402-SONY<\/p>\n","protected":false},"featured_media":4796,"comment_status":"open","ping_status":"closed","template":"","meta":[],"product_brand":[],"product_cat":[118,194,138],"product_tag":[],"class_list":{"0":"post-4795","1":"product","2":"type-product","3":"status-publish","4":"has-post-thumbnail","6":"product_cat-aksesore","7":"product_cat-telekomand","8":"product_cat-tv","10":"first","11":"instock","12":"shipping-taxable","13":"purchasable","14":"product-type-simple"},"_links":{"self":[{"href":"https:\/\/www.metron-ks.com\/index.php?rest_route=\/wp\/v2\/product\/4795","targetHints":{"allow":["GET"]}}],"collection":[{"href":"https:\/\/www.metron-ks.com\/index.php?rest_route=\/wp\/v2\/product"}],"about":[{"href":"https:\/\/www.metron-ks.com\/index.php?rest_route=\/wp\/v2\/types\/product"}],"replies":[{"embeddable":true,"href":"https:\/\/www.metron-ks.com\/index.php?rest_route=%2Fwp%2Fv2%2Fcomments&post=4795"}],"wp:featuredmedia":[{"embeddable":true,"href":"https:\/\/www.metron-ks.com\/index.php?rest_route=\/wp\/v2\/media\/4796"}],"wp:attachment":[{"href":"https:\/\/www.metron-ks.com\/index.php?rest_route=%2Fwp%2Fv2%2Fmedia&parent=4795"}],"wp:term":[{"taxonomy":"product_brand","embeddable":true,"href":"https:\/\/www.metron-ks.com\/index.php?rest_route=%2Fwp%2Fv2%2Fproduct_brand&post=4795"},{"taxonomy":"product_cat","embeddable":true,"href":"https:\/\/www.metron-ks.com\/index.php?rest_route=%2Fwp%2Fv2%2Fproduct_cat&post=4795"},{"taxonomy":"product_tag","embeddable":true,"href":"https:\/\/www.metron-ks.com\/index.php?rest_route=%2Fwp%2Fv2%2Fproduct_tag&post=4795"}],"curies":[{"name":"wp","href":"https:\/\/api.w.org\/{rel}","templated":true}]}}