{"id":480,"date":"2023-03-06T22:20:49","date_gmt":"2023-03-06T22:20:49","guid":{"rendered":"https:\/\/www.metron-ks.com\/product\/kabllo-sbox-usb-micro-usb-m-m-2-4a\/"},"modified":"2025-01-22T09:31:19","modified_gmt":"2025-01-22T09:31:19","slug":"kabllo-sbox-usb-micro-usb-m-m-2-4a","status":"publish","type":"product","link":"https:\/\/www.metron-ks.com\/?product=kabllo-sbox-usb-micro-usb-m-m-2-4a","title":{"rendered":"Kabllo SBOX, USB-micro USB, M\/M, 2.4A"},"content":{"rendered":"<p>Kabllo USB n\u00eb micro USB, e cila sh\u00ebrben p\u00ebr karikimin e pajisjeve\u00a0si dhe transferimin e t\u00eb dh\u00ebnave,\u00a0me shkall\u00eb t\u00eb transferimit deri n\u00eb 480 Mbps.<\/p>\n<p>Gjat\u00ebsia e kabllos [m]: 1.5<\/p>\n<p>Ngjyra: Zez\u00eb\/argjendt\u00eb<\/p>\n<table style=\"width: 320px;\" border=\"0\" width=\"320\" cellspacing=\"0\" cellpadding=\"0\">\n<colgroup>\n<col span=\"5\" \/> <\/colgroup>\n<\/table>\n","protected":false},"excerpt":{"rendered":"<p>Kabllo SBOX, USB-micro USB, M\/M, 2.4A<\/p>\n","protected":false},"featured_media":3397,"comment_status":"closed","ping_status":"closed","template":"","meta":[],"product_brand":[],"product_cat":[113,18],"product_tag":[],"class_list":{"0":"post-480","1":"product","2":"type-product","3":"status-publish","4":"has-post-thumbnail","6":"product_cat-celulartabletnavigim","7":"product_cat-kabllo-2","9":"first","10":"instock","11":"shipping-taxable","12":"purchasable","13":"product-type-simple"},"_links":{"self":[{"href":"https:\/\/www.metron-ks.com\/index.php?rest_route=\/wp\/v2\/product\/480","targetHints":{"allow":["GET"]}}],"collection":[{"href":"https:\/\/www.metron-ks.com\/index.php?rest_route=\/wp\/v2\/product"}],"about":[{"href":"https:\/\/www.metron-ks.com\/index.php?rest_route=\/wp\/v2\/types\/product"}],"replies":[{"embeddable":true,"href":"https:\/\/www.metron-ks.com\/index.php?rest_route=%2Fwp%2Fv2%2Fcomments&post=480"}],"wp:featuredmedia":[{"embeddable":true,"href":"https:\/\/www.metron-ks.com\/index.php?rest_route=\/wp\/v2\/media\/3397"}],"wp:attachment":[{"href":"https:\/\/www.metron-ks.com\/index.php?rest_route=%2Fwp%2Fv2%2Fmedia&parent=480"}],"wp:term":[{"taxonomy":"product_brand","embeddable":true,"href":"https:\/\/www.metron-ks.com\/index.php?rest_route=%2Fwp%2Fv2%2Fproduct_brand&post=480"},{"taxonomy":"product_cat","embeddable":true,"href":"https:\/\/www.metron-ks.com\/index.php?rest_route=%2Fwp%2Fv2%2Fproduct_cat&post=480"},{"taxonomy":"product_tag","embeddable":true,"href":"https:\/\/www.metron-ks.com\/index.php?rest_route=%2Fwp%2Fv2%2Fproduct_tag&post=480"}],"curies":[{"name":"wp","href":"https:\/\/api.w.org\/{rel}","templated":true}]}}