{"id":4905,"date":"2023-08-25T07:23:10","date_gmt":"2023-08-25T07:23:10","guid":{"rendered":"https:\/\/www.metron-ks.com\/?post_type=product&#038;p=4905"},"modified":"2024-12-25T12:33:21","modified_gmt":"2024-12-25T12:33:21","slug":"karikues-i-shpejt-per-galaxy-watch-wireless-usb-c","status":"publish","type":"product","link":"https:\/\/www.metron-ks.com\/?product=karikues-i-shpejt-per-galaxy-watch-wireless-usb-c","title":{"rendered":"Karikues i shpejt p\u00ebr Galaxy Watch, Wireless, (USB-C)"},"content":{"rendered":"<p>Karikuesi krejt i ri\u00a0me val\u00eb \u00ebsht\u00eb rifreskuar p\u00ebr t&#8217;ju fuqizuar me karikim t\u00eb shpejt\u00eb USB-C. Shtrijeni Galaxy Watch5 tuaj t\u00eb shesht\u00eb dhe karikuesi e vendoset n\u00eb m\u00ebnyr\u00eb magnetike n\u00eb vend dhe m\u00eb pas kujdeset p\u00ebr pjes\u00ebn tjet\u00ebr.<\/p>\n<p>Ora juaj \u00ebsht\u00eb shoq\u00ebruesi juaj gjat\u00eb gjith\u00eb dit\u00ebs dhe gjith\u00eb nat\u00ebs. Ao kurr\u00eb nuk duhet t\u00eb jet\u00eb jasht\u00eb ky\u00e7it tuaj p\u00ebr nj\u00eb koh\u00eb t\u00eb gjat\u00eb. Karikoni\u00a045%\u00a0n\u00eb vet\u00ebm 30 minuta me karikuesin e\u00a0shpejt\u00eb q\u00eb mb\u00ebshtet 5V\/2A\u00a0dhe PD.<\/p>\n<p>9W Karikim i shpejt: Galaxy Watch5, Watch 5 Pro<br \/>\n4.5W Karikim\u00a0normal: Galaxy Watch Active, Active2, Watch3, Watch4<\/p>\n<p>Kompatibil me Galaxy Watch 6.<\/p>\n<p>Interface: USB Type-C.<br \/>\nGjat\u00ebsia e kabllit: 0.8 m.<br \/>\nDimensionet :29,3&#215;29,3&#215;6,72 mm.<br \/>\nPesha:31 g.<br \/>\nTensioni i hyrjes (maksimumi, karikim\u00a0normal): 5 V.<br \/>\nRryma e hyrjes (maksimum, karikim\u00a0normal): 2 A.<br \/>\nTensioni i daljes (maksimumi, karikim\u00a0normal): 5 V.<br \/>\nRryma e daljes (maksimumi, karikim\u00a0normal): 0,8 A.<\/p>\n","protected":false},"excerpt":{"rendered":"<p>EP-OR900BBEGWW<\/p>\n","protected":false},"featured_media":4906,"comment_status":"open","ping_status":"closed","template":"","meta":[],"product_brand":[],"product_cat":[118,177,114],"product_tag":[],"class_list":{"0":"post-4905","1":"product","2":"type-product","3":"status-publish","4":"has-post-thumbnail","6":"product_cat-aksesore","7":"product_cat-kabllo-mbushese","8":"product_cat-smart","10":"first","11":"instock","12":"shipping-taxable","13":"purchasable","14":"product-type-simple"},"_links":{"self":[{"href":"https:\/\/www.metron-ks.com\/index.php?rest_route=\/wp\/v2\/product\/4905","targetHints":{"allow":["GET"]}}],"collection":[{"href":"https:\/\/www.metron-ks.com\/index.php?rest_route=\/wp\/v2\/product"}],"about":[{"href":"https:\/\/www.metron-ks.com\/index.php?rest_route=\/wp\/v2\/types\/product"}],"replies":[{"embeddable":true,"href":"https:\/\/www.metron-ks.com\/index.php?rest_route=%2Fwp%2Fv2%2Fcomments&post=4905"}],"wp:featuredmedia":[{"embeddable":true,"href":"https:\/\/www.metron-ks.com\/index.php?rest_route=\/wp\/v2\/media\/4906"}],"wp:attachment":[{"href":"https:\/\/www.metron-ks.com\/index.php?rest_route=%2Fwp%2Fv2%2Fmedia&parent=4905"}],"wp:term":[{"taxonomy":"product_brand","embeddable":true,"href":"https:\/\/www.metron-ks.com\/index.php?rest_route=%2Fwp%2Fv2%2Fproduct_brand&post=4905"},{"taxonomy":"product_cat","embeddable":true,"href":"https:\/\/www.metron-ks.com\/index.php?rest_route=%2Fwp%2Fv2%2Fproduct_cat&post=4905"},{"taxonomy":"product_tag","embeddable":true,"href":"https:\/\/www.metron-ks.com\/index.php?rest_route=%2Fwp%2Fv2%2Fproduct_tag&post=4905"}],"curies":[{"name":"wp","href":"https:\/\/api.w.org\/{rel}","templated":true}]}}