{"id":491,"date":"2023-03-06T22:20:52","date_gmt":"2023-03-06T22:20:52","guid":{"rendered":"https:\/\/www.metron-ks.com\/product\/kabllo-vazhduese-hama-3-priza-1-4m-e-zeze\/"},"modified":"2025-01-22T09:20:49","modified_gmt":"2025-01-22T09:20:49","slug":"kabllo-vazhduese-hama-3-priza-1-4m-e-zeze","status":"publish","type":"product","link":"https:\/\/www.metron-ks.com\/?product=kabllo-vazhduese-hama-3-priza-1-4m-e-zeze","title":{"rendered":"Kabllo vazhduese Hama , 3 priza, 1.4m, e zez\u00eb"},"content":{"rendered":"<p>Numri i prizave: 3<br \/>\nButon: Nd\u00ebrprer\u00ebs<br \/>\nGjer\u00ebsia x thell\u00ebsia x lart\u00ebsia: 5*4.5*19.5 cm.<br \/>\nGjat\u00ebsia e kabllit: 1.4m.<br \/>\nPriza me 45\u00b0.<\/p>\n","protected":false},"excerpt":{"rendered":"<p>Kabllo vazhduese Hama , 3 priza, 1.4m, e zez\u00eb 223004<\/p>\n","protected":false},"featured_media":3378,"comment_status":"closed","ping_status":"closed","template":"","meta":[],"product_brand":[],"product_cat":[118,136,151],"product_tag":[],"class_list":{"0":"post-491","1":"product","2":"type-product","3":"status-publish","4":"has-post-thumbnail","6":"product_cat-aksesore","7":"product_cat-pajisje-shtepiake","8":"product_cat-prizakabllo-vazhduese","10":"first","11":"instock","12":"shipping-taxable","13":"purchasable","14":"product-type-simple"},"_links":{"self":[{"href":"https:\/\/www.metron-ks.com\/index.php?rest_route=\/wp\/v2\/product\/491","targetHints":{"allow":["GET"]}}],"collection":[{"href":"https:\/\/www.metron-ks.com\/index.php?rest_route=\/wp\/v2\/product"}],"about":[{"href":"https:\/\/www.metron-ks.com\/index.php?rest_route=\/wp\/v2\/types\/product"}],"replies":[{"embeddable":true,"href":"https:\/\/www.metron-ks.com\/index.php?rest_route=%2Fwp%2Fv2%2Fcomments&post=491"}],"wp:featuredmedia":[{"embeddable":true,"href":"https:\/\/www.metron-ks.com\/index.php?rest_route=\/wp\/v2\/media\/3378"}],"wp:attachment":[{"href":"https:\/\/www.metron-ks.com\/index.php?rest_route=%2Fwp%2Fv2%2Fmedia&parent=491"}],"wp:term":[{"taxonomy":"product_brand","embeddable":true,"href":"https:\/\/www.metron-ks.com\/index.php?rest_route=%2Fwp%2Fv2%2Fproduct_brand&post=491"},{"taxonomy":"product_cat","embeddable":true,"href":"https:\/\/www.metron-ks.com\/index.php?rest_route=%2Fwp%2Fv2%2Fproduct_cat&post=491"},{"taxonomy":"product_tag","embeddable":true,"href":"https:\/\/www.metron-ks.com\/index.php?rest_route=%2Fwp%2Fv2%2Fproduct_tag&post=491"}],"curies":[{"name":"wp","href":"https:\/\/api.w.org\/{rel}","templated":true}]}}