{"id":4910,"date":"2023-08-30T10:16:48","date_gmt":"2023-08-30T10:16:48","guid":{"rendered":"https:\/\/www.metron-ks.com\/?post_type=product&#038;p=4910"},"modified":"2024-12-25T11:37:59","modified_gmt":"2024-12-25T11:37:59","slug":"mikrofon-gaming-white-shark-dsm-03-taus-i-zi","status":"publish","type":"product","link":"https:\/\/www.metron-ks.com\/?product=mikrofon-gaming-white-shark-dsm-03-taus-i-zi","title":{"rendered":"Mikrofon Gaming White Shark, DSM-03 Taus, i zi"},"content":{"rendered":"<p>Mikrofoni gaming TAUS eshte\u00a0partneri i p\u00ebrsosur i z\u00ebrit tuaj. Me nj\u00eb mikrofon preciz me kondensator 14 mm q\u00eb kap 20-20000 Hz, tingulli juaj \u00ebsht\u00eb i gjall\u00eb. Modeli kardioid fokusohet tek ju, nd\u00ebrsa shkalla S\/N prej 60 dB siguron qart\u00ebsi.<br \/>\nRegjistrimi n\u00eb 192 kHz \/ 24 bit.<br \/>\nMe nj\u00eb dizajn t\u00eb hijsh\u00ebm, TAUS zbukuron setup-in tuaj. L\u00ebshoni z\u00ebrin tuaj me TAUS dhe transmetoni me cil\u00ebsi kristal te pastert.<\/p>\n<p>Mikrofoni: Kondensator, diametri 14 mm<br \/>\nShtrirja e frekuenc\u00ebs (Hz): 20 &#8211; 20000<br \/>\nShkalla S\/N (dB): 60<br \/>\nGjat\u00ebsia e kabllit (m): 1,5<br \/>\nModeli i marrjes: Kardioid<br \/>\nNdjeshm\u00ebria e mikrofonit (dB): -13,5 dB +\/- 3 dB (0 dB = 1 V\/Pa @ 1 kHz)<br \/>\nMaksimumi SPL: 93,5 dB<br \/>\nShpejt\u00ebsia e biteve: 192 kHz \/ 24 bit<br \/>\nLidh\u00ebsi 1: USB A -&gt; USB B<\/p>\n","protected":false},"excerpt":{"rendered":"<p>DSM-03 Taus<\/p>\n","protected":false},"featured_media":4911,"comment_status":"open","ping_status":"closed","template":"","meta":[],"product_brand":[],"product_cat":[118,116,129],"product_tag":[],"class_list":{"0":"post-4910","1":"product","2":"type-product","3":"status-publish","4":"has-post-thumbnail","6":"product_cat-aksesore","7":"product_cat-gaming","8":"product_cat-mikrofon-gaming","10":"first","11":"instock","12":"shipping-taxable","13":"purchasable","14":"product-type-simple"},"_links":{"self":[{"href":"https:\/\/www.metron-ks.com\/index.php?rest_route=\/wp\/v2\/product\/4910","targetHints":{"allow":["GET"]}}],"collection":[{"href":"https:\/\/www.metron-ks.com\/index.php?rest_route=\/wp\/v2\/product"}],"about":[{"href":"https:\/\/www.metron-ks.com\/index.php?rest_route=\/wp\/v2\/types\/product"}],"replies":[{"embeddable":true,"href":"https:\/\/www.metron-ks.com\/index.php?rest_route=%2Fwp%2Fv2%2Fcomments&post=4910"}],"wp:featuredmedia":[{"embeddable":true,"href":"https:\/\/www.metron-ks.com\/index.php?rest_route=\/wp\/v2\/media\/4911"}],"wp:attachment":[{"href":"https:\/\/www.metron-ks.com\/index.php?rest_route=%2Fwp%2Fv2%2Fmedia&parent=4910"}],"wp:term":[{"taxonomy":"product_brand","embeddable":true,"href":"https:\/\/www.metron-ks.com\/index.php?rest_route=%2Fwp%2Fv2%2Fproduct_brand&post=4910"},{"taxonomy":"product_cat","embeddable":true,"href":"https:\/\/www.metron-ks.com\/index.php?rest_route=%2Fwp%2Fv2%2Fproduct_cat&post=4910"},{"taxonomy":"product_tag","embeddable":true,"href":"https:\/\/www.metron-ks.com\/index.php?rest_route=%2Fwp%2Fv2%2Fproduct_tag&post=4910"}],"curies":[{"name":"wp","href":"https:\/\/api.w.org\/{rel}","templated":true}]}}