{"id":4921,"date":"2023-08-30T10:23:58","date_gmt":"2023-08-30T10:23:58","guid":{"rendered":"https:\/\/www.metron-ks.com\/?post_type=product&#038;p=4921"},"modified":"2024-12-25T11:34:05","modified_gmt":"2024-12-25T11:34:05","slug":"kontroller-gaming-sbox-pc-ps3-android-tv-i-zi","status":"publish","type":"product","link":"https:\/\/www.metron-ks.com\/?product=kontroller-gaming-sbox-pc-ps3-android-tv-i-zi","title":{"rendered":"Kontroller Gaming Sbox, PC, PS3, Android TV, i zi"},"content":{"rendered":"<p>Gjat\u00ebsia e kabllit (m): 1.56<br \/>\nDridhje: Po, 2 motor\u00eb<br \/>\nNgjyra: E zez\u00eb<br \/>\nInterface: USB 2.0<br \/>\nDimensionet (mm): 160x110x60<br \/>\nPesha (g): 219<br \/>\nP\u00ebrputhshm\u00ebria: PS3, Windows 7\/8\/10, vet\u00ebm Android TV<br \/>\nMateriali: Plastike<br \/>\nT\u00eb tjera: Funksione speciale Turbo, t\u00eb pajtueshme me loj\u00ebrat PC-XBOX 360 (vet\u00ebm X-INPUT), CD me drivera te perfshira.<\/p>\n","protected":false},"excerpt":{"rendered":"<p>GP-2011<\/p>\n","protected":false},"featured_media":4922,"comment_status":"open","ping_status":"closed","template":"","meta":[],"product_brand":[],"product_cat":[118,116,132],"product_tag":[],"class_list":{"0":"post-4921","1":"product","2":"type-product","3":"status-publish","4":"has-post-thumbnail","6":"product_cat-aksesore","7":"product_cat-gaming","8":"product_cat-kontroller-gaming","10":"first","11":"instock","12":"shipping-taxable","13":"purchasable","14":"product-type-simple"},"_links":{"self":[{"href":"https:\/\/www.metron-ks.com\/index.php?rest_route=\/wp\/v2\/product\/4921","targetHints":{"allow":["GET"]}}],"collection":[{"href":"https:\/\/www.metron-ks.com\/index.php?rest_route=\/wp\/v2\/product"}],"about":[{"href":"https:\/\/www.metron-ks.com\/index.php?rest_route=\/wp\/v2\/types\/product"}],"replies":[{"embeddable":true,"href":"https:\/\/www.metron-ks.com\/index.php?rest_route=%2Fwp%2Fv2%2Fcomments&post=4921"}],"wp:featuredmedia":[{"embeddable":true,"href":"https:\/\/www.metron-ks.com\/index.php?rest_route=\/wp\/v2\/media\/4922"}],"wp:attachment":[{"href":"https:\/\/www.metron-ks.com\/index.php?rest_route=%2Fwp%2Fv2%2Fmedia&parent=4921"}],"wp:term":[{"taxonomy":"product_brand","embeddable":true,"href":"https:\/\/www.metron-ks.com\/index.php?rest_route=%2Fwp%2Fv2%2Fproduct_brand&post=4921"},{"taxonomy":"product_cat","embeddable":true,"href":"https:\/\/www.metron-ks.com\/index.php?rest_route=%2Fwp%2Fv2%2Fproduct_cat&post=4921"},{"taxonomy":"product_tag","embeddable":true,"href":"https:\/\/www.metron-ks.com\/index.php?rest_route=%2Fwp%2Fv2%2Fproduct_tag&post=4921"}],"curies":[{"name":"wp","href":"https:\/\/api.w.org\/{rel}","templated":true}]}}