{"id":4937,"date":"2023-09-25T10:57:44","date_gmt":"2023-09-25T10:57:44","guid":{"rendered":"https:\/\/www.metron-ks.com\/?post_type=product&#038;p=4937"},"modified":"2024-12-25T11:29:27","modified_gmt":"2024-12-25T11:29:27","slug":"cante-gaming-white-shark-trooper-gbp-009-e-zeze","status":"publish","type":"product","link":"https:\/\/www.metron-ks.com\/?product=cante-gaming-white-shark-trooper-gbp-009-e-zeze","title":{"rendered":"\u00c7ant\u00eb Gaming White Shark Trooper, GBP-009, e zez\u00eb"},"content":{"rendered":"<p>Ju prezentojm \u00e7ant\u00ebn gaming\u00a0&#8220;TROOPER&#8221; t\u00eb White Shark. Me ndarje t\u00eb p\u00ebrshtatura p\u00ebr Laptop\u00a016&#8243; dhe aksesor\u00eb, perfekte sa i perket organizimit. E krijuar me poliest\u00ebr 210D rezistent ndaj ujit, mbron paisjet tuaja ne menyre te sigurt nga ujit.<\/p>\n<p>P\u00ebr madh\u00ebsin\u00eb e Laptopit: 16&#8221;<\/p>\n<p>Numri i ndarjeve: 2 ndarje kryesore &#8211; Ndarja e laptopit n\u00eb an\u00ebn e pasme dhe ndarja e aksesor\u00ebve n\u00eb mes (me 6 xhepa t\u00eb vegj\u00ebl brenda), ndarje shtes\u00eb me zinxhir n\u00eb an\u00ebn e p\u00ebrparme, xhepa me rrjet\u00eb an\u00ebsore.<\/p>\n<p>Material rezistent ndaj ujit: Po<\/p>\n<p>Ngjyra: E zez\u00eb me thekse t\u00eb kuqe<\/p>\n<p>Materiali: Poliester 210D<\/p>\n<p>Dimensionet (mm): 440x310x120<\/p>\n","protected":false},"excerpt":{"rendered":"<p>GBP-009 Trooper<\/p>\n","protected":false},"featured_media":4938,"comment_status":"open","ping_status":"closed","template":"","meta":[],"product_brand":[],"product_cat":[118,128,116],"product_tag":[],"class_list":{"0":"post-4937","1":"product","2":"type-product","3":"status-publish","4":"has-post-thumbnail","6":"product_cat-aksesore","7":"product_cat-cante-gaming","8":"product_cat-gaming","10":"first","11":"instock","12":"shipping-taxable","13":"purchasable","14":"product-type-simple"},"_links":{"self":[{"href":"https:\/\/www.metron-ks.com\/index.php?rest_route=\/wp\/v2\/product\/4937","targetHints":{"allow":["GET"]}}],"collection":[{"href":"https:\/\/www.metron-ks.com\/index.php?rest_route=\/wp\/v2\/product"}],"about":[{"href":"https:\/\/www.metron-ks.com\/index.php?rest_route=\/wp\/v2\/types\/product"}],"replies":[{"embeddable":true,"href":"https:\/\/www.metron-ks.com\/index.php?rest_route=%2Fwp%2Fv2%2Fcomments&post=4937"}],"wp:featuredmedia":[{"embeddable":true,"href":"https:\/\/www.metron-ks.com\/index.php?rest_route=\/wp\/v2\/media\/4938"}],"wp:attachment":[{"href":"https:\/\/www.metron-ks.com\/index.php?rest_route=%2Fwp%2Fv2%2Fmedia&parent=4937"}],"wp:term":[{"taxonomy":"product_brand","embeddable":true,"href":"https:\/\/www.metron-ks.com\/index.php?rest_route=%2Fwp%2Fv2%2Fproduct_brand&post=4937"},{"taxonomy":"product_cat","embeddable":true,"href":"https:\/\/www.metron-ks.com\/index.php?rest_route=%2Fwp%2Fv2%2Fproduct_cat&post=4937"},{"taxonomy":"product_tag","embeddable":true,"href":"https:\/\/www.metron-ks.com\/index.php?rest_route=%2Fwp%2Fv2%2Fproduct_tag&post=4937"}],"curies":[{"name":"wp","href":"https:\/\/api.w.org\/{rel}","templated":true}]}}