{"id":495,"date":"2023-03-06T22:20:54","date_gmt":"2023-03-06T22:20:54","guid":{"rendered":"https:\/\/www.metron-ks.com\/product\/kabllo-vazhduese-hama-3-priza-1-5-m-zeze-kalter\/"},"modified":"2025-01-22T08:52:08","modified_gmt":"2025-01-22T08:52:08","slug":"kabllo-vazhduese-hama-3-priza-1-5-m-zeze-kalter","status":"publish","type":"product","link":"https:\/\/www.metron-ks.com\/?product=kabllo-vazhduese-hama-3-priza-1-5-m-zeze-kalter","title":{"rendered":"Kabllo vazhduese Hama, 3 priza, 1.5 m, zez\u00eb\/kalt\u00ebr"},"content":{"rendered":"<p style=\"box-sizing: border-box; margin-right: 0px; margin-bottom: 16px; margin-left: 0px; text-rendering: optimizelegibility; -webkit-font-smoothing: antialiased; color: #606975; font-family: 'Maven Pro', Helvetica, Arial, sans-serif;\">Kabllo e rrym\u00ebs p\u00ebr lidhjen deri n\u00eb tre\u00a0konsumator\u00eb elektrik\u00eb.<\/p>\n<p style=\"box-sizing: border-box; margin-right: 0px; margin-bottom: 16px; margin-left: 0px; text-rendering: optimizelegibility; -webkit-font-smoothing: antialiased; color: #606975; font-family: 'Maven Pro', Helvetica, Arial, sans-serif;\">Mund\u00ebsi varje n\u00eb mur ose dysheme.<\/p>\n<p style=\"box-sizing: border-box; margin-right: 0px; margin-bottom: 16px; margin-left: 0px; text-rendering: optimizelegibility; -webkit-font-smoothing: antialiased; color: #606975; font-family: 'Maven Pro', Helvetica, Arial, sans-serif;\">Nd\u00ebrprer\u00ebs 2-pole, t\u00eb\u00a0ndri\u00e7uar.<\/p>\n<p style=\"box-sizing: border-box; margin-right: 0px; margin-bottom: 16px; margin-left: 0px; text-rendering: optimizelegibility; -webkit-font-smoothing: antialiased; color: #606975; font-family: 'Maven Pro', Helvetica, Arial, sans-serif;\">Prizat e kthyera 45 \u00b0.<\/p>\n<p style=\"box-sizing: border-box; margin-right: 0px; margin-bottom: 16px; margin-left: 0px; text-rendering: optimizelegibility; -webkit-font-smoothing: antialiased; color: #606975; font-family: 'Maven Pro', Helvetica, Arial, sans-serif;\">Mbrojtje p\u00ebr f\u00ebmij\u00eb.<\/p>\n<p style=\"box-sizing: border-box; margin-right: 0px; margin-bottom: 16px; margin-left: 0px; text-rendering: optimizelegibility; -webkit-font-smoothing: antialiased; color: #606975; font-family: 'Maven Pro', Helvetica, Arial, sans-serif;\">E b\u00ebr\u00eb\u00a0nga plastika rezistente ndaj nxeht\u00ebsis\u00eb.<\/p>\n","protected":false},"excerpt":{"rendered":"<p>Kabllo vazhduese Hama, 3 priza, 1.5 m, zez\u00eb\/kalt\u00ebr 223043<\/p>\n","protected":false},"featured_media":3367,"comment_status":"closed","ping_status":"closed","template":"","meta":[],"product_brand":[],"product_cat":[118,136,151],"product_tag":[],"class_list":{"0":"post-495","1":"product","2":"type-product","3":"status-publish","4":"has-post-thumbnail","6":"product_cat-aksesore","7":"product_cat-pajisje-shtepiake","8":"product_cat-prizakabllo-vazhduese","10":"first","11":"instock","12":"shipping-taxable","13":"purchasable","14":"product-type-simple"},"_links":{"self":[{"href":"https:\/\/www.metron-ks.com\/index.php?rest_route=\/wp\/v2\/product\/495","targetHints":{"allow":["GET"]}}],"collection":[{"href":"https:\/\/www.metron-ks.com\/index.php?rest_route=\/wp\/v2\/product"}],"about":[{"href":"https:\/\/www.metron-ks.com\/index.php?rest_route=\/wp\/v2\/types\/product"}],"replies":[{"embeddable":true,"href":"https:\/\/www.metron-ks.com\/index.php?rest_route=%2Fwp%2Fv2%2Fcomments&post=495"}],"wp:featuredmedia":[{"embeddable":true,"href":"https:\/\/www.metron-ks.com\/index.php?rest_route=\/wp\/v2\/media\/3367"}],"wp:attachment":[{"href":"https:\/\/www.metron-ks.com\/index.php?rest_route=%2Fwp%2Fv2%2Fmedia&parent=495"}],"wp:term":[{"taxonomy":"product_brand","embeddable":true,"href":"https:\/\/www.metron-ks.com\/index.php?rest_route=%2Fwp%2Fv2%2Fproduct_brand&post=495"},{"taxonomy":"product_cat","embeddable":true,"href":"https:\/\/www.metron-ks.com\/index.php?rest_route=%2Fwp%2Fv2%2Fproduct_cat&post=495"},{"taxonomy":"product_tag","embeddable":true,"href":"https:\/\/www.metron-ks.com\/index.php?rest_route=%2Fwp%2Fv2%2Fproduct_tag&post=495"}],"curies":[{"name":"wp","href":"https:\/\/api.w.org\/{rel}","templated":true}]}}