{"id":4951,"date":"2023-09-28T14:22:51","date_gmt":"2023-09-28T14:22:51","guid":{"rendered":"https:\/\/www.metron-ks.com\/?post_type=product&#038;p=4951"},"modified":"2024-12-25T11:28:10","modified_gmt":"2024-12-25T11:28:10","slug":"degjuese-swissten-tws-bluetooth-protune","status":"publish","type":"product","link":"https:\/\/www.metron-ks.com\/?product=degjuese-swissten-tws-bluetooth-protune","title":{"rendered":"D\u00cbGJUESE SWISSTEN TWS BLUETOOTH PROTUNE"},"content":{"rendered":"<p>Versioni i Bluetooth: 5.0<br \/>\nGama e Bluetooth: deri n\u00eb 10 m<br \/>\nFuqia: 2\u00d73 mW<br \/>\nImpedanca: 32 O hm<br \/>\nMadh\u00ebsia e kufjeve: 13 mm<br \/>\nNdjeshm\u00ebria e mikrofonit: -42 dB \u00b1 3 dB<br \/>\nShkalla sinjal ndaj zhurm\u00ebs: 55 dB<br \/>\nShtrirja e frekuenc\u00ebs: 20 Hz \u2013 20 kHz<br \/>\nTension\/rrym\u00eb e ringarkueshme: 5V DC 0.3A<br \/>\nKoha e punes: 3 or\u00eb<br \/>\nKoha e karikimit: 1.5 or\u00eb<br \/>\nKoha e gatishm\u00ebris\u00eb: 150 or\u00eb<br \/>\nKapaciteti i bateris\u00eb s\u00eb kufjeve: 2\u00d730 mAh<br \/>\nKapaciteti i bateris\u00eb s\u00eb kutis\u00eb: 250 mAh<br \/>\nPesha e kutis\u00eb: 22 g<br \/>\nPesha e kufjeve: 2\u00d73.2 g<br \/>\nMateriali: ABS + silikon<\/p>\n","protected":false},"excerpt":{"rendered":"<p>54400100<\/p>\n","protected":false},"featured_media":4952,"comment_status":"open","ping_status":"closed","template":"","meta":[],"product_brand":[],"product_cat":[118,113,168],"product_tag":[],"class_list":{"0":"post-4951","1":"product","2":"type-product","3":"status-publish","4":"has-post-thumbnail","6":"product_cat-aksesore","7":"product_cat-celulartabletnavigim","8":"product_cat-kufje-celulartabletnavigim","10":"first","11":"instock","12":"shipping-taxable","13":"purchasable","14":"product-type-simple"},"_links":{"self":[{"href":"https:\/\/www.metron-ks.com\/index.php?rest_route=\/wp\/v2\/product\/4951","targetHints":{"allow":["GET"]}}],"collection":[{"href":"https:\/\/www.metron-ks.com\/index.php?rest_route=\/wp\/v2\/product"}],"about":[{"href":"https:\/\/www.metron-ks.com\/index.php?rest_route=\/wp\/v2\/types\/product"}],"replies":[{"embeddable":true,"href":"https:\/\/www.metron-ks.com\/index.php?rest_route=%2Fwp%2Fv2%2Fcomments&post=4951"}],"wp:featuredmedia":[{"embeddable":true,"href":"https:\/\/www.metron-ks.com\/index.php?rest_route=\/wp\/v2\/media\/4952"}],"wp:attachment":[{"href":"https:\/\/www.metron-ks.com\/index.php?rest_route=%2Fwp%2Fv2%2Fmedia&parent=4951"}],"wp:term":[{"taxonomy":"product_brand","embeddable":true,"href":"https:\/\/www.metron-ks.com\/index.php?rest_route=%2Fwp%2Fv2%2Fproduct_brand&post=4951"},{"taxonomy":"product_cat","embeddable":true,"href":"https:\/\/www.metron-ks.com\/index.php?rest_route=%2Fwp%2Fv2%2Fproduct_cat&post=4951"},{"taxonomy":"product_tag","embeddable":true,"href":"https:\/\/www.metron-ks.com\/index.php?rest_route=%2Fwp%2Fv2%2Fproduct_tag&post=4951"}],"curies":[{"name":"wp","href":"https:\/\/api.w.org\/{rel}","templated":true}]}}