{"id":4961,"date":"2023-10-16T13:13:06","date_gmt":"2023-10-16T13:13:06","guid":{"rendered":"https:\/\/www.metron-ks.com\/?post_type=product&#038;p=4961"},"modified":"2024-12-25T11:26:29","modified_gmt":"2024-12-25T11:26:29","slug":"kufje-samsung-galaxy-buds-fe-te-bardha","status":"publish","type":"product","link":"https:\/\/www.metron-ks.com\/?product=kufje-samsung-galaxy-buds-fe-te-bardha","title":{"rendered":"Kufje Samsung Galaxy Buds FE, t\u00eb bardha"},"content":{"rendered":"<p>Galaxy Buds FE, me dizajnin e tyre kompakt dhe ergonomik, jan\u00eb k\u00ebtu p\u00ebr t\u00eb ofruar nj\u00eb p\u00ebrvoj\u00eb t\u00eb jasht\u00ebzakonshme d\u00ebgjimi. Blloko zhurm\u00ebn e pad\u00ebshiruar me anulimin aktiv t\u00eb zhurm\u00ebs,\u00a0dhe sinkronizoni pa probleme me pajisjet tuaja Samsung Galaxy.<\/p>\n<p>Anulimi aktiv i zhurm\u00ebs ju v\u00eb menj\u00ebher\u00eb vet\u00ebm me muzik\u00ebn tuaj n\u00eb nj\u00eb hap\u00ebsir\u00eb t\u00eb qet\u00eb. Mbani larg shp\u00ebrqendrimet dhe zhytuni n\u00eb tingullin e past\u00ebr.<\/p>\n<p>Aktivizoni ose \u00e7aktivizoni anulimin aktiv t\u00eb zhurm\u00ebs thjesht duke prekur dhe mbajtur zon\u00ebn e prekjes. N\u00ebse d\u00ebshironi t\u00eb flisni me shokun tuaj pran\u00eb jush, mund t\u00eb kaloni gjithashtu n\u00eb modalitetin &#8220;Ambient Sound&#8221; p\u00ebr t\u00eb\u00a0d\u00ebgjuar pa pasur nevoj\u00eb t\u00eb hiqni kufjet tuaja.<\/p>\n<p>Tingulli yt t\u00eb ndjek pa probleme nd\u00ebrsa \u00e7iftohesh me pajisjet e tjera Samsung Galaxy duke p\u00ebrdorur Auto Switch ose lidhesh me nj\u00eb prekje, ose Bixby. Tingulli juaj madje q\u00ebndron me ju nd\u00ebrsa kaloni pajisjen\u00a0nga telefoni inteligjent n\u00eb televizor n\u00ebp\u00ebrmjet Smart View, n\u00eb m\u00ebnyr\u00eb q\u00eb t\u00eb mund t\u00eb vazhdoni t\u00eb shikoni shfaqjen tuaj n\u00eb ekranin m\u00eb t\u00eb madh pa humbur asnj\u00eb rit\u00ebm.<\/p>\n<p>Aktivizo Bixby Voice dhe p\u00ebrdor z\u00ebrin p\u00ebr t\u00eb par\u00eb motin, p\u00ebr t\u00eb k\u00ebrkuar k\u00ebng\u00eb, p\u00ebr t&#8217;u d\u00ebrguar mesazh miqve dhe m\u00eb shum\u00eb. Thjesht thuaj &#8220;Hi, Bixby&#8221; dhe k\u00ebrkoji Bixby ta b\u00ebj\u00eb at\u00eb p\u00ebr ty.<\/p>\n<p>Keni humbur kufjet tuaja? Epo, nuk do t\u00eb zgjas\u00eb shum\u00eb. Gjurmoni ato duke p\u00ebrdorur vendndodhjen e kufjeve.<\/p>\n<p>Galaxy Buds FE ju jep nj\u00eb alarm kur i lini kufjet tuaja pas, k\u00ebshtu q\u00eb nuk do t&#8217;ju duhet t\u00eb ecni me kilometra prapa per t&#8217;i gjetur ato.<\/p>\n<p>Me aplikacionin Galaxy Wearable, mund t\u00eb personalizoni shpejt cil\u00ebsimet e Galaxy Buds FE direkt nga pajisjet tuaja Samsung Galaxy.<\/p>\n<p>Specifikat<\/p>\n<p>Numri i mic: 6<br \/>\nSpeaker: Custom 1-kah\u00ebshe<br \/>\nAmbient Sount: Po<br \/>\nAnulimi I zhurm\u00ebs: Po<br \/>\nKodiku i audios: SSC (Samsung Scalable Codec),AAC,SBC<br \/>\nVersioni Bluetooth: Bluetooth v5.2<br \/>\nProfilet Bluetooth: A2DP,AVRCP,HFP<br \/>\nNd\u00ebrrimi automatik: Po<br \/>\nSensor\u00ebt: Hall Sensor,Proximity Sensor,Touch Sensor<br \/>\nDimensioni i kufjes: (HxWxD) 19,2 x 17,1 x 22,2 mm<br \/>\nPesha e kufjeve: 5,6 g<br \/>\nDimensioni i kas\u00ebs (HxWxD): 50,0 x 50,0 x 27,7 mm<br \/>\nPesha e kas\u00ebs: 40 g<br \/>\nBateria<br \/>\nE l\u00ebvizshme: Jo<br \/>\nKoha e bised\u00ebs\/Telefonata : 4\/14 or\u00eb (ANC joaktiv), 3,5\/13 or\u00eb (ANC aktiv)<br \/>\nKoha e audios : 8,5\/30 or\u00eb (ANC joaktiv), 6\/21 or\u00eb (ANC aktiv)<br \/>\nKapaciteti i bateris\u00eb (kufje): 60 mAh<br \/>\nKapaciteti i bateris\u00eb (kas\u00eb): 479 mAh<br \/>\nSmartThings Find: Po<br \/>\nBixby Voice Wake-up: Po<\/p>\n","protected":false},"excerpt":{"rendered":"<p>SM-R400NZWAEUC<\/p>\n","protected":false},"featured_media":4967,"comment_status":"open","ping_status":"closed","template":"","meta":[],"product_brand":[],"product_cat":[118,113,44,168],"product_tag":[],"class_list":{"0":"post-4961","1":"product","2":"type-product","3":"status-publish","4":"has-post-thumbnail","6":"product_cat-aksesore","7":"product_cat-celulartabletnavigim","8":"product_cat-kufje","9":"product_cat-kufje-celulartabletnavigim","11":"first","12":"instock","13":"shipping-taxable","14":"purchasable","15":"product-type-simple"},"_links":{"self":[{"href":"https:\/\/www.metron-ks.com\/index.php?rest_route=\/wp\/v2\/product\/4961","targetHints":{"allow":["GET"]}}],"collection":[{"href":"https:\/\/www.metron-ks.com\/index.php?rest_route=\/wp\/v2\/product"}],"about":[{"href":"https:\/\/www.metron-ks.com\/index.php?rest_route=\/wp\/v2\/types\/product"}],"replies":[{"embeddable":true,"href":"https:\/\/www.metron-ks.com\/index.php?rest_route=%2Fwp%2Fv2%2Fcomments&post=4961"}],"wp:featuredmedia":[{"embeddable":true,"href":"https:\/\/www.metron-ks.com\/index.php?rest_route=\/wp\/v2\/media\/4967"}],"wp:attachment":[{"href":"https:\/\/www.metron-ks.com\/index.php?rest_route=%2Fwp%2Fv2%2Fmedia&parent=4961"}],"wp:term":[{"taxonomy":"product_brand","embeddable":true,"href":"https:\/\/www.metron-ks.com\/index.php?rest_route=%2Fwp%2Fv2%2Fproduct_brand&post=4961"},{"taxonomy":"product_cat","embeddable":true,"href":"https:\/\/www.metron-ks.com\/index.php?rest_route=%2Fwp%2Fv2%2Fproduct_cat&post=4961"},{"taxonomy":"product_tag","embeddable":true,"href":"https:\/\/www.metron-ks.com\/index.php?rest_route=%2Fwp%2Fv2%2Fproduct_tag&post=4961"}],"curies":[{"name":"wp","href":"https:\/\/api.w.org\/{rel}","templated":true}]}}