{"id":504,"date":"2023-03-06T22:20:59","date_gmt":"2023-03-06T22:20:59","guid":{"rendered":"https:\/\/www.metron-ks.com\/product\/kabllo-vazhduese-hama-6-priza-3-m-e-bardhe\/"},"modified":"2025-01-21T13:40:14","modified_gmt":"2025-01-21T13:40:14","slug":"kabllo-vazhduese-hama-6-priza-3-m-e-bardhe","status":"publish","type":"product","link":"https:\/\/www.metron-ks.com\/?product=kabllo-vazhduese-hama-6-priza-3-m-e-bardhe","title":{"rendered":"Kabllo vazhduese Hama, 6 priza, 3 m, e bardh\u00eb"},"content":{"rendered":"<p>Kabllo elektrike vazhduese p\u00ebr lidhjen deri n\u00eb gjasht\u00eb pajisje elektrike.<br \/>\n\u00c7el\u00ebsi i ndezjes\/fikjes me dy pole i ndri\u00e7uar n\u00eb ngjyr\u00eb t\u00eb gjelb\u00ebr.<br \/>\nPrizat me k\u00ebnd n\u00eb 45\u00b0.<\/p>\n<p>Furnizimi: 250 V.<br \/>\nKarakteristikat kryesore: 16A.<br \/>\nKarikimi maksimal: 3680 W.<br \/>\nKabllo t\u00eb tipit H05VV-F3G1.5.<br \/>\nMateriali: Plastik<br \/>\nNumri i prizave: 6.<br \/>\nGjat\u00ebsia e kabllit: 1.4 m.<\/p>\n","protected":false},"excerpt":{"rendered":"<p>Kabllo vazhduese Hama, 6 priza, 3 m, e bardh\u00eb 223008<\/p>\n","protected":false},"featured_media":3339,"comment_status":"closed","ping_status":"closed","template":"","meta":[],"product_brand":[],"product_cat":[118,136,151],"product_tag":[],"class_list":{"0":"post-504","1":"product","2":"type-product","3":"status-publish","4":"has-post-thumbnail","6":"product_cat-aksesore","7":"product_cat-pajisje-shtepiake","8":"product_cat-prizakabllo-vazhduese","10":"first","11":"instock","12":"shipping-taxable","13":"purchasable","14":"product-type-simple"},"_links":{"self":[{"href":"https:\/\/www.metron-ks.com\/index.php?rest_route=\/wp\/v2\/product\/504","targetHints":{"allow":["GET"]}}],"collection":[{"href":"https:\/\/www.metron-ks.com\/index.php?rest_route=\/wp\/v2\/product"}],"about":[{"href":"https:\/\/www.metron-ks.com\/index.php?rest_route=\/wp\/v2\/types\/product"}],"replies":[{"embeddable":true,"href":"https:\/\/www.metron-ks.com\/index.php?rest_route=%2Fwp%2Fv2%2Fcomments&post=504"}],"wp:featuredmedia":[{"embeddable":true,"href":"https:\/\/www.metron-ks.com\/index.php?rest_route=\/wp\/v2\/media\/3339"}],"wp:attachment":[{"href":"https:\/\/www.metron-ks.com\/index.php?rest_route=%2Fwp%2Fv2%2Fmedia&parent=504"}],"wp:term":[{"taxonomy":"product_brand","embeddable":true,"href":"https:\/\/www.metron-ks.com\/index.php?rest_route=%2Fwp%2Fv2%2Fproduct_brand&post=504"},{"taxonomy":"product_cat","embeddable":true,"href":"https:\/\/www.metron-ks.com\/index.php?rest_route=%2Fwp%2Fv2%2Fproduct_cat&post=504"},{"taxonomy":"product_tag","embeddable":true,"href":"https:\/\/www.metron-ks.com\/index.php?rest_route=%2Fwp%2Fv2%2Fproduct_tag&post=504"}],"curies":[{"name":"wp","href":"https:\/\/api.w.org\/{rel}","templated":true}]}}