{"id":506,"date":"2023-03-06T22:20:59","date_gmt":"2023-03-06T22:20:59","guid":{"rendered":"https:\/\/www.metron-ks.com\/product\/kabllo-vazhduese-hama-6-priza-5-m-e-zeze-137266\/"},"modified":"2025-01-21T13:43:27","modified_gmt":"2025-01-21T13:43:27","slug":"kabllo-vazhduese-hama-6-priza-5-m-e-zeze-137266","status":"publish","type":"product","link":"https:\/\/www.metron-ks.com\/?product=kabllo-vazhduese-hama-6-priza-5-m-e-zeze-137266","title":{"rendered":"Kabllo vazhduese Hama, 6 priza, 5 m, e zez\u00eb, 137266"},"content":{"rendered":"<p style=\"box-sizing: border-box; margin-right: 0px; margin-bottom: 16px; margin-left: 0px; text-rendering: optimizelegibility; -webkit-font-smoothing: antialiased; color: #606975; font-family: 'Maven Pro', Helvetica, Arial, sans-serif;\">Kabllo e rrym\u00ebs p\u00ebr lidhjen deri n\u00eb 6 konsumator\u00eb elektrik\u00eb.<\/p>\n<p style=\"box-sizing: border-box; margin-right: 0px; margin-bottom: 16px; margin-left: 0px; text-rendering: optimizelegibility; -webkit-font-smoothing: antialiased; color: #606975; font-family: 'Maven Pro', Helvetica, Arial, sans-serif;\">Nd\u00ebrprer\u00ebs 2-pole, t\u00eb\u00a0ndri\u00e7uar.<\/p>\n<p style=\"box-sizing: border-box; margin-right: 0px; margin-bottom: 16px; margin-left: 0px; text-rendering: optimizelegibility; -webkit-font-smoothing: antialiased; color: #606975; font-family: 'Maven Pro', Helvetica, Arial, sans-serif;\">Prizat e kthyera 45 \u00b0<\/p>\n<p style=\"box-sizing: border-box; margin-right: 0px; margin-bottom: 16px; margin-left: 0px; text-rendering: optimizelegibility; -webkit-font-smoothing: antialiased; color: #606975; font-family: 'Maven Pro', Helvetica, Arial, sans-serif;\">Mbrojtje p\u00ebr f\u00ebmije.<\/p>\n<p style=\"box-sizing: border-box; margin-right: 0px; margin-bottom: 16px; margin-left: 0px; text-rendering: optimizelegibility; -webkit-font-smoothing: antialiased; color: #606975; font-family: 'Maven Pro', Helvetica, Arial, sans-serif;\">GS testuar.<\/p>\n<p style=\"box-sizing: border-box; margin-right: 0px; margin-bottom: 16px; margin-left: 0px; text-rendering: optimizelegibility; -webkit-font-smoothing: antialiased; color: #606975; font-family: 'Maven Pro', Helvetica, Arial, sans-serif;\">Tensioni i funksionimit 230 V<\/p>\n<p style=\"box-sizing: border-box; margin-right: 0px; margin-bottom: 16px; margin-left: 0px; text-rendering: optimizelegibility; -webkit-font-smoothing: antialiased; color: #606975; font-family: 'Maven Pro', Helvetica, Arial, sans-serif;\">Lloji i kabllit H05VV-F3G1.5<\/p>\n<p style=\"box-sizing: border-box; margin-right: 0px; margin-bottom: 16px; margin-left: 0px; text-rendering: optimizelegibility; -webkit-font-smoothing: antialiased; color: #606975; font-family: 'Maven Pro', Helvetica, Arial, sans-serif;\">Maks. Ngarkesa e lidhur 3680 W<\/p>\n<p style=\"box-sizing: border-box; margin-right: 0px; margin-bottom: 16px; margin-left: 0px; text-rendering: optimizelegibility; -webkit-font-smoothing: antialiased; color: #606975; font-family: 'Maven Pro', Helvetica, Arial, sans-serif;\">Numri i telave 3<\/p>\n<p style=\"box-sizing: border-box; margin-right: 0px; margin-bottom: 16px; margin-left: 0px; text-rendering: optimizelegibility; -webkit-font-smoothing: antialiased; color: #606975; font-family: 'Maven Pro', Helvetica, Arial, sans-serif;\">Materiali PLastik\u00eb<\/p>\n<p style=\"box-sizing: border-box; margin-right: 0px; margin-bottom: 16px; margin-left: 0px; text-rendering: optimizelegibility; -webkit-font-smoothing: antialiased; color: #606975; font-family: 'Maven Pro', Helvetica, Arial, sans-serif;\">Gjat\u00ebsia e kabllos5 m<\/p>\n","protected":false},"excerpt":{"rendered":"<p>Kabllo e rrym\u00ebs Hama, 6 priza, 5 m, e zez\u00eb<\/p>\n","protected":false},"featured_media":3336,"comment_status":"closed","ping_status":"closed","template":"","meta":[],"product_brand":[],"product_cat":[118,136,151],"product_tag":[],"class_list":{"0":"post-506","1":"product","2":"type-product","3":"status-publish","4":"has-post-thumbnail","6":"product_cat-aksesore","7":"product_cat-pajisje-shtepiake","8":"product_cat-prizakabllo-vazhduese","10":"first","11":"instock","12":"shipping-taxable","13":"purchasable","14":"product-type-simple"},"_links":{"self":[{"href":"https:\/\/www.metron-ks.com\/index.php?rest_route=\/wp\/v2\/product\/506","targetHints":{"allow":["GET"]}}],"collection":[{"href":"https:\/\/www.metron-ks.com\/index.php?rest_route=\/wp\/v2\/product"}],"about":[{"href":"https:\/\/www.metron-ks.com\/index.php?rest_route=\/wp\/v2\/types\/product"}],"replies":[{"embeddable":true,"href":"https:\/\/www.metron-ks.com\/index.php?rest_route=%2Fwp%2Fv2%2Fcomments&post=506"}],"wp:featuredmedia":[{"embeddable":true,"href":"https:\/\/www.metron-ks.com\/index.php?rest_route=\/wp\/v2\/media\/3336"}],"wp:attachment":[{"href":"https:\/\/www.metron-ks.com\/index.php?rest_route=%2Fwp%2Fv2%2Fmedia&parent=506"}],"wp:term":[{"taxonomy":"product_brand","embeddable":true,"href":"https:\/\/www.metron-ks.com\/index.php?rest_route=%2Fwp%2Fv2%2Fproduct_brand&post=506"},{"taxonomy":"product_cat","embeddable":true,"href":"https:\/\/www.metron-ks.com\/index.php?rest_route=%2Fwp%2Fv2%2Fproduct_cat&post=506"},{"taxonomy":"product_tag","embeddable":true,"href":"https:\/\/www.metron-ks.com\/index.php?rest_route=%2Fwp%2Fv2%2Fproduct_tag&post=506"}],"curies":[{"name":"wp","href":"https:\/\/api.w.org\/{rel}","templated":true}]}}