{"id":507,"date":"2023-03-06T22:21:00","date_gmt":"2023-03-06T22:21:00","guid":{"rendered":"https:\/\/www.metron-ks.com\/product\/kabllo-vazhduese-hama-7-priza-1-4-m-bardhe-108848\/"},"modified":"2025-01-21T13:36:30","modified_gmt":"2025-01-21T13:36:30","slug":"kabllo-vazhduese-hama-7-priza-1-4-m-bardhe-108848","status":"publish","type":"product","link":"https:\/\/www.metron-ks.com\/?product=kabllo-vazhduese-hama-7-priza-1-4-m-bardhe-108848","title":{"rendered":"Kabllo vazhduese Hama, 7 priza, 1.4 m, bardh\u00eb, 108848"},"content":{"rendered":"<p style=\"box-sizing: border-box; margin-right: 0px; margin-bottom: 16px; margin-left: 0px; text-rendering: optimizelegibility; -webkit-font-smoothing: antialiased; color: #606975; font-family: 'Maven Pro', Helvetica, Arial, sans-serif;\">Kabllo e rrym\u00ebs p\u00ebr lidhjen deri n\u00eb shtat\u00eb\u00a0konsumator\u00eb elektrik\u00eb.<\/p>\n<p style=\"box-sizing: border-box; margin-right: 0px; margin-bottom: 16px; margin-left: 0px; text-rendering: optimizelegibility; -webkit-font-smoothing: antialiased; color: #606975; font-family: 'Maven Pro', Helvetica, Arial, sans-serif;\">Nd\u00ebrprer\u00ebs 2-pole, t\u00eb\u00a0ndri\u00e7uar.<\/p>\n<p style=\"box-sizing: border-box; margin-right: 0px; margin-bottom: 16px; margin-left: 0px; text-rendering: optimizelegibility; -webkit-font-smoothing: antialiased; color: #606975; font-family: 'Maven Pro', Helvetica, Arial, sans-serif;\">Prizat e kthyera 45 \u00b0<\/p>\n<p style=\"box-sizing: border-box; margin-right: 0px; margin-bottom: 16px; margin-left: 0px; text-rendering: optimizelegibility; -webkit-font-smoothing: antialiased; color: #606975; font-family: 'Maven Pro', Helvetica, Arial, sans-serif;\">Mbrojtje p\u00ebr f\u00ebmij<span style=\"color: #606975; font-family: 'Maven Pro', Helvetica, Arial, sans-serif;\">\u00eb<\/span><\/p>\n","protected":false},"excerpt":{"rendered":"<p>Kabllo e rrym\u00ebs Hama, 7 priza, 1.4 m, bardh\u00eb<\/p>\n","protected":false},"featured_media":3333,"comment_status":"closed","ping_status":"closed","template":"","meta":[],"product_brand":[],"product_cat":[118,136,151],"product_tag":[],"class_list":{"0":"post-507","1":"product","2":"type-product","3":"status-publish","4":"has-post-thumbnail","6":"product_cat-aksesore","7":"product_cat-pajisje-shtepiake","8":"product_cat-prizakabllo-vazhduese","10":"first","11":"instock","12":"shipping-taxable","13":"purchasable","14":"product-type-simple"},"_links":{"self":[{"href":"https:\/\/www.metron-ks.com\/index.php?rest_route=\/wp\/v2\/product\/507","targetHints":{"allow":["GET"]}}],"collection":[{"href":"https:\/\/www.metron-ks.com\/index.php?rest_route=\/wp\/v2\/product"}],"about":[{"href":"https:\/\/www.metron-ks.com\/index.php?rest_route=\/wp\/v2\/types\/product"}],"replies":[{"embeddable":true,"href":"https:\/\/www.metron-ks.com\/index.php?rest_route=%2Fwp%2Fv2%2Fcomments&post=507"}],"wp:featuredmedia":[{"embeddable":true,"href":"https:\/\/www.metron-ks.com\/index.php?rest_route=\/wp\/v2\/media\/3333"}],"wp:attachment":[{"href":"https:\/\/www.metron-ks.com\/index.php?rest_route=%2Fwp%2Fv2%2Fmedia&parent=507"}],"wp:term":[{"taxonomy":"product_brand","embeddable":true,"href":"https:\/\/www.metron-ks.com\/index.php?rest_route=%2Fwp%2Fv2%2Fproduct_brand&post=507"},{"taxonomy":"product_cat","embeddable":true,"href":"https:\/\/www.metron-ks.com\/index.php?rest_route=%2Fwp%2Fv2%2Fproduct_cat&post=507"},{"taxonomy":"product_tag","embeddable":true,"href":"https:\/\/www.metron-ks.com\/index.php?rest_route=%2Fwp%2Fv2%2Fproduct_tag&post=507"}],"curies":[{"name":"wp","href":"https:\/\/api.w.org\/{rel}","templated":true}]}}