{"id":5075,"date":"2023-10-25T14:33:53","date_gmt":"2023-10-25T14:33:53","guid":{"rendered":"https:\/\/www.metron-ks.com\/?post_type=product&#038;p=5075"},"modified":"2024-12-25T08:19:34","modified_gmt":"2024-12-25T08:19:34","slug":"toster-elit-3-ne-1-smgw-19","status":"publish","type":"product","link":"https:\/\/www.metron-ks.com\/?product=toster-elit-3-ne-1-smgw-19","title":{"rendered":"Toster ELIT 3 n\u00eb 1, SMGW-19"},"content":{"rendered":"<p>Toster 3 n\u00eb 1<br \/>\n220-240V~50\/60Hz 750W<br \/>\nSiperfaqe jo ngjit\u00ebse e shk\u00ebputshme<br \/>\nPllak\u00eb e ndashme: Grill, Trek\u00ebnd\u00ebsh, Fuqia, Wafle<br \/>\nKontroll automatik i temperatur\u00ebs<br \/>\nMadh\u00ebsia e pllak\u00ebs: 23x13cm<\/p>\n","protected":false},"excerpt":{"rendered":"<p>11777<\/p>\n","protected":false},"featured_media":5076,"comment_status":"open","ping_status":"closed","template":"","meta":[],"product_brand":[],"product_cat":[118,136,199],"product_tag":[],"class_list":{"0":"post-5075","1":"product","2":"type-product","3":"status-publish","4":"has-post-thumbnail","6":"product_cat-aksesore","7":"product_cat-pajisje-shtepiake","8":"product_cat-toster","10":"first","11":"instock","12":"shipping-taxable","13":"purchasable","14":"product-type-simple"},"_links":{"self":[{"href":"https:\/\/www.metron-ks.com\/index.php?rest_route=\/wp\/v2\/product\/5075","targetHints":{"allow":["GET"]}}],"collection":[{"href":"https:\/\/www.metron-ks.com\/index.php?rest_route=\/wp\/v2\/product"}],"about":[{"href":"https:\/\/www.metron-ks.com\/index.php?rest_route=\/wp\/v2\/types\/product"}],"replies":[{"embeddable":true,"href":"https:\/\/www.metron-ks.com\/index.php?rest_route=%2Fwp%2Fv2%2Fcomments&post=5075"}],"wp:featuredmedia":[{"embeddable":true,"href":"https:\/\/www.metron-ks.com\/index.php?rest_route=\/wp\/v2\/media\/5076"}],"wp:attachment":[{"href":"https:\/\/www.metron-ks.com\/index.php?rest_route=%2Fwp%2Fv2%2Fmedia&parent=5075"}],"wp:term":[{"taxonomy":"product_brand","embeddable":true,"href":"https:\/\/www.metron-ks.com\/index.php?rest_route=%2Fwp%2Fv2%2Fproduct_brand&post=5075"},{"taxonomy":"product_cat","embeddable":true,"href":"https:\/\/www.metron-ks.com\/index.php?rest_route=%2Fwp%2Fv2%2Fproduct_cat&post=5075"},{"taxonomy":"product_tag","embeddable":true,"href":"https:\/\/www.metron-ks.com\/index.php?rest_route=%2Fwp%2Fv2%2Fproduct_tag&post=5075"}],"curies":[{"name":"wp","href":"https:\/\/api.w.org\/{rel}","templated":true}]}}