{"id":509,"date":"2023-03-06T22:21:00","date_gmt":"2023-03-06T22:21:00","guid":{"rendered":"https:\/\/www.metron-ks.com\/product\/kabllo-vazhduese-hama-usb-2-0-3-m\/"},"modified":"2025-01-21T13:39:23","modified_gmt":"2025-01-21T13:39:23","slug":"kabllo-vazhduese-hama-usb-2-0-3-m","status":"publish","type":"product","link":"https:\/\/www.metron-ks.com\/?product=kabllo-vazhduese-hama-usb-2-0-3-m","title":{"rendered":"Kabllo vazhduese Hama, USB 2.0, 3 m"},"content":{"rendered":"<p>Ju duhet kabllo vazhduese p\u00ebr paisjet e juaja? Me nj\u00eb kabllo USB vazhdues ju e merrni lirin\u00eb e l\u00ebvizjes p\u00ebrs\u00ebri dhe mund t\u00eb punoni shum\u00eb t\u00eb relaksuar.<\/p>\n<p>P\u00ebrdoret p\u00ebr vazhdimin e\u00a0kabllos\u00a0USB 2.0 ose nj\u00eb pajisje USB 2.0 me nj\u00eb kabllo t\u00eb integruar (p.sh. nj\u00eb maus, tastier\u00eb, kamer\u00eb, kufje, altoparlant, MP3 player, etj.<\/p>\n<p>I p\u00ebrshtatsh\u00ebm dhe i testuar p\u00ebr USB 2.0, kompatibil me USB 1.1.<\/p>\n<p>P\u00ebr\u00e7uesi i brendsh\u00ebm \u00ebsht\u00eb prej bakri i cili siguron vetit\u00eb m\u00eb t\u00eb mira t\u00eb transmetimit.<\/p>\n<p>Mbrojtje shtes\u00eb p\u00ebr zvog\u00eblimin e mir\u00eb t\u00eb nd\u00ebrhyrjes elektromagnetike.<\/p>\n<p>Ngjyra:E zez\u00eb.<\/p>\n<p>Gjat\u00ebsija e kabllos: 3m.<\/p>\n<p>Max. Shkalla e transferimit t\u00eb t\u00eb dh\u00ebnave 480 Mbit \/ s.<\/p>\n<p>Konektor\u00ebt:\u00a0USB 2.0 A , USB 2.0 A.<\/p>\n","protected":false},"excerpt":{"rendered":"<p>Kabllo vazhduese Hama, USB 2.0, 3m 200620<\/p>\n","protected":false},"featured_media":3334,"comment_status":"closed","ping_status":"closed","template":"","meta":[],"product_brand":[],"product_cat":[118,176,141],"product_tag":[],"class_list":{"0":"post-509","1":"product","2":"type-product","3":"status-publish","4":"has-post-thumbnail","6":"product_cat-aksesore","7":"product_cat-kabllo-pclaptop","8":"product_cat-pclaptop","10":"first","11":"instock","12":"shipping-taxable","13":"purchasable","14":"product-type-simple"},"_links":{"self":[{"href":"https:\/\/www.metron-ks.com\/index.php?rest_route=\/wp\/v2\/product\/509","targetHints":{"allow":["GET"]}}],"collection":[{"href":"https:\/\/www.metron-ks.com\/index.php?rest_route=\/wp\/v2\/product"}],"about":[{"href":"https:\/\/www.metron-ks.com\/index.php?rest_route=\/wp\/v2\/types\/product"}],"replies":[{"embeddable":true,"href":"https:\/\/www.metron-ks.com\/index.php?rest_route=%2Fwp%2Fv2%2Fcomments&post=509"}],"wp:featuredmedia":[{"embeddable":true,"href":"https:\/\/www.metron-ks.com\/index.php?rest_route=\/wp\/v2\/media\/3334"}],"wp:attachment":[{"href":"https:\/\/www.metron-ks.com\/index.php?rest_route=%2Fwp%2Fv2%2Fmedia&parent=509"}],"wp:term":[{"taxonomy":"product_brand","embeddable":true,"href":"https:\/\/www.metron-ks.com\/index.php?rest_route=%2Fwp%2Fv2%2Fproduct_brand&post=509"},{"taxonomy":"product_cat","embeddable":true,"href":"https:\/\/www.metron-ks.com\/index.php?rest_route=%2Fwp%2Fv2%2Fproduct_cat&post=509"},{"taxonomy":"product_tag","embeddable":true,"href":"https:\/\/www.metron-ks.com\/index.php?rest_route=%2Fwp%2Fv2%2Fproduct_tag&post=509"}],"curies":[{"name":"wp","href":"https:\/\/api.w.org\/{rel}","templated":true}]}}