{"id":5091,"date":"2023-10-26T08:07:33","date_gmt":"2023-10-26T08:07:33","guid":{"rendered":"https:\/\/www.metron-ks.com\/?post_type=product&#038;p=5091"},"modified":"2024-12-25T08:14:19","modified_gmt":"2024-12-25T08:14:19","slug":"peshore-elit-eps-18w","status":"publish","type":"product","link":"https:\/\/www.metron-ks.com\/?product=peshore-elit-eps-18w","title":{"rendered":"Peshore ELIT EPS-18W"},"content":{"rendered":"<p>Kapaciteti maksimal: 180 kg<br \/>\nShkalla n\u00eb gram: 100 g<br \/>\n3 masa peshe: Kg \/ St.lb \/ Lb Ekran i madh LCD (48 * 30 mm)<br \/>\nNdezja\/fikja automatike<br \/>\nTreguesi i mbingarkes\u00ebs dhe bateris se dob\u00ebt<br \/>\nXhami i fort\u00eb dhe dizajn tep\u00ebr i holl\u00eb<br \/>\nFurnizimi me energji elektrike: 1xCR2032 bateri litium<\/p>\n","protected":false},"excerpt":{"rendered":"<p>10197<\/p>\n","protected":false},"featured_media":5092,"comment_status":"open","ping_status":"closed","template":"","meta":[],"product_brand":[],"product_cat":[118,155],"product_tag":[],"class_list":{"0":"post-5091","1":"product","2":"type-product","3":"status-publish","4":"has-post-thumbnail","6":"product_cat-aksesore","7":"product_cat-peshore-smart","9":"first","10":"instock","11":"shipping-taxable","12":"purchasable","13":"product-type-simple"},"_links":{"self":[{"href":"https:\/\/www.metron-ks.com\/index.php?rest_route=\/wp\/v2\/product\/5091","targetHints":{"allow":["GET"]}}],"collection":[{"href":"https:\/\/www.metron-ks.com\/index.php?rest_route=\/wp\/v2\/product"}],"about":[{"href":"https:\/\/www.metron-ks.com\/index.php?rest_route=\/wp\/v2\/types\/product"}],"replies":[{"embeddable":true,"href":"https:\/\/www.metron-ks.com\/index.php?rest_route=%2Fwp%2Fv2%2Fcomments&post=5091"}],"wp:featuredmedia":[{"embeddable":true,"href":"https:\/\/www.metron-ks.com\/index.php?rest_route=\/wp\/v2\/media\/5092"}],"wp:attachment":[{"href":"https:\/\/www.metron-ks.com\/index.php?rest_route=%2Fwp%2Fv2%2Fmedia&parent=5091"}],"wp:term":[{"taxonomy":"product_brand","embeddable":true,"href":"https:\/\/www.metron-ks.com\/index.php?rest_route=%2Fwp%2Fv2%2Fproduct_brand&post=5091"},{"taxonomy":"product_cat","embeddable":true,"href":"https:\/\/www.metron-ks.com\/index.php?rest_route=%2Fwp%2Fv2%2Fproduct_cat&post=5091"},{"taxonomy":"product_tag","embeddable":true,"href":"https:\/\/www.metron-ks.com\/index.php?rest_route=%2Fwp%2Fv2%2Fproduct_tag&post=5091"}],"curies":[{"name":"wp","href":"https:\/\/api.w.org\/{rel}","templated":true}]}}