{"id":510,"date":"2023-03-06T22:21:01","date_gmt":"2023-03-06T22:21:01","guid":{"rendered":"https:\/\/www.metron-ks.com\/product\/kabllo-zerimi-hama-2rca-3-5mm-stereo-adapter-1-5m\/"},"modified":"2025-01-21T13:34:13","modified_gmt":"2025-01-21T13:34:13","slug":"kabllo-zerimi-hama-2rca-3-5mm-stereo-adapter-1-5m","status":"publish","type":"product","link":"https:\/\/www.metron-ks.com\/?product=kabllo-zerimi-hama-2rca-3-5mm-stereo-adapter-1-5m","title":{"rendered":"Kabllo z\u00ebrimi Hama, 2RCA &#8211; 3.5mm stereo adapter, 1.5m"},"content":{"rendered":"<p>Kabllo z\u00ebrimi\u00a0p\u00ebr lidhjen e paisjeve me adapter 3.5mm n\u00eb p\u00ebrforcues 2RCA (P.sh MP3 player n\u00eb p\u00ebrforcues).<\/p>\n<p dir=\"ltr\" data-placeholder=\"Translation\">Ngjyra: Zez\u00eb<\/p>\n<p dir=\"ltr\" data-placeholder=\"Translation\">Gjat\u00ebsija: 1.5m<\/p>\n<p id=\"tw-target-text\" dir=\"ltr\" data-placeholder=\"Translation\">Adapteri:\u00a03.5 mm, 2RCA<\/p>\n","protected":false},"excerpt":{"rendered":"<p>Kabllo z\u00ebrimi Hama, 2RCA &#8211; 3.5mm stereo adapter, 1.5m 205110<\/p>\n","protected":false},"featured_media":3324,"comment_status":"closed","ping_status":"closed","template":"","meta":[],"product_brand":[],"product_cat":[118,175,158],"product_tag":[],"class_list":{"0":"post-510","1":"product","2":"type-product","3":"status-publish","4":"has-post-thumbnail","6":"product_cat-aksesore","7":"product_cat-kabllo-pajisje-zerimi","8":"product_cat-pajisje-zerimi","10":"first","11":"instock","12":"shipping-taxable","13":"purchasable","14":"product-type-simple"},"_links":{"self":[{"href":"https:\/\/www.metron-ks.com\/index.php?rest_route=\/wp\/v2\/product\/510","targetHints":{"allow":["GET"]}}],"collection":[{"href":"https:\/\/www.metron-ks.com\/index.php?rest_route=\/wp\/v2\/product"}],"about":[{"href":"https:\/\/www.metron-ks.com\/index.php?rest_route=\/wp\/v2\/types\/product"}],"replies":[{"embeddable":true,"href":"https:\/\/www.metron-ks.com\/index.php?rest_route=%2Fwp%2Fv2%2Fcomments&post=510"}],"wp:featuredmedia":[{"embeddable":true,"href":"https:\/\/www.metron-ks.com\/index.php?rest_route=\/wp\/v2\/media\/3324"}],"wp:attachment":[{"href":"https:\/\/www.metron-ks.com\/index.php?rest_route=%2Fwp%2Fv2%2Fmedia&parent=510"}],"wp:term":[{"taxonomy":"product_brand","embeddable":true,"href":"https:\/\/www.metron-ks.com\/index.php?rest_route=%2Fwp%2Fv2%2Fproduct_brand&post=510"},{"taxonomy":"product_cat","embeddable":true,"href":"https:\/\/www.metron-ks.com\/index.php?rest_route=%2Fwp%2Fv2%2Fproduct_cat&post=510"},{"taxonomy":"product_tag","embeddable":true,"href":"https:\/\/www.metron-ks.com\/index.php?rest_route=%2Fwp%2Fv2%2Fproduct_tag&post=510"}],"curies":[{"name":"wp","href":"https:\/\/api.w.org\/{rel}","templated":true}]}}