{"id":5121,"date":"2023-10-27T07:21:57","date_gmt":"2023-10-27T07:21:57","guid":{"rendered":"https:\/\/www.metron-ks.com\/?post_type=product&#038;p=5121"},"modified":"2024-12-24T15:02:26","modified_gmt":"2024-12-24T15:02:26","slug":"ngrohese-elit-ptc-21","status":"publish","type":"product","link":"https:\/\/www.metron-ks.com\/?product=ngrohese-elit-ptc-21","title":{"rendered":"Ngroh\u00ebse ELit PTC-21"},"content":{"rendered":"<p>Ngroh\u00ebs PTC n\u00eb mur<br \/>\nFuqia e ngrohjes: 1000W\/2000W<br \/>\nL\u00ebkundje automatike e grilave &#8220;lart dhe posht\u00eb&#8221;.<br \/>\nPerzgjedhje: ftoht\u00eb \/ ngroht\u00eb \/ nxeht\u00eb<br \/>\nMbrojtje nga mbinxehja<br \/>\nEkran LCD<br \/>\nMe telekomand\u00eb<br \/>\nKoh\u00ebmat\u00ebsi deri n\u00eb 12 or\u00eb<br \/>\nI pap\u00ebrshkuesh\u00ebm nga uji: IP22<br \/>\nMe var\u00ebse peshqiri<br \/>\nP\u00ebrmasat: 580x210x122cm<\/p>\n","protected":false},"excerpt":{"rendered":"<p>19797<\/p>\n","protected":false},"featured_media":5122,"comment_status":"open","ping_status":"closed","template":"","meta":[],"product_brand":[],"product_cat":[118,202,136],"product_tag":[],"class_list":{"0":"post-5121","1":"product","2":"type-product","3":"status-publish","4":"has-post-thumbnail","6":"product_cat-aksesore","7":"product_cat-ngrohese","8":"product_cat-pajisje-shtepiake","10":"first","11":"instock","12":"shipping-taxable","13":"purchasable","14":"product-type-simple"},"_links":{"self":[{"href":"https:\/\/www.metron-ks.com\/index.php?rest_route=\/wp\/v2\/product\/5121","targetHints":{"allow":["GET"]}}],"collection":[{"href":"https:\/\/www.metron-ks.com\/index.php?rest_route=\/wp\/v2\/product"}],"about":[{"href":"https:\/\/www.metron-ks.com\/index.php?rest_route=\/wp\/v2\/types\/product"}],"replies":[{"embeddable":true,"href":"https:\/\/www.metron-ks.com\/index.php?rest_route=%2Fwp%2Fv2%2Fcomments&post=5121"}],"wp:featuredmedia":[{"embeddable":true,"href":"https:\/\/www.metron-ks.com\/index.php?rest_route=\/wp\/v2\/media\/5122"}],"wp:attachment":[{"href":"https:\/\/www.metron-ks.com\/index.php?rest_route=%2Fwp%2Fv2%2Fmedia&parent=5121"}],"wp:term":[{"taxonomy":"product_brand","embeddable":true,"href":"https:\/\/www.metron-ks.com\/index.php?rest_route=%2Fwp%2Fv2%2Fproduct_brand&post=5121"},{"taxonomy":"product_cat","embeddable":true,"href":"https:\/\/www.metron-ks.com\/index.php?rest_route=%2Fwp%2Fv2%2Fproduct_cat&post=5121"},{"taxonomy":"product_tag","embeddable":true,"href":"https:\/\/www.metron-ks.com\/index.php?rest_route=%2Fwp%2Fv2%2Fproduct_tag&post=5121"}],"curies":[{"name":"wp","href":"https:\/\/api.w.org\/{rel}","templated":true}]}}