{"id":520,"date":"2023-03-06T22:21:04","date_gmt":"2023-03-06T22:21:04","guid":{"rendered":"https:\/\/www.metron-ks.com\/product\/karikues-hama-183242-usb-c-1m-i-zi\/"},"modified":"2025-01-21T13:30:00","modified_gmt":"2025-01-21T13:30:00","slug":"karikues-hama-183242-usb-c-1m-i-zi","status":"publish","type":"product","link":"https:\/\/www.metron-ks.com\/?product=karikues-hama-183242-usb-c-1m-i-zi","title":{"rendered":"Karikues Hama, USB-C, 1m , i zi, 201618"},"content":{"rendered":"<p>Shpejt\u00ebsi\u00a0maksimale e garantuar e karikimit me nj\u00eb ngarkes\u00eb t\u00eb optimizuar p\u00ebr pajisjen.<br \/>\nPajisjet e lidhura njihen automatikisht dhe ngarkohen n\u00eb m\u00ebnyr\u00eb optimale.<br \/>\nProcesi i optimizuar i karikimit mbron baterin\u00eb dhe k\u00ebshtu zgjat jet\u00ebn e sh\u00ebrbimit.<br \/>\nRryma e karikimit max. 2.4 A p\u00ebr karikim t\u00eb shpejt\u00eb.<br \/>\nLidhje e p\u00ebrshtatshme dhe e shpejt\u00eb fal\u00eb lidh\u00ebsit USB-C q\u00eb mund t\u00eb p\u00ebrdoret nga t\u00eb dy an\u00ebt.<\/p>\n<p>Tensioni i daljes \/ rryma e daljes 5V \/ 2.4A<br \/>\nShtrirja e tensionit t\u00eb hyrjes nga \/ n\u00eb 100-240 V<br \/>\nMaks. Fuqia e daljes 12 W.<br \/>\nGjatesija e kabllos: 1m<\/p>\n","protected":false},"excerpt":{"rendered":"<p>201618<\/p>\n","protected":false},"featured_media":3308,"comment_status":"closed","ping_status":"closed","template":"","meta":[],"product_brand":[],"product_cat":[113,115],"product_tag":[],"class_list":{"0":"post-520","1":"product","2":"type-product","3":"status-publish","4":"has-post-thumbnail","6":"product_cat-celulartabletnavigim","7":"product_cat-karikues-celulartabletnavigim","9":"first","10":"instock","11":"shipping-taxable","12":"purchasable","13":"product-type-simple"},"_links":{"self":[{"href":"https:\/\/www.metron-ks.com\/index.php?rest_route=\/wp\/v2\/product\/520","targetHints":{"allow":["GET"]}}],"collection":[{"href":"https:\/\/www.metron-ks.com\/index.php?rest_route=\/wp\/v2\/product"}],"about":[{"href":"https:\/\/www.metron-ks.com\/index.php?rest_route=\/wp\/v2\/types\/product"}],"replies":[{"embeddable":true,"href":"https:\/\/www.metron-ks.com\/index.php?rest_route=%2Fwp%2Fv2%2Fcomments&post=520"}],"wp:featuredmedia":[{"embeddable":true,"href":"https:\/\/www.metron-ks.com\/index.php?rest_route=\/wp\/v2\/media\/3308"}],"wp:attachment":[{"href":"https:\/\/www.metron-ks.com\/index.php?rest_route=%2Fwp%2Fv2%2Fmedia&parent=520"}],"wp:term":[{"taxonomy":"product_brand","embeddable":true,"href":"https:\/\/www.metron-ks.com\/index.php?rest_route=%2Fwp%2Fv2%2Fproduct_brand&post=520"},{"taxonomy":"product_cat","embeddable":true,"href":"https:\/\/www.metron-ks.com\/index.php?rest_route=%2Fwp%2Fv2%2Fproduct_cat&post=520"},{"taxonomy":"product_tag","embeddable":true,"href":"https:\/\/www.metron-ks.com\/index.php?rest_route=%2Fwp%2Fv2%2Fproduct_tag&post=520"}],"curies":[{"name":"wp","href":"https:\/\/api.w.org\/{rel}","templated":true}]}}