{"id":5226,"date":"2023-11-23T09:05:47","date_gmt":"2023-11-23T09:05:47","guid":{"rendered":"https:\/\/www.metron-ks.com\/?post_type=product&#038;p=5226"},"modified":"2024-12-24T13:42:24","modified_gmt":"2024-12-24T13:42:24","slug":"mbajtese-manhattan-per-tv-fix-60-120","status":"publish","type":"product","link":"https:\/\/www.metron-ks.com\/?product=mbajtese-manhattan-per-tv-fix-60-120","title":{"rendered":"Mbajt\u00ebse Manhattan p\u00ebr TV Fix , 60&#8243; &#8211; 120&#8243;"},"content":{"rendered":"<p>Ky mbajt\u00ebs ultra i holl\u00eb televizori shtrihet vet\u00ebm 35 mm (1,4 in.) nga muri. \u00cbsht\u00eb nd\u00ebrtuar prej \u00e7eliku t\u00eb cil\u00ebsis\u00eb s\u00eb lart\u00eb,\u00a0p\u00ebr t\u00eb p\u00ebrshtatur TV t\u00eb shesht\u00eb dhe t\u00eb lakuar LCD, OLED ose plazma deri n\u00eb 120&#8243; dhe me pesh\u00eb deri n\u00eb 120 kg (264 lbs.) me pajtueshm\u00ebri\u00a0VESA deri n\u00eb 900&#215;600. Jeni gati p\u00ebr nj\u00eb instalim t\u00eb\u00a0sigurt me nj\u00eb nivelizues\u00a0 t\u00eb p\u00ebrfshir\u00eb me fluska q\u00eb ndihmon n\u00eb vendosjen e mbajtesit n\u00eb m\u00ebnyr\u00eb perfekte horizontale n\u00eb mur . \u00cbsht\u00eb ideal p\u00ebr banim, zyr\u00eb, mikpritje, klas\u00eb, sall\u00eb konferencash etj,<\/p>\n<p>Projektuar p\u00ebr shumic\u00ebn e ekraneve t\u00eb shesht\u00eb dhe t\u00eb lakuar 60&#8243; &#8211; 120&#8243;.<br \/>\nKapaciteti i pesh\u00ebs: 120 kg (264 lbs.)<br \/>\nP\u00ebrmasat (J x P x H): 625 x 1005 x 35 mm (24,6 x 39,57 x 1,38 in.)<br \/>\nPesha neto: 3,16 kg (6,97 lbs.)<br \/>\nPesha bruto: 3,72 kg (8,2 lbs.)<br \/>\nMateriali: \u00e7elik<br \/>\nStandardet VESA: 50&#215;50 deri n\u00eb 900&#215;600 p.sh. 50&#215;50, 75&#215;75, 100&#215;100, 100&#215;150, 150&#215;100, 100&#215;200, 200&#215;100, 150&#215;150, 200&#215;200, 200&#215;300, 300&#215;2004,200,2 300&#215;400, 400&#215;300, 600&#215;200, 400&#215;400, 600&#215;300, 400&#215;600, 600&#215;400, 700&#215;400, 800&#215;400, 600&#215;600, 800&#215;50 800&#215;600, 900&#215;600<\/p>\n","protected":false},"excerpt":{"rendered":"<p>461917<\/p>\n","protected":false},"featured_media":5227,"comment_status":"open","ping_status":"closed","template":"","meta":[],"product_brand":[],"product_cat":[118,160,138],"product_tag":[],"class_list":{"0":"post-5226","1":"product","2":"type-product","3":"status-publish","4":"has-post-thumbnail","6":"product_cat-aksesore","7":"product_cat-mbajtese-tv","8":"product_cat-tv","10":"first","11":"instock","12":"shipping-taxable","13":"purchasable","14":"product-type-simple"},"_links":{"self":[{"href":"https:\/\/www.metron-ks.com\/index.php?rest_route=\/wp\/v2\/product\/5226","targetHints":{"allow":["GET"]}}],"collection":[{"href":"https:\/\/www.metron-ks.com\/index.php?rest_route=\/wp\/v2\/product"}],"about":[{"href":"https:\/\/www.metron-ks.com\/index.php?rest_route=\/wp\/v2\/types\/product"}],"replies":[{"embeddable":true,"href":"https:\/\/www.metron-ks.com\/index.php?rest_route=%2Fwp%2Fv2%2Fcomments&post=5226"}],"wp:featuredmedia":[{"embeddable":true,"href":"https:\/\/www.metron-ks.com\/index.php?rest_route=\/wp\/v2\/media\/5227"}],"wp:attachment":[{"href":"https:\/\/www.metron-ks.com\/index.php?rest_route=%2Fwp%2Fv2%2Fmedia&parent=5226"}],"wp:term":[{"taxonomy":"product_brand","embeddable":true,"href":"https:\/\/www.metron-ks.com\/index.php?rest_route=%2Fwp%2Fv2%2Fproduct_brand&post=5226"},{"taxonomy":"product_cat","embeddable":true,"href":"https:\/\/www.metron-ks.com\/index.php?rest_route=%2Fwp%2Fv2%2Fproduct_cat&post=5226"},{"taxonomy":"product_tag","embeddable":true,"href":"https:\/\/www.metron-ks.com\/index.php?rest_route=%2Fwp%2Fv2%2Fproduct_tag&post=5226"}],"curies":[{"name":"wp","href":"https:\/\/api.w.org\/{rel}","templated":true}]}}