{"id":5258,"date":"2023-11-23T09:28:18","date_gmt":"2023-11-23T09:28:18","guid":{"rendered":"https:\/\/www.metron-ks.com\/?post_type=product&#038;p=5258"},"modified":"2024-12-24T13:37:34","modified_gmt":"2024-12-24T13:37:34","slug":"kase-per-pc-sbox-atx-midtower-pcc-180-e-zeze","status":"publish","type":"product","link":"https:\/\/www.metron-ks.com\/?product=kase-per-pc-sbox-atx-midtower-pcc-180-e-zeze","title":{"rendered":"Kas\u00eb per PC Sbox ATX MidTower PCC-180, e zez\u00eb"},"content":{"rendered":"<p>Lloji: ATX Mid Tower<br \/>\nNgjyra: E zez\u00eb<br \/>\nMateriali: Metal (0,5 mm SPCC)\/plastik\u00eb ABS (paneli i p\u00ebrparm\u00eb)<br \/>\nFurnizimi me energji elektrike: N\u00eb krye &#8211; nuk p\u00ebrfshihet n\u00eb paket\u00eb<br \/>\nPajtueshm\u00ebria MBO: ATX Micro-ATX\/ITX<br \/>\nShtesa: 2 x t\u00eb jashtme 5,25&#8221;, 2 x t\u00eb brendshme 3,5&#8221;, 2 x t\u00eb brendshme 2,5&#8221;, 7 horizontale + 2 vertikale<br \/>\nPaneli i p\u00ebrparm\u00eb: USB 2.0 x 2 + Audio HD<br \/>\nPikat e montimit t\u00eb ventilatorit: 2 x p\u00ebrpara 120 mm (opsionale), 1 x pas 80\/ 90 mm (opsionale), 2 x an\u00ebsore 120 mm (opsionale)<br \/>\nGPU Max. gjat\u00ebsia (mm): 310<br \/>\nCPU Max. Lart\u00ebsia (mm): 148<br \/>\nDimensionet e artikullit (mm): 358x191x417.5<br \/>\nDimensionet e paketimit (mm): 450x222x408<br \/>\nPesha (g): 3100<br \/>\n\u200b<\/p>\n","protected":false},"excerpt":{"rendered":"<p>PCC-180 ATX Mid Tower<\/p>\n","protected":false},"featured_media":5259,"comment_status":"open","ping_status":"closed","template":"","meta":[],"product_brand":[],"product_cat":[118,141],"product_tag":[],"class_list":{"0":"post-5258","1":"product","2":"type-product","3":"status-publish","4":"has-post-thumbnail","6":"product_cat-aksesore","7":"product_cat-pclaptop","9":"first","10":"instock","11":"shipping-taxable","12":"purchasable","13":"product-type-simple"},"_links":{"self":[{"href":"https:\/\/www.metron-ks.com\/index.php?rest_route=\/wp\/v2\/product\/5258","targetHints":{"allow":["GET"]}}],"collection":[{"href":"https:\/\/www.metron-ks.com\/index.php?rest_route=\/wp\/v2\/product"}],"about":[{"href":"https:\/\/www.metron-ks.com\/index.php?rest_route=\/wp\/v2\/types\/product"}],"replies":[{"embeddable":true,"href":"https:\/\/www.metron-ks.com\/index.php?rest_route=%2Fwp%2Fv2%2Fcomments&post=5258"}],"wp:featuredmedia":[{"embeddable":true,"href":"https:\/\/www.metron-ks.com\/index.php?rest_route=\/wp\/v2\/media\/5259"}],"wp:attachment":[{"href":"https:\/\/www.metron-ks.com\/index.php?rest_route=%2Fwp%2Fv2%2Fmedia&parent=5258"}],"wp:term":[{"taxonomy":"product_brand","embeddable":true,"href":"https:\/\/www.metron-ks.com\/index.php?rest_route=%2Fwp%2Fv2%2Fproduct_brand&post=5258"},{"taxonomy":"product_cat","embeddable":true,"href":"https:\/\/www.metron-ks.com\/index.php?rest_route=%2Fwp%2Fv2%2Fproduct_cat&post=5258"},{"taxonomy":"product_tag","embeddable":true,"href":"https:\/\/www.metron-ks.com\/index.php?rest_route=%2Fwp%2Fv2%2Fproduct_tag&post=5258"}],"curies":[{"name":"wp","href":"https:\/\/api.w.org\/{rel}","templated":true}]}}