{"id":5323,"date":"2023-12-12T08:43:15","date_gmt":"2023-12-12T08:43:15","guid":{"rendered":"https:\/\/www.metron-ks.com\/?post_type=product&#038;p=5323"},"modified":"2024-12-23T14:51:15","modified_gmt":"2024-12-23T14:51:15","slug":"mbeshtjellese-per-samsung-galaxy-s23-fe-grafit","status":"publish","type":"product","link":"https:\/\/www.metron-ks.com\/?product=mbeshtjellese-per-samsung-galaxy-s23-fe-grafit","title":{"rendered":"Mb\u00ebshtjell\u00ebse p\u00ebr Samsung Galaxy S23 FE, Grafit"},"content":{"rendered":"<p>Silikoni i but\u00eb siguron nj\u00eb p\u00ebrshtatje pa probleme n\u00eb telefonin tuaj duke e mbajtur at\u00eb t\u00eb mbrojtur nga g\u00ebrvishtjet dhe goditjet.<\/p>\n<p>Dimensioni (WxHxD): 80,6 x 162,1 x 11,8 mm<br \/>\nPesha: 39 g<\/p>\n","protected":false},"excerpt":{"rendered":"<p>EF-PS711TBEGWW<\/p>\n","protected":false},"featured_media":5324,"comment_status":"open","ping_status":"closed","template":"","meta":[],"product_brand":[],"product_cat":[118,113,56],"product_tag":[],"class_list":{"0":"post-5323","1":"product","2":"type-product","3":"status-publish","4":"has-post-thumbnail","6":"product_cat-aksesore","7":"product_cat-celulartabletnavigim","8":"product_cat-mbeshtjelles","10":"first","11":"instock","12":"shipping-taxable","13":"purchasable","14":"product-type-simple"},"_links":{"self":[{"href":"https:\/\/www.metron-ks.com\/index.php?rest_route=\/wp\/v2\/product\/5323","targetHints":{"allow":["GET"]}}],"collection":[{"href":"https:\/\/www.metron-ks.com\/index.php?rest_route=\/wp\/v2\/product"}],"about":[{"href":"https:\/\/www.metron-ks.com\/index.php?rest_route=\/wp\/v2\/types\/product"}],"replies":[{"embeddable":true,"href":"https:\/\/www.metron-ks.com\/index.php?rest_route=%2Fwp%2Fv2%2Fcomments&post=5323"}],"wp:featuredmedia":[{"embeddable":true,"href":"https:\/\/www.metron-ks.com\/index.php?rest_route=\/wp\/v2\/media\/5324"}],"wp:attachment":[{"href":"https:\/\/www.metron-ks.com\/index.php?rest_route=%2Fwp%2Fv2%2Fmedia&parent=5323"}],"wp:term":[{"taxonomy":"product_brand","embeddable":true,"href":"https:\/\/www.metron-ks.com\/index.php?rest_route=%2Fwp%2Fv2%2Fproduct_brand&post=5323"},{"taxonomy":"product_cat","embeddable":true,"href":"https:\/\/www.metron-ks.com\/index.php?rest_route=%2Fwp%2Fv2%2Fproduct_cat&post=5323"},{"taxonomy":"product_tag","embeddable":true,"href":"https:\/\/www.metron-ks.com\/index.php?rest_route=%2Fwp%2Fv2%2Fproduct_tag&post=5323"}],"curies":[{"name":"wp","href":"https:\/\/api.w.org\/{rel}","templated":true}]}}