{"id":5329,"date":"2023-12-12T09:15:40","date_gmt":"2023-12-12T09:15:40","guid":{"rendered":"https:\/\/www.metron-ks.com\/?post_type=product&#038;p=5329"},"modified":"2024-12-23T14:50:58","modified_gmt":"2024-12-23T14:50:58","slug":"mbeshtjelles-clear-per-samsung-galaxy-s23-fe-transparente","status":"publish","type":"product","link":"https:\/\/www.metron-ks.com\/?product=mbeshtjelles-clear-per-samsung-galaxy-s23-fe-transparente","title":{"rendered":"Mb\u00ebshtjell\u00ebs Clear p\u00ebr Samsung Galaxy S23 FE, Transparente"},"content":{"rendered":"<p>Ky mb\u00ebshtjell\u00ebs i\u00a0holl\u00eb me shk\u00eblqim \u00ebsht\u00eb krijuar p\u00ebr t\u00eb b\u00ebr\u00eb p\u00ebrshtypje duke ruajtur pajisjen tuaj pa sakrifikuar pamjen e saj t\u00eb hijshme.<\/p>\n<p>L\u00ebreni dizajnin origjinal t\u00eb telefonit tuaj t\u00eb shk\u00eblqej\u00eb derisa ai q\u00ebndron i sigurt nga goditjet dhe g\u00ebrvishtjet.<\/p>\n<p>Me nj\u00eb shtres\u00eb rezistente ndaj g\u00ebrvishtjeve t\u00eb aplikuar brenda dhe jasht\u00eb,mb\u00ebshtjell\u00ebsi do ta mbaj\u00eb telefonin tuaj t\u00eb shk\u00eblqej\u00eb si i ri.<\/p>\n<p>Dimensioni (WxHxD) (mm): 79 x 159,7 x 10,7 mm<br \/>\nPesha: 24 g<\/p>\n","protected":false},"excerpt":{"rendered":"<p>EF-QS711CTEGWW<\/p>\n","protected":false},"featured_media":5330,"comment_status":"open","ping_status":"closed","template":"","meta":[],"product_brand":[],"product_cat":[118,113,56],"product_tag":[],"class_list":{"0":"post-5329","1":"product","2":"type-product","3":"status-publish","4":"has-post-thumbnail","6":"product_cat-aksesore","7":"product_cat-celulartabletnavigim","8":"product_cat-mbeshtjelles","10":"first","11":"instock","12":"shipping-taxable","13":"purchasable","14":"product-type-simple"},"_links":{"self":[{"href":"https:\/\/www.metron-ks.com\/index.php?rest_route=\/wp\/v2\/product\/5329","targetHints":{"allow":["GET"]}}],"collection":[{"href":"https:\/\/www.metron-ks.com\/index.php?rest_route=\/wp\/v2\/product"}],"about":[{"href":"https:\/\/www.metron-ks.com\/index.php?rest_route=\/wp\/v2\/types\/product"}],"replies":[{"embeddable":true,"href":"https:\/\/www.metron-ks.com\/index.php?rest_route=%2Fwp%2Fv2%2Fcomments&post=5329"}],"wp:featuredmedia":[{"embeddable":true,"href":"https:\/\/www.metron-ks.com\/index.php?rest_route=\/wp\/v2\/media\/5330"}],"wp:attachment":[{"href":"https:\/\/www.metron-ks.com\/index.php?rest_route=%2Fwp%2Fv2%2Fmedia&parent=5329"}],"wp:term":[{"taxonomy":"product_brand","embeddable":true,"href":"https:\/\/www.metron-ks.com\/index.php?rest_route=%2Fwp%2Fv2%2Fproduct_brand&post=5329"},{"taxonomy":"product_cat","embeddable":true,"href":"https:\/\/www.metron-ks.com\/index.php?rest_route=%2Fwp%2Fv2%2Fproduct_cat&post=5329"},{"taxonomy":"product_tag","embeddable":true,"href":"https:\/\/www.metron-ks.com\/index.php?rest_route=%2Fwp%2Fv2%2Fproduct_tag&post=5329"}],"curies":[{"name":"wp","href":"https:\/\/api.w.org\/{rel}","templated":true}]}}