{"id":5365,"date":"2023-12-21T14:11:34","date_gmt":"2023-12-21T14:11:34","guid":{"rendered":"https:\/\/www.metron-ks.com\/?post_type=product&#038;p=5365"},"modified":"2024-12-23T14:46:51","modified_gmt":"2024-12-23T14:46:51","slug":"kufje-bluetooth-white-shark-hyperbeat-geb-tws37-te-zeza","status":"publish","type":"product","link":"https:\/\/www.metron-ks.com\/?product=kufje-bluetooth-white-shark-hyperbeat-geb-tws37-te-zeza","title":{"rendered":"Kufje bluetooth White Shark Hyperbeat GEB-TWS37, t\u00eb zeza"},"content":{"rendered":"<p>Ju prezantojm\u00eb kufjet HYPERBEAT TWS t\u00eb White Shark. Me degjues 13 mm p\u00ebr z\u00eb t\u00eb fuqish\u00ebm. Me nj\u00eb rreze prej mbi 8 metrash, shijoni lidhjen pa probleme. Pavar\u00ebsisht nga madh\u00ebsia e tyre kompakte, bateria litium-polimer ofron 2-4 or\u00eb bised\u00eb, muzik\u00eb ose loj\u00ebra, me nj\u00eb karikim t\u00eb shpejt\u00eb 1-1,5 or\u00eb. P\u00ebrjetoni tingullin cil\u00ebsor nga 20-20000 Hz dhe q\u00ebndroni elegant n\u00eb t\u00eb zez\u00eb.<\/p>\n<p>Lloji i kufjeve: Bluetooth, n\u00eb vesh<br \/>\nRezistenca e kufjeve (Ohm): 32<br \/>\nMadh\u00ebsia e degjueses\u00a0(mm): 13<br \/>\nMateriali: Plastike<br \/>\nKoha e bised\u00ebs \/ koha e muzik\u00ebs (h): 2-4<br \/>\nGama (m): &gt;8<br \/>\nBateria: litium-polimer, kufje 30 mAh + kuti karikimi 180 mAh<br \/>\nShtrirja e frekuenc\u00ebs (Hz): 20-20000<br \/>\nNdjeshm\u00ebria e kufjeve (dB): 102 +\/- 3<br \/>\nInterface: Bluetooth 5.3 \/ Type-C (p\u00ebr karikim)<br \/>\nNgjyra: E zez\u00eb<br \/>\nKoha e karikimit (h): 1-1,5<br \/>\n\u00c7ipi: JL6983<br \/>\nP\u00ebrmasat (mm): 18x17x31 (kufje) \/ 52x44x25 (k\u00ebll\u00ebf karikimi)<\/p>\n","protected":false},"excerpt":{"rendered":"<p>GEB-TWS37<\/p>\n","protected":false},"featured_media":5366,"comment_status":"open","ping_status":"closed","template":"","meta":[],"product_brand":[],"product_cat":[118,113,168],"product_tag":[],"class_list":{"0":"post-5365","1":"product","2":"type-product","3":"status-publish","4":"has-post-thumbnail","6":"product_cat-aksesore","7":"product_cat-celulartabletnavigim","8":"product_cat-kufje-celulartabletnavigim","10":"first","11":"instock","12":"shipping-taxable","13":"purchasable","14":"product-type-simple"},"_links":{"self":[{"href":"https:\/\/www.metron-ks.com\/index.php?rest_route=\/wp\/v2\/product\/5365","targetHints":{"allow":["GET"]}}],"collection":[{"href":"https:\/\/www.metron-ks.com\/index.php?rest_route=\/wp\/v2\/product"}],"about":[{"href":"https:\/\/www.metron-ks.com\/index.php?rest_route=\/wp\/v2\/types\/product"}],"replies":[{"embeddable":true,"href":"https:\/\/www.metron-ks.com\/index.php?rest_route=%2Fwp%2Fv2%2Fcomments&post=5365"}],"wp:featuredmedia":[{"embeddable":true,"href":"https:\/\/www.metron-ks.com\/index.php?rest_route=\/wp\/v2\/media\/5366"}],"wp:attachment":[{"href":"https:\/\/www.metron-ks.com\/index.php?rest_route=%2Fwp%2Fv2%2Fmedia&parent=5365"}],"wp:term":[{"taxonomy":"product_brand","embeddable":true,"href":"https:\/\/www.metron-ks.com\/index.php?rest_route=%2Fwp%2Fv2%2Fproduct_brand&post=5365"},{"taxonomy":"product_cat","embeddable":true,"href":"https:\/\/www.metron-ks.com\/index.php?rest_route=%2Fwp%2Fv2%2Fproduct_cat&post=5365"},{"taxonomy":"product_tag","embeddable":true,"href":"https:\/\/www.metron-ks.com\/index.php?rest_route=%2Fwp%2Fv2%2Fproduct_tag&post=5365"}],"curies":[{"name":"wp","href":"https:\/\/api.w.org\/{rel}","templated":true}]}}