{"id":5380,"date":"2023-12-21T14:26:21","date_gmt":"2023-12-21T14:26:21","guid":{"rendered":"https:\/\/www.metron-ks.com\/?post_type=product&#038;p=5380"},"modified":"2025-11-20T09:04:45","modified_gmt":"2025-11-20T09:04:45","slug":"maus-gaming-wireless-rgb-white-shark-gm-5012-lionel-10-000-dpi-i-zi","status":"publish","type":"product","link":"https:\/\/www.metron-ks.com\/?product=maus-gaming-wireless-rgb-white-shark-gm-5012-lionel-10-000-dpi-i-zi","title":{"rendered":"Maus Gaming White Shark, Lionel, WGM-5012, 10000DPI, RGB, Wireless"},"content":{"rendered":"<p>Ngritni p\u00ebrvoj\u00ebn tuaj t\u00eb loj\u00ebrave me LIONEL, mausin\u00a0e par\u00eb gaming\u00a0wireless i krijuar nga White Shark. Duke pasur nj\u00eb chipset Pixart 3325, 10,000 DPI dhe 6 butona, \u00ebsht\u00eb \u00ebndrra e \u00e7do\u00a0gameri. Finitura mat, ndri\u00e7imi RGB dhe dizajni ergonomik e b\u00ebjn\u00eb at\u00eb t\u00eb spikatur. Me nj\u00eb bateri litiumi 500 mAh dhe sensor optik preciz, LIONEL ofron performanc\u00eb t\u00eb qet\u00eb. Plus, \u00ebsht\u00eb i pajtuesh\u00ebm me Windows dhe MacOS, duke e b\u00ebr\u00eb at\u00eb nj\u00eb shoq\u00ebrues t\u00eb gjithansh\u00ebm t\u00eb loj\u00ebrave. B\u00ebhuni gati p\u00ebr t\u00eb pushtuar fush\u00ebn e betej\u00ebs virtuale me LIONEL.<\/p>\n<p>Ndri\u00e7imi RGB<br \/>\nNdri\u00e7im i rregulluesh\u00ebm me 16,8 milion\u00eb ngjyra dhe nj\u00eb buton i dedikuar i modalitetit t\u00eb ngjyrave LED n\u00ebn maus. P\u00ebrshtateni m\u00eb tej n\u00eb softuer!<\/p>\n<p>6D<br \/>\nLIONEL \u00ebsht\u00eb i pajisur me gjasht\u00eb butona t\u00eb programuesh\u00ebm n\u00eb m\u00ebnyr\u00eb t\u00eb pavarur. Butoni an\u00ebsor, mbrapa dhe p\u00ebrpara, s\u00eb bashku me butonin DPI, jan\u00eb vendosur n\u00eb m\u00ebnyr\u00eb ergonomike p\u00ebr p\u00ebrshtatje dhe komoditet optimal.<\/p>\n<p>Sensori 10 000 DPI<br \/>\nMund\u00ebsohet nga sensori optik Pixart PMW3325 me deri n\u00eb 10 000 DPI, duke siguruar sakt\u00ebsi maksimale. Me siguri do t\u00eb keni nj\u00eb avantazh t\u00eb plot\u00eb ndaj kund\u00ebrshtar\u00ebve tuaj me nj\u00eb shpejt\u00ebsi gjurmimi 100 IPS dhe shpejt\u00ebsi ultra polling 1000 Hz.<\/p>\n<p>Lloji: 6D &#8211; 6 butona<br \/>\nLloji i sensorit: Optik<br \/>\n\u00c7ipset: Pixart 3325<br \/>\nRezolucioni (DPI): 10 000<br \/>\nJet\u00ebgjat\u00ebsia: 20 M Shtypje &#8211; HUANO<br \/>\nPolling (Hz): 1000<br \/>\nP\u00ebrshpejtimi: 20 G<br \/>\nNdri\u00e7imi: RGB 16.8 M ngjyra<br \/>\nSoftuer: Po<br \/>\nMb\u00ebshtesat e poshtme: UPE<br \/>\nNgjyra: E zez\u00eb<br \/>\nMateriali: Plastike<br \/>\nInterface: USB 2.0<br \/>\nKabllo me g\u00ebrsheta: Po<br \/>\nDimensionet (mm): 131x72x41<br \/>\nPesha (g): 92<br \/>\nP\u00ebrputhshm\u00ebria e miut: Windows 7\/8\/10\/11\/MacOS<br \/>\nBateria: 500 mAh litium<\/p>\n","protected":false},"excerpt":{"rendered":"<p>GM-5012 LIONEL<\/p>\n","protected":false},"featured_media":5381,"comment_status":"closed","ping_status":"closed","template":"","meta":[],"product_brand":[],"product_cat":[118,116,124],"product_tag":[],"class_list":{"0":"post-5380","1":"product","2":"type-product","3":"status-publish","4":"has-post-thumbnail","6":"product_cat-aksesore","7":"product_cat-gaming","8":"product_cat-mouse-gaming","10":"first","11":"instock","12":"shipping-taxable","13":"purchasable","14":"product-type-simple"},"_links":{"self":[{"href":"https:\/\/www.metron-ks.com\/index.php?rest_route=\/wp\/v2\/product\/5380","targetHints":{"allow":["GET"]}}],"collection":[{"href":"https:\/\/www.metron-ks.com\/index.php?rest_route=\/wp\/v2\/product"}],"about":[{"href":"https:\/\/www.metron-ks.com\/index.php?rest_route=\/wp\/v2\/types\/product"}],"replies":[{"embeddable":true,"href":"https:\/\/www.metron-ks.com\/index.php?rest_route=%2Fwp%2Fv2%2Fcomments&post=5380"}],"wp:featuredmedia":[{"embeddable":true,"href":"https:\/\/www.metron-ks.com\/index.php?rest_route=\/wp\/v2\/media\/5381"}],"wp:attachment":[{"href":"https:\/\/www.metron-ks.com\/index.php?rest_route=%2Fwp%2Fv2%2Fmedia&parent=5380"}],"wp:term":[{"taxonomy":"product_brand","embeddable":true,"href":"https:\/\/www.metron-ks.com\/index.php?rest_route=%2Fwp%2Fv2%2Fproduct_brand&post=5380"},{"taxonomy":"product_cat","embeddable":true,"href":"https:\/\/www.metron-ks.com\/index.php?rest_route=%2Fwp%2Fv2%2Fproduct_cat&post=5380"},{"taxonomy":"product_tag","embeddable":true,"href":"https:\/\/www.metron-ks.com\/index.php?rest_route=%2Fwp%2Fv2%2Fproduct_tag&post=5380"}],"curies":[{"name":"wp","href":"https:\/\/api.w.org\/{rel}","templated":true}]}}