{"id":5410,"date":"2023-12-22T14:51:11","date_gmt":"2023-12-22T14:51:11","guid":{"rendered":"https:\/\/www.metron-ks.com\/?post_type=product&#038;p=5410"},"modified":"2024-12-23T14:44:08","modified_gmt":"2024-12-23T14:44:08","slug":"mbajtes-sbox-duo-per-monitor-17-32-laptop","status":"publish","type":"product","link":"https:\/\/www.metron-ks.com\/?product=mbajtes-sbox-duo-per-monitor-17-32-laptop","title":{"rendered":"Mbajt\u00ebs Sbox Duo p\u00ebr monitor 17&#8243; &#8211; 32 &#8220;, Laptop"},"content":{"rendered":"<p>Mbajt\u00ebsi\u00a0SBOX LCD-LM01-2 \u00ebsht\u00eb zgjidhja perfekte p\u00ebr ta mbajtur desktopin tuaj t\u00eb organizuar dhe p\u00ebr t\u00eb maksimizuar hap\u00ebsir\u00ebn tuaj t\u00eb pun\u00ebs. Me dizajnin e tij t\u00eb hijsh\u00ebm dhe t\u00eb q\u00ebndruesh\u00ebm, ai mban n\u00eb m\u00ebnyr\u00eb t\u00eb sigurt monitorin LCD dhe Laptopin tuaj, duke lejuar k\u00ebnde t\u00eb rregullueshme shikimi dhe pozicionim t\u00eb rehatsh\u00ebm ergonomik. Shnd\u00ebrroni desktopin tuaj n\u00eb nj\u00eb mjedis produktiv dhe pa rr\u00ebmuj\u00eb me k\u00ebt\u00eb mbajt\u00ebs\u00a0t\u00eb p\u00ebrshtatsh\u00ebm dhe elegant p\u00ebr desktop.<\/p>\n<p>VESA minimale: 75&#215;75<br \/>\nVESA maksimale: 100&#215;100<br \/>\nNgarkesa maksimale (kg): 13 \/ 9 monitor + 4 Laptop<br \/>\nMadh\u00ebsia minimale e ekranit: 17&#8221; \/ 43 cm<br \/>\nMadh\u00ebsia maksimale e ekranit: 32&#8221; \/ 81 cm<br \/>\nPjerr\u00ebsia vertikale: +45\u00b0\/ -45\u00b0<br \/>\nRrotullues: +90\u00b0 \/ -90\u00b0<br \/>\nRrotullimi i ekranit: +180\u00b0\/ -180\u00b0<br \/>\nMadhesia e kap\u00ebses (mm): Kap\u00ebsja (10 &#8211; 85 mm)<br \/>\nGjatesija e krahut (mm): 376<br \/>\nLart\u00ebsia e shtyll\u00ebs (mm): 407<br \/>\nDimensionet e raftit (mm): 300&#215;280<br \/>\nMateriali: \u00e7elik\/plastik\u00eb<br \/>\nNgjyra: E zez\u00eb<br \/>\nP\u00ebr ekranet e lakuar: Jo<br \/>\nMenaxhimi i kabllove: Po<br \/>\nPllak\u00eb VESA e ndashme: Po<br \/>\nMontimi: Tavolin\u00eb<br \/>\nDimensionet (mm): 959x319x561<\/p>\n","protected":false},"excerpt":{"rendered":"<p>LCD-LM01-2<\/p>\n","protected":false},"featured_media":5411,"comment_status":"open","ping_status":"closed","template":"","meta":[],"product_brand":[],"product_cat":[118,160,138],"product_tag":[],"class_list":{"0":"post-5410","1":"product","2":"type-product","3":"status-publish","4":"has-post-thumbnail","6":"product_cat-aksesore","7":"product_cat-mbajtese-tv","8":"product_cat-tv","10":"first","11":"instock","12":"shipping-taxable","13":"purchasable","14":"product-type-simple"},"_links":{"self":[{"href":"https:\/\/www.metron-ks.com\/index.php?rest_route=\/wp\/v2\/product\/5410","targetHints":{"allow":["GET"]}}],"collection":[{"href":"https:\/\/www.metron-ks.com\/index.php?rest_route=\/wp\/v2\/product"}],"about":[{"href":"https:\/\/www.metron-ks.com\/index.php?rest_route=\/wp\/v2\/types\/product"}],"replies":[{"embeddable":true,"href":"https:\/\/www.metron-ks.com\/index.php?rest_route=%2Fwp%2Fv2%2Fcomments&post=5410"}],"wp:featuredmedia":[{"embeddable":true,"href":"https:\/\/www.metron-ks.com\/index.php?rest_route=\/wp\/v2\/media\/5411"}],"wp:attachment":[{"href":"https:\/\/www.metron-ks.com\/index.php?rest_route=%2Fwp%2Fv2%2Fmedia&parent=5410"}],"wp:term":[{"taxonomy":"product_brand","embeddable":true,"href":"https:\/\/www.metron-ks.com\/index.php?rest_route=%2Fwp%2Fv2%2Fproduct_brand&post=5410"},{"taxonomy":"product_cat","embeddable":true,"href":"https:\/\/www.metron-ks.com\/index.php?rest_route=%2Fwp%2Fv2%2Fproduct_cat&post=5410"},{"taxonomy":"product_tag","embeddable":true,"href":"https:\/\/www.metron-ks.com\/index.php?rest_route=%2Fwp%2Fv2%2Fproduct_tag&post=5410"}],"curies":[{"name":"wp","href":"https:\/\/api.w.org\/{rel}","templated":true}]}}