{"id":5433,"date":"2023-12-22T15:27:04","date_gmt":"2023-12-22T15:27:04","guid":{"rendered":"https:\/\/www.metron-ks.com\/?post_type=product&#038;p=5433"},"modified":"2024-12-23T14:43:27","modified_gmt":"2024-12-23T14:43:27","slug":"mbajtese-sbox-per-tv-fs-1035-37-100","status":"publish","type":"product","link":"https:\/\/www.metron-ks.com\/?product=mbajtese-sbox-per-tv-fs-1035-37-100","title":{"rendered":"Mbajt\u00ebse Sbox p\u00ebr TV FS-1035, 37&#8243; &#8211; 100&#8243;"},"content":{"rendered":"<p>Lloji i mbajtesit: Fiks<br \/>\nVESA minimale: 200&#215;200<br \/>\nVESA maksimale: 800&#215;600<br \/>\nNgarkesa maksimale (kg): 150<br \/>\nMadh\u00ebsia minimale e ekranit: 37&#8221; \/ 94 cm<br \/>\nMadh\u00ebsia maksimale e ekranit: 100&#8221; \/ 254 cm<br \/>\nP\u00ebr ekranet e lakuar: Jo<br \/>\nMenaxhimi i kabllove: Jo<br \/>\nPllak\u00eb VESA e ndashme: Po<br \/>\nRrotullimi i ekranit: Jo<br \/>\nDimensionet e raftit (mm): 625&#215;490<br \/>\nNgarkesa n\u00eb raft (kg): 20<br \/>\nRregullimi i lart\u00ebsis\u00eb s\u00eb raftit: Jo<br \/>\nNgjyra: E zez\u00eb<br \/>\nMateriali: \u00c7eliku<br \/>\nDimensionet (mm): 1050x570x1785<\/p>\n","protected":false},"excerpt":{"rendered":"<p>FS-1035<\/p>\n","protected":false},"featured_media":5434,"comment_status":"open","ping_status":"closed","template":"","meta":[],"product_brand":[],"product_cat":[118,160,138],"product_tag":[],"class_list":{"0":"post-5433","1":"product","2":"type-product","3":"status-publish","4":"has-post-thumbnail","6":"product_cat-aksesore","7":"product_cat-mbajtese-tv","8":"product_cat-tv","10":"first","11":"instock","12":"shipping-taxable","13":"purchasable","14":"product-type-simple"},"_links":{"self":[{"href":"https:\/\/www.metron-ks.com\/index.php?rest_route=\/wp\/v2\/product\/5433","targetHints":{"allow":["GET"]}}],"collection":[{"href":"https:\/\/www.metron-ks.com\/index.php?rest_route=\/wp\/v2\/product"}],"about":[{"href":"https:\/\/www.metron-ks.com\/index.php?rest_route=\/wp\/v2\/types\/product"}],"replies":[{"embeddable":true,"href":"https:\/\/www.metron-ks.com\/index.php?rest_route=%2Fwp%2Fv2%2Fcomments&post=5433"}],"wp:featuredmedia":[{"embeddable":true,"href":"https:\/\/www.metron-ks.com\/index.php?rest_route=\/wp\/v2\/media\/5434"}],"wp:attachment":[{"href":"https:\/\/www.metron-ks.com\/index.php?rest_route=%2Fwp%2Fv2%2Fmedia&parent=5433"}],"wp:term":[{"taxonomy":"product_brand","embeddable":true,"href":"https:\/\/www.metron-ks.com\/index.php?rest_route=%2Fwp%2Fv2%2Fproduct_brand&post=5433"},{"taxonomy":"product_cat","embeddable":true,"href":"https:\/\/www.metron-ks.com\/index.php?rest_route=%2Fwp%2Fv2%2Fproduct_cat&post=5433"},{"taxonomy":"product_tag","embeddable":true,"href":"https:\/\/www.metron-ks.com\/index.php?rest_route=%2Fwp%2Fv2%2Fproduct_tag&post=5433"}],"curies":[{"name":"wp","href":"https:\/\/api.w.org\/{rel}","templated":true}]}}