{"id":5458,"date":"2024-01-16T12:29:27","date_gmt":"2024-01-16T12:29:27","guid":{"rendered":"https:\/\/www.metron-ks.com\/?post_type=product&#038;p=5458"},"modified":"2024-12-23T14:43:05","modified_gmt":"2024-12-23T14:43:05","slug":"altoparlante-sbox-sp-203-usb-te-zeza","status":"publish","type":"product","link":"https:\/\/www.metron-ks.com\/?product=altoparlante-sbox-sp-203-usb-te-zeza","title":{"rendered":"Altoparlant\u00eb SBOX SP-203, Usb, t\u00eb zeza"},"content":{"rendered":"<p>Lloji i altoparlant\u00ebve: 2.0 Stereo<br \/>\nFuqia dal\u00ebse (mW): 2 x 2,2 W (RMS)<br \/>\nShtrirja e frekuenc\u00ebs (Hz): 100 Hz &#8211; 20 kHz<br \/>\nS\/N (dB): &gt;=80 dB<br \/>\nMadh\u00ebsia e degjueses (mm): 2 x 52x52x52<br \/>\nTensioni i pun\u00ebs (V): 5<br \/>\nMateriali: Plastike<br \/>\nNgjyra: E zez\u00eb<br \/>\nInterface: 3.5 mm stereo + USB<br \/>\nGjat\u00ebsia e kabllit (m): 0.6<br \/>\nPesha (g): 175<\/p>\n","protected":false},"excerpt":{"rendered":"<p>SP-203<\/p>\n","protected":false},"featured_media":5459,"comment_status":"open","ping_status":"closed","template":"","meta":[],"product_brand":[],"product_cat":[118,22,158],"product_tag":[],"class_list":{"0":"post-5458","1":"product","2":"type-product","3":"status-publish","4":"has-post-thumbnail","6":"product_cat-aksesore","7":"product_cat-altoparlant-aksesore","8":"product_cat-pajisje-zerimi","10":"first","11":"instock","12":"shipping-taxable","13":"purchasable","14":"product-type-simple"},"_links":{"self":[{"href":"https:\/\/www.metron-ks.com\/index.php?rest_route=\/wp\/v2\/product\/5458","targetHints":{"allow":["GET"]}}],"collection":[{"href":"https:\/\/www.metron-ks.com\/index.php?rest_route=\/wp\/v2\/product"}],"about":[{"href":"https:\/\/www.metron-ks.com\/index.php?rest_route=\/wp\/v2\/types\/product"}],"replies":[{"embeddable":true,"href":"https:\/\/www.metron-ks.com\/index.php?rest_route=%2Fwp%2Fv2%2Fcomments&post=5458"}],"wp:featuredmedia":[{"embeddable":true,"href":"https:\/\/www.metron-ks.com\/index.php?rest_route=\/wp\/v2\/media\/5459"}],"wp:attachment":[{"href":"https:\/\/www.metron-ks.com\/index.php?rest_route=%2Fwp%2Fv2%2Fmedia&parent=5458"}],"wp:term":[{"taxonomy":"product_brand","embeddable":true,"href":"https:\/\/www.metron-ks.com\/index.php?rest_route=%2Fwp%2Fv2%2Fproduct_brand&post=5458"},{"taxonomy":"product_cat","embeddable":true,"href":"https:\/\/www.metron-ks.com\/index.php?rest_route=%2Fwp%2Fv2%2Fproduct_cat&post=5458"},{"taxonomy":"product_tag","embeddable":true,"href":"https:\/\/www.metron-ks.com\/index.php?rest_route=%2Fwp%2Fv2%2Fproduct_tag&post=5458"}],"curies":[{"name":"wp","href":"https:\/\/api.w.org\/{rel}","templated":true}]}}