{"id":5479,"date":"2024-01-18T07:56:10","date_gmt":"2024-01-18T07:56:10","guid":{"rendered":"https:\/\/www.metron-ks.com\/?post_type=product&#038;p=5479"},"modified":"2024-12-12T08:23:09","modified_gmt":"2024-12-12T08:23:09","slug":"maus-gaming-white-shark-gm-5010-bagdemagus-rgb-7200-dpi-i-zi","status":"publish","type":"product","link":"https:\/\/www.metron-ks.com\/?product=maus-gaming-white-shark-gm-5010-bagdemagus-rgb-7200-dpi-i-zi","title":{"rendered":"Maus Gaming White Shark, Bagdemagus, GM-5010, 7200DPI, RGB"},"content":{"rendered":"<p>BAGDEMAGUS peshon vet\u00ebm 64 gram, duke e b\u00ebr\u00eb at\u00eb nj\u00eb nga maus\u00a0m\u00eb t\u00eb leht\u00eb t\u00eb loj\u00ebrave n\u00eb treg. Ai \u00ebsht\u00eb i pajisur me nj\u00eb chipset Instant 825 dhe nj\u00eb shpejt\u00ebsi\u00a01000 Hz polling, duke siguruar gjurmim t\u00eb shpejt\u00eb dhe t\u00eb sakt\u00eb t\u00eb l\u00ebvizjeve tuaja. Mausi ka nj\u00eb buton t\u00eb q\u00ebndruesh\u00ebm HUANO q\u00eb mund t\u00eb p\u00ebrballoj\u00eb deri n\u00eb 10 milion\u00eb klikime. Ky maus \u00ebsht\u00eb krijuar p\u00ebr t&#8217;ju dh\u00ebn\u00eb nj\u00eb avantazh n\u00eb performanc\u00ebn tuaj t\u00eb loj\u00ebrave, me trupin e tij ultra t\u00eb leht\u00eb, sensorin optik me precizion t\u00eb lart\u00eb dhe ndri\u00e7imin RGB t\u00eb personalizuesh\u00ebm.<\/p>\n<p>Lloji: 6D &#8211; 6 butona<br \/>\nLloji i sensorit: Optik<br \/>\n\u00c7ipset: Instant 825<br \/>\nRezolucioni (DPI): 7200<br \/>\nJet\u00ebgjat\u00ebsia: 10 M shtypje &#8211; HUANO<br \/>\nPolling (Hz): 1000<br \/>\nP\u00ebrshpejtimi: 20 G<br \/>\nNdri\u00e7imi: RGB 16.8 M ngjyra<br \/>\nSoftuer: Po<br \/>\nMb\u00ebshtesat e poshtme: UPE<br \/>\nNgjyra: I zi<br \/>\nMateriali: Plastike<br \/>\nInterface: USB 2.0<br \/>\nGjat\u00ebsia e kabllos\u00a0(m): 1.8<br \/>\nKabllo me g\u00ebrsheta: Po<br \/>\nDimensionet (mm): 126x66x36<br \/>\nPesha (g): 64<br \/>\nP\u00ebrputhshm\u00ebria e miut: Windows 7\/8\/10\/11\/MacOS<\/p>\n","protected":false},"excerpt":{"rendered":"<p>GM-5010 BADGEMAGUS<\/p>\n","protected":false},"featured_media":5480,"comment_status":"open","ping_status":"closed","template":"","meta":[],"product_brand":[],"product_cat":[118,116,124],"product_tag":[],"class_list":{"0":"post-5479","1":"product","2":"type-product","3":"status-publish","4":"has-post-thumbnail","6":"product_cat-aksesore","7":"product_cat-gaming","8":"product_cat-mouse-gaming","10":"first","11":"instock","12":"shipping-taxable","13":"purchasable","14":"product-type-simple"},"_links":{"self":[{"href":"https:\/\/www.metron-ks.com\/index.php?rest_route=\/wp\/v2\/product\/5479","targetHints":{"allow":["GET"]}}],"collection":[{"href":"https:\/\/www.metron-ks.com\/index.php?rest_route=\/wp\/v2\/product"}],"about":[{"href":"https:\/\/www.metron-ks.com\/index.php?rest_route=\/wp\/v2\/types\/product"}],"replies":[{"embeddable":true,"href":"https:\/\/www.metron-ks.com\/index.php?rest_route=%2Fwp%2Fv2%2Fcomments&post=5479"}],"wp:featuredmedia":[{"embeddable":true,"href":"https:\/\/www.metron-ks.com\/index.php?rest_route=\/wp\/v2\/media\/5480"}],"wp:attachment":[{"href":"https:\/\/www.metron-ks.com\/index.php?rest_route=%2Fwp%2Fv2%2Fmedia&parent=5479"}],"wp:term":[{"taxonomy":"product_brand","embeddable":true,"href":"https:\/\/www.metron-ks.com\/index.php?rest_route=%2Fwp%2Fv2%2Fproduct_brand&post=5479"},{"taxonomy":"product_cat","embeddable":true,"href":"https:\/\/www.metron-ks.com\/index.php?rest_route=%2Fwp%2Fv2%2Fproduct_cat&post=5479"},{"taxonomy":"product_tag","embeddable":true,"href":"https:\/\/www.metron-ks.com\/index.php?rest_route=%2Fwp%2Fv2%2Fproduct_tag&post=5479"}],"curies":[{"name":"wp","href":"https:\/\/api.w.org\/{rel}","templated":true}]}}