{"id":5508,"date":"2024-01-25T13:53:48","date_gmt":"2024-01-25T13:53:48","guid":{"rendered":"https:\/\/www.metron-ks.com\/?post_type=product&#038;p=5508"},"modified":"2024-12-23T14:06:46","modified_gmt":"2024-12-23T14:06:46","slug":"5508","status":"publish","type":"product","link":"https:\/\/www.metron-ks.com\/?product=5508","title":{"rendered":"Mb\u00ebshtjell\u00ebs p\u00ebr Samsung Galaxy S24 Ultra Smart View Wallet"},"content":{"rendered":"<p><strong>Shijoni pamjen interaktive<\/strong><br \/>\nShikoni mesazhet tuaja dhe thirrjet pa hapur kapakun. Nd\u00ebrsa jeni n\u00eb nj\u00eb takim ose n\u00eb pun\u00eb, hidhini nj\u00eb sy t\u00eb shpejt\u00eb njoftimeve t\u00eb r\u00ebnd\u00ebsishme me Pamjen e Ekranit t\u00eb Vog\u00ebl.<\/p>\n<p><strong>Kontroll pa probleme\u00a0<\/strong><br \/>\nP\u00ebrgjigjuni telefonatave ose ndaloni muzik\u00ebn me nj\u00eb prekje t\u00eb leht\u00eb, edhe me kapakun e mbyllur.<\/p>\n<p><strong>Mbani t\u00eb gjitha gj\u00ebrat tuaja t\u00eb domosdoshme<\/strong><br \/>\nMbani kartat tuaja p\u00ebr p\u00ebrdorim t\u00eb p\u00ebrditsh\u00ebm n\u00eb xhepin e fshehur brenda mb\u00ebshtjell\u00ebsit Smart View. P\u00ebrqafoni komoditetin dhe eleganc\u00ebn, t\u00eb gjitha n\u00eb nj\u00eb.<\/p>\n","protected":false},"excerpt":{"rendered":"<p>EF-ZS928CBEGWW<\/p>\n","protected":false},"featured_media":5509,"comment_status":"open","ping_status":"closed","template":"","meta":[],"product_brand":[],"product_cat":[118,113,56],"product_tag":[],"class_list":{"0":"post-5508","1":"product","2":"type-product","3":"status-publish","4":"has-post-thumbnail","6":"product_cat-aksesore","7":"product_cat-celulartabletnavigim","8":"product_cat-mbeshtjelles","10":"first","11":"instock","12":"shipping-taxable","13":"purchasable","14":"product-type-simple"},"_links":{"self":[{"href":"https:\/\/www.metron-ks.com\/index.php?rest_route=\/wp\/v2\/product\/5508","targetHints":{"allow":["GET"]}}],"collection":[{"href":"https:\/\/www.metron-ks.com\/index.php?rest_route=\/wp\/v2\/product"}],"about":[{"href":"https:\/\/www.metron-ks.com\/index.php?rest_route=\/wp\/v2\/types\/product"}],"replies":[{"embeddable":true,"href":"https:\/\/www.metron-ks.com\/index.php?rest_route=%2Fwp%2Fv2%2Fcomments&post=5508"}],"wp:featuredmedia":[{"embeddable":true,"href":"https:\/\/www.metron-ks.com\/index.php?rest_route=\/wp\/v2\/media\/5509"}],"wp:attachment":[{"href":"https:\/\/www.metron-ks.com\/index.php?rest_route=%2Fwp%2Fv2%2Fmedia&parent=5508"}],"wp:term":[{"taxonomy":"product_brand","embeddable":true,"href":"https:\/\/www.metron-ks.com\/index.php?rest_route=%2Fwp%2Fv2%2Fproduct_brand&post=5508"},{"taxonomy":"product_cat","embeddable":true,"href":"https:\/\/www.metron-ks.com\/index.php?rest_route=%2Fwp%2Fv2%2Fproduct_cat&post=5508"},{"taxonomy":"product_tag","embeddable":true,"href":"https:\/\/www.metron-ks.com\/index.php?rest_route=%2Fwp%2Fv2%2Fproduct_tag&post=5508"}],"curies":[{"name":"wp","href":"https:\/\/api.w.org\/{rel}","templated":true}]}}