{"id":5516,"date":"2024-01-25T14:15:14","date_gmt":"2024-01-25T14:15:14","guid":{"rendered":"https:\/\/www.metron-ks.com\/?post_type=product&#038;p=5516"},"modified":"2024-12-23T14:06:30","modified_gmt":"2024-12-23T14:06:30","slug":"mbeshtjelles-per-samsung-galaxy-a05s-transparente","status":"publish","type":"product","link":"https:\/\/www.metron-ks.com\/?product=mbeshtjelles-per-samsung-galaxy-a05s-transparente","title":{"rendered":"Mb\u00ebshtjell\u00ebs p\u00ebr Samsung Galaxy A05s, transparente"},"content":{"rendered":"<p>Clear Case ju lejon t\u00eb shfaqni dizajnin origjinal t\u00eb telefonit tuaj, t\u00eb leht\u00eb p\u00ebr t&#8217;u mbajtur, t\u00eb mbroni telefonin tuaj. Mbeshtjellesi \u00ebsht\u00eb b\u00ebr\u00eb nga poliuretani termoplastik (TPU)*<\/p>\n<p>Dimensionet (WxHxD)<br \/>\n80.3 x 170.2 x 11 mm<\/p>\n<p>Pesha<br \/>\n26.5 g<\/p>\n","protected":false},"excerpt":{"rendered":"<p>GP-FPA057VAATW<\/p>\n","protected":false},"featured_media":5517,"comment_status":"open","ping_status":"closed","template":"","meta":[],"product_brand":[],"product_cat":[118,113,56],"product_tag":[],"class_list":{"0":"post-5516","1":"product","2":"type-product","3":"status-publish","4":"has-post-thumbnail","6":"product_cat-aksesore","7":"product_cat-celulartabletnavigim","8":"product_cat-mbeshtjelles","10":"first","11":"instock","12":"shipping-taxable","13":"purchasable","14":"product-type-simple"},"_links":{"self":[{"href":"https:\/\/www.metron-ks.com\/index.php?rest_route=\/wp\/v2\/product\/5516","targetHints":{"allow":["GET"]}}],"collection":[{"href":"https:\/\/www.metron-ks.com\/index.php?rest_route=\/wp\/v2\/product"}],"about":[{"href":"https:\/\/www.metron-ks.com\/index.php?rest_route=\/wp\/v2\/types\/product"}],"replies":[{"embeddable":true,"href":"https:\/\/www.metron-ks.com\/index.php?rest_route=%2Fwp%2Fv2%2Fcomments&post=5516"}],"wp:featuredmedia":[{"embeddable":true,"href":"https:\/\/www.metron-ks.com\/index.php?rest_route=\/wp\/v2\/media\/5517"}],"wp:attachment":[{"href":"https:\/\/www.metron-ks.com\/index.php?rest_route=%2Fwp%2Fv2%2Fmedia&parent=5516"}],"wp:term":[{"taxonomy":"product_brand","embeddable":true,"href":"https:\/\/www.metron-ks.com\/index.php?rest_route=%2Fwp%2Fv2%2Fproduct_brand&post=5516"},{"taxonomy":"product_cat","embeddable":true,"href":"https:\/\/www.metron-ks.com\/index.php?rest_route=%2Fwp%2Fv2%2Fproduct_cat&post=5516"},{"taxonomy":"product_tag","embeddable":true,"href":"https:\/\/www.metron-ks.com\/index.php?rest_route=%2Fwp%2Fv2%2Fproduct_tag&post=5516"}],"curies":[{"name":"wp","href":"https:\/\/api.w.org\/{rel}","templated":true}]}}