{"id":555,"date":"2023-03-06T22:21:19","date_gmt":"2023-03-06T22:21:19","guid":{"rendered":"https:\/\/www.metron-ks.com\/product\/karikues-per-bateri-hama-aaa-dhe-aa-i-zi\/"},"modified":"2025-01-21T11:46:50","modified_gmt":"2025-01-21T11:46:50","slug":"karikues-per-bateri-hama-aaa-dhe-aa-i-zi","status":"publish","type":"product","link":"https:\/\/www.metron-ks.com\/?product=karikues-per-bateri-hama-aaa-dhe-aa-i-zi","title":{"rendered":"Karikues p\u00ebr bateri Hama AAA dhe AA, i zi"},"content":{"rendered":"<p>P\u00ebr karikimin e baterive standarde me qeliza t\u00eb rrumbullak\u00ebta.<br \/>\nKarikues plug-in p\u00ebr baterit\u00eb NiCD dhe NiMH.<br \/>\n2 ose 4 bateri t\u00eb rimbushshme t\u00eb madh\u00ebsive AA dhe AAA mund t\u00eb ngarkohen n\u00eb t\u00eb nj\u00ebjt\u00ebn koh\u00eb.<br \/>\nKarikues kompakt me 2 LED kontrollues.<\/p>\n<p>Klasa e karikimit 16 or\u00eb p\u00ebr 2100 mAh.<br \/>\nTensioni i hyrjes (nj\u00ebsia e furnizimit me energji elektrike) 220 V &#8211; 240 V \/ 50 Hz.<br \/>\nFunksioni i karikimit shfaq drit\u00ebn LED.<br \/>\nRryma e karikimit maksimale n\u00eb AA 190 mA.<br \/>\nRryma e karikimit maksimale n\u00eb AAA 90 mA.<br \/>\nFurnizimi me energji 230.<\/p>\n<p>Funksione shtes\u00eb: Mbrojtje\u00a0e polaritetit t\u00eb kund\u00ebrt.<\/p>\n","protected":false},"excerpt":{"rendered":"<p>Karikues p\u00ebr bateri Hama AAA dhe AA 223553<\/p>\n","protected":false},"featured_media":3216,"comment_status":"closed","ping_status":"closed","template":"","meta":[],"product_brand":[],"product_cat":[118,24],"product_tag":[],"class_list":{"0":"post-555","1":"product","2":"type-product","3":"status-publish","4":"has-post-thumbnail","6":"product_cat-aksesore","7":"product_cat-bateri","9":"first","10":"instock","11":"shipping-taxable","12":"purchasable","13":"product-type-simple"},"_links":{"self":[{"href":"https:\/\/www.metron-ks.com\/index.php?rest_route=\/wp\/v2\/product\/555","targetHints":{"allow":["GET"]}}],"collection":[{"href":"https:\/\/www.metron-ks.com\/index.php?rest_route=\/wp\/v2\/product"}],"about":[{"href":"https:\/\/www.metron-ks.com\/index.php?rest_route=\/wp\/v2\/types\/product"}],"replies":[{"embeddable":true,"href":"https:\/\/www.metron-ks.com\/index.php?rest_route=%2Fwp%2Fv2%2Fcomments&post=555"}],"wp:featuredmedia":[{"embeddable":true,"href":"https:\/\/www.metron-ks.com\/index.php?rest_route=\/wp\/v2\/media\/3216"}],"wp:attachment":[{"href":"https:\/\/www.metron-ks.com\/index.php?rest_route=%2Fwp%2Fv2%2Fmedia&parent=555"}],"wp:term":[{"taxonomy":"product_brand","embeddable":true,"href":"https:\/\/www.metron-ks.com\/index.php?rest_route=%2Fwp%2Fv2%2Fproduct_brand&post=555"},{"taxonomy":"product_cat","embeddable":true,"href":"https:\/\/www.metron-ks.com\/index.php?rest_route=%2Fwp%2Fv2%2Fproduct_cat&post=555"},{"taxonomy":"product_tag","embeddable":true,"href":"https:\/\/www.metron-ks.com\/index.php?rest_route=%2Fwp%2Fv2%2Fproduct_tag&post=555"}],"curies":[{"name":"wp","href":"https:\/\/api.w.org\/{rel}","templated":true}]}}