{"id":5577,"date":"2024-02-01T15:00:57","date_gmt":"2024-02-01T15:00:57","guid":{"rendered":"https:\/\/www.metron-ks.com\/?post_type=product&#038;p=5577"},"modified":"2024-12-23T14:03:11","modified_gmt":"2024-12-23T14:03:11","slug":"mbeshtjelles-per-samsung-galaxy-s24-transparente","status":"publish","type":"product","link":"https:\/\/www.metron-ks.com\/?product=mbeshtjelles-per-samsung-galaxy-s24-transparente","title":{"rendered":"MB\u00cbSHTJELL\u00cbS P\u00cbR SAMSUNG GALAXY S24, Transparente"},"content":{"rendered":"<p>B\u00ebjeni bukurin\u00eb e telefonit tuaj t\u00eb shk\u00eblqej\u00eb me mb\u00ebshtjell\u00ebsin e holl\u00eb dhe elegant Clear Case. \u00cbsht\u00eb aksesori i p\u00ebrsosur p\u00ebr t\u00eb mbajtur pajisjen tuaj t\u00eb sigurt nga goditjet aksidentale.<\/p>\n<p>Ngjyra: Transparente<br \/>\nP\u00ebrputhshm\u00ebria: Galaxy S24<br \/>\nDimensionet (WxHxD): 148,7 x 73,1 x 10,5 mm<br \/>\nPesha:21 g<\/p>\n","protected":false},"excerpt":{"rendered":"<p>GP-FPS921SAATW<\/p>\n","protected":false},"featured_media":5578,"comment_status":"open","ping_status":"closed","template":"","meta":[],"product_brand":[],"product_cat":[118,113,56],"product_tag":[],"class_list":{"0":"post-5577","1":"product","2":"type-product","3":"status-publish","4":"has-post-thumbnail","6":"product_cat-aksesore","7":"product_cat-celulartabletnavigim","8":"product_cat-mbeshtjelles","10":"first","11":"instock","12":"shipping-taxable","13":"purchasable","14":"product-type-simple"},"_links":{"self":[{"href":"https:\/\/www.metron-ks.com\/index.php?rest_route=\/wp\/v2\/product\/5577","targetHints":{"allow":["GET"]}}],"collection":[{"href":"https:\/\/www.metron-ks.com\/index.php?rest_route=\/wp\/v2\/product"}],"about":[{"href":"https:\/\/www.metron-ks.com\/index.php?rest_route=\/wp\/v2\/types\/product"}],"replies":[{"embeddable":true,"href":"https:\/\/www.metron-ks.com\/index.php?rest_route=%2Fwp%2Fv2%2Fcomments&post=5577"}],"wp:featuredmedia":[{"embeddable":true,"href":"https:\/\/www.metron-ks.com\/index.php?rest_route=\/wp\/v2\/media\/5578"}],"wp:attachment":[{"href":"https:\/\/www.metron-ks.com\/index.php?rest_route=%2Fwp%2Fv2%2Fmedia&parent=5577"}],"wp:term":[{"taxonomy":"product_brand","embeddable":true,"href":"https:\/\/www.metron-ks.com\/index.php?rest_route=%2Fwp%2Fv2%2Fproduct_brand&post=5577"},{"taxonomy":"product_cat","embeddable":true,"href":"https:\/\/www.metron-ks.com\/index.php?rest_route=%2Fwp%2Fv2%2Fproduct_cat&post=5577"},{"taxonomy":"product_tag","embeddable":true,"href":"https:\/\/www.metron-ks.com\/index.php?rest_route=%2Fwp%2Fv2%2Fproduct_tag&post=5577"}],"curies":[{"name":"wp","href":"https:\/\/api.w.org\/{rel}","templated":true}]}}