{"id":5653,"date":"2024-02-06T14:28:36","date_gmt":"2024-02-06T14:28:36","guid":{"rendered":"https:\/\/www.metron-ks.com\/?post_type=product&#038;p=5653"},"modified":"2024-12-23T13:47:59","modified_gmt":"2024-12-23T13:47:59","slug":"kabllo-audio-hama-usb-c-35-mm-stereo-075-m","status":"publish","type":"product","link":"https:\/\/www.metron-ks.com\/?product=kabllo-audio-hama-usb-c-35-mm-stereo-075-m","title":{"rendered":"Kabllo audio Hama, USB-C &#8211;  3,5 mm, stereo, 0,75 m"},"content":{"rendered":"<p>Tingulli stereo HiFi<br \/>\nP\u00ebr cil\u00ebsi t\u00eb p\u00ebrsosur t\u00eb z\u00ebrit stereo HiFi me rezolucion t\u00eb lart\u00eb<\/p>\n<p>I mbrojtur<br \/>\nMbrojtje shtes\u00eb p\u00ebr reduktim t\u00eb mir\u00eb t\u00eb nd\u00ebrhyrjeve elektromagnetike<\/p>\n<p>I holl\u00eb dhe kompakt<br \/>\nLidh\u00ebsi i holl\u00eb \u00ebsht\u00eb ve\u00e7an\u00ebrisht i p\u00ebrshtatsh\u00ebm p\u00ebr pajisje t\u00eb l\u00ebvizshme dhe t\u00eb sheshta ose ku hap\u00ebsira \u00ebsht\u00eb e kufizuar<\/p>\n<p>Mbrojtje e optimizuar nga kthimi<br \/>\nMbrojtja e optimizuar nga kthesat p\u00ebrmes materialeve fleksib\u00ebl parandalon thyerjen e kabllit<\/p>\n<p>Cil\u00ebsi e shk\u00eblqyer e transmetimit<br \/>\nMaterialet me cil\u00ebsi t\u00eb lart\u00eb dhe mjesht\u00ebria sigurojn\u00eb cil\u00ebsi t\u00eb shk\u00eblqyer t\u00eb transmetimit<\/p>\n<p>Lidh\u00ebs 3.5 mm, USB-C<br \/>\nGjat\u00ebsia 0.75m<br \/>\nPC &amp; notebook<\/p>\n","protected":false},"excerpt":{"rendered":"<p>200729<\/p>\n","protected":false},"featured_media":5655,"comment_status":"open","ping_status":"closed","template":"","meta":[],"product_brand":[],"product_cat":[118,175,158],"product_tag":[],"class_list":{"0":"post-5653","1":"product","2":"type-product","3":"status-publish","4":"has-post-thumbnail","6":"product_cat-aksesore","7":"product_cat-kabllo-pajisje-zerimi","8":"product_cat-pajisje-zerimi","10":"first","11":"instock","12":"shipping-taxable","13":"purchasable","14":"product-type-simple"},"_links":{"self":[{"href":"https:\/\/www.metron-ks.com\/index.php?rest_route=\/wp\/v2\/product\/5653","targetHints":{"allow":["GET"]}}],"collection":[{"href":"https:\/\/www.metron-ks.com\/index.php?rest_route=\/wp\/v2\/product"}],"about":[{"href":"https:\/\/www.metron-ks.com\/index.php?rest_route=\/wp\/v2\/types\/product"}],"replies":[{"embeddable":true,"href":"https:\/\/www.metron-ks.com\/index.php?rest_route=%2Fwp%2Fv2%2Fcomments&post=5653"}],"wp:featuredmedia":[{"embeddable":true,"href":"https:\/\/www.metron-ks.com\/index.php?rest_route=\/wp\/v2\/media\/5655"}],"wp:attachment":[{"href":"https:\/\/www.metron-ks.com\/index.php?rest_route=%2Fwp%2Fv2%2Fmedia&parent=5653"}],"wp:term":[{"taxonomy":"product_brand","embeddable":true,"href":"https:\/\/www.metron-ks.com\/index.php?rest_route=%2Fwp%2Fv2%2Fproduct_brand&post=5653"},{"taxonomy":"product_cat","embeddable":true,"href":"https:\/\/www.metron-ks.com\/index.php?rest_route=%2Fwp%2Fv2%2Fproduct_cat&post=5653"},{"taxonomy":"product_tag","embeddable":true,"href":"https:\/\/www.metron-ks.com\/index.php?rest_route=%2Fwp%2Fv2%2Fproduct_tag&post=5653"}],"curies":[{"name":"wp","href":"https:\/\/api.w.org\/{rel}","templated":true}]}}