{"id":5685,"date":"2024-02-07T08:52:57","date_gmt":"2024-02-07T08:52:57","guid":{"rendered":"https:\/\/www.metron-ks.com\/?post_type=product&#038;p=5685"},"modified":"2024-12-23T13:45:05","modified_gmt":"2024-12-23T13:45:05","slug":"mbajtes-per-tv-hama-fix-37-90-100kg","status":"publish","type":"product","link":"https:\/\/www.metron-ks.com\/?product=mbajtes-per-tv-hama-fix-37-90-100kg","title":{"rendered":"Mbajt\u00ebs p\u00ebr tv hama fix, 37&#8243; &#8211; 90&#8243;, 100kg"},"content":{"rendered":"<p>Maks. kapaciteti i ngarkes\u00ebs 100 kg<\/p>\n<p>Gjer\u00ebsia e jashtme 86 cm<br \/>\nLart\u00ebsia e jashtme 42 cm<br \/>\nGjer\u00ebsia e pllak\u00ebs s\u00eb mbajtesit: 86cm<br \/>\nGjat\u00ebsia e pllak\u00ebs s\u00ebmbajtesit: 8&#8243; cm<br \/>\nVESA (nga-n\u00eb) 50&#215;50 &#8211; 800&#215;400<br \/>\nMadh\u00ebsia e rekomanduar e ekranit 94 &#8211; 229 cm (37&#8243; &#8211; 90&#8243;)<br \/>\n\u200b<\/p>\n","protected":false},"excerpt":{"rendered":"<p>220842<\/p>\n","protected":false},"featured_media":5686,"comment_status":"open","ping_status":"closed","template":"","meta":[],"product_brand":[],"product_cat":[118,160,138],"product_tag":[],"class_list":{"0":"post-5685","1":"product","2":"type-product","3":"status-publish","4":"has-post-thumbnail","6":"product_cat-aksesore","7":"product_cat-mbajtese-tv","8":"product_cat-tv","10":"first","11":"instock","12":"shipping-taxable","13":"purchasable","14":"product-type-simple"},"_links":{"self":[{"href":"https:\/\/www.metron-ks.com\/index.php?rest_route=\/wp\/v2\/product\/5685","targetHints":{"allow":["GET"]}}],"collection":[{"href":"https:\/\/www.metron-ks.com\/index.php?rest_route=\/wp\/v2\/product"}],"about":[{"href":"https:\/\/www.metron-ks.com\/index.php?rest_route=\/wp\/v2\/types\/product"}],"replies":[{"embeddable":true,"href":"https:\/\/www.metron-ks.com\/index.php?rest_route=%2Fwp%2Fv2%2Fcomments&post=5685"}],"wp:featuredmedia":[{"embeddable":true,"href":"https:\/\/www.metron-ks.com\/index.php?rest_route=\/wp\/v2\/media\/5686"}],"wp:attachment":[{"href":"https:\/\/www.metron-ks.com\/index.php?rest_route=%2Fwp%2Fv2%2Fmedia&parent=5685"}],"wp:term":[{"taxonomy":"product_brand","embeddable":true,"href":"https:\/\/www.metron-ks.com\/index.php?rest_route=%2Fwp%2Fv2%2Fproduct_brand&post=5685"},{"taxonomy":"product_cat","embeddable":true,"href":"https:\/\/www.metron-ks.com\/index.php?rest_route=%2Fwp%2Fv2%2Fproduct_cat&post=5685"},{"taxonomy":"product_tag","embeddable":true,"href":"https:\/\/www.metron-ks.com\/index.php?rest_route=%2Fwp%2Fv2%2Fproduct_tag&post=5685"}],"curies":[{"name":"wp","href":"https:\/\/api.w.org\/{rel}","templated":true}]}}