{"id":5780,"date":"2024-02-22T08:53:59","date_gmt":"2024-02-22T08:53:59","guid":{"rendered":"https:\/\/www.metron-ks.com\/?post_type=product&#038;p=5780"},"modified":"2025-03-11T09:22:26","modified_gmt":"2025-03-11T09:22:26","slug":"tastiere-gaming-white-shark-wakizashi-2","status":"publish","type":"product","link":"https:\/\/www.metron-ks.com\/?product=tastiere-gaming-white-shark-wakizashi-2","title":{"rendered":"Tastier\u00eb Gaming White Shark Mekanike, Wakizashi"},"content":{"rendered":"<p>Kompakt, por i fuqish\u00ebm, taste mekanik\u00eb 63\/64 me taste te kuqe p\u00ebr loj\u00ebra precize. Shijoni full anti-ghosting taste dhe ndri\u00e7im RGB me 17 efekte. Interface t\u00eb ndashme t\u00eb tipit C , \u00ebsht\u00eb e gjithanshme dhe ergonomike.<\/p>\n<p>Numri i tastevee: 63\/64<br \/>\nLloji i tastit: Mekanik &#8211; Kuqe<br \/>\nAnti-Ghosting: Full<br \/>\nNgjyra: E zez\u00eb \/ gri<br \/>\nInterface: Type-C &#8211; USB 2.0 (i shk\u00ebputsh\u00ebm)<br \/>\nGjat\u00ebsia e kabllit (m): 1,5<br \/>\nParaqitjet e disponueshme: US<br \/>\nPesha (g): 430<br \/>\nParaqitja kryesore: Kompakt<br \/>\nJet\u00ebgjat\u00ebsia: Mbi 50 M shtypje<br \/>\nNdri\u00e7imi: Efekti Rainbow \/ 17 efekte t\u00eb ndryshme<br \/>\nMateriali: Plastike<br \/>\nK\u00ebmb\u00eb shtes\u00eb n\u00eb ngritje: Po<br \/>\nDimensionet (mm): 292x105x35<\/p>\n","protected":false},"excerpt":{"rendered":"<p>GK-002111V2<\/p>\n","protected":false},"featured_media":5781,"comment_status":"open","ping_status":"closed","template":"","meta":[],"product_brand":[],"product_cat":[118,116,117],"product_tag":[],"class_list":{"0":"post-5780","1":"product","2":"type-product","3":"status-publish","4":"has-post-thumbnail","6":"product_cat-aksesore","7":"product_cat-gaming","8":"product_cat-tastiere-gaming","10":"first","11":"instock","12":"shipping-taxable","13":"purchasable","14":"product-type-simple"},"_links":{"self":[{"href":"https:\/\/www.metron-ks.com\/index.php?rest_route=\/wp\/v2\/product\/5780","targetHints":{"allow":["GET"]}}],"collection":[{"href":"https:\/\/www.metron-ks.com\/index.php?rest_route=\/wp\/v2\/product"}],"about":[{"href":"https:\/\/www.metron-ks.com\/index.php?rest_route=\/wp\/v2\/types\/product"}],"replies":[{"embeddable":true,"href":"https:\/\/www.metron-ks.com\/index.php?rest_route=%2Fwp%2Fv2%2Fcomments&post=5780"}],"wp:featuredmedia":[{"embeddable":true,"href":"https:\/\/www.metron-ks.com\/index.php?rest_route=\/wp\/v2\/media\/5781"}],"wp:attachment":[{"href":"https:\/\/www.metron-ks.com\/index.php?rest_route=%2Fwp%2Fv2%2Fmedia&parent=5780"}],"wp:term":[{"taxonomy":"product_brand","embeddable":true,"href":"https:\/\/www.metron-ks.com\/index.php?rest_route=%2Fwp%2Fv2%2Fproduct_brand&post=5780"},{"taxonomy":"product_cat","embeddable":true,"href":"https:\/\/www.metron-ks.com\/index.php?rest_route=%2Fwp%2Fv2%2Fproduct_cat&post=5780"},{"taxonomy":"product_tag","embeddable":true,"href":"https:\/\/www.metron-ks.com\/index.php?rest_route=%2Fwp%2Fv2%2Fproduct_tag&post=5780"}],"curies":[{"name":"wp","href":"https:\/\/api.w.org\/{rel}","templated":true}]}}